{"id":7401,"date":"2020-10-25T14:49:12","date_gmt":"2020-10-25T12:49:12","guid":{"rendered":"https:\/\/longaliisu.ee\/toode\/hooded-sweater-with-a-long-zipper\/"},"modified":"2020-10-27T13:25:37","modified_gmt":"2020-10-27T11:25:37","slug":"hooded-sweater-with-a-long-zipper","status":"publish","type":"product","link":"https:\/\/longaliisu.ee\/en\/product\/hooded-sweater-with-a-long-zipper\/","title":{"rendered":"Hooded sweater with a long zipper"},"content":{"rendered":"","protected":false},"excerpt":{"rendered":"<p>Attractive and practical sweater with a traditional pattern in blue and light grey.<\/p>\n<p>Estimated delivery time is 3 weeks.<\/p>\n","protected":false},"featured_media":7131,"template":"","meta":[],"product_brand":[],"product_cat":[118],"product_tag":[113,136,142],"class_list":{"0":"post-7401","1":"product","2":"type-product","3":"status-publish","4":"has-post-thumbnail","6":"product_cat-mens-sweaters","7":"product_tag-blue","8":"product_tag-grey","9":"product_tag-zipper","11":"first","12":"instock","13":"taxable","14":"shipping-taxable","15":"purchasable","16":"product-type-variable"},"yoast_head":"<!-- This site is optimized with the Yoast SEO plugin v27.3 - https:\/\/yoast.com\/product\/yoast-seo-wordpress\/ -->\n<title>Hooded sweater with a long zipper - L\u00f5nga Liisu<\/title>\n<meta name=\"description\" content=\"Attractive and practical sweater with a traditional pattern in blue and light grey\" \/>\n<meta name=\"robots\" content=\"index, follow, max-snippet:-1, max-image-preview:large, max-video-preview:-1\" \/>\n<link rel=\"canonical\" href=\"https:\/\/longaliisu.ee\/en\/product\/hooded-sweater-with-a-long-zipper\/\" \/>\n<meta property=\"og:locale\" content=\"en_US\" \/>\n<meta property=\"og:type\" content=\"article\" \/>\n<meta property=\"og:title\" content=\"Hooded sweater with a long zipper - L\u00f5nga Liisu\" \/>\n<meta property=\"og:description\" content=\"Attractive and practical sweater with a traditional pattern in blue and light grey\" \/>\n<meta property=\"og:url\" content=\"https:\/\/longaliisu.ee\/en\/product\/hooded-sweater-with-a-long-zipper\/\" \/>\n<meta property=\"og:site_name\" content=\"L\u00f5nga Liisu\" \/>\n<meta property=\"article:modified_time\" content=\"2020-10-27T11:25:37+00:00\" \/>\n<meta property=\"og:image\" content=\"https:\/\/longaliisu.ee\/wp-content\/uploads\/2020\/10\/DSC_0716.jpg\" \/>\n\t<meta property=\"og:image:width\" content=\"500\" \/>\n\t<meta property=\"og:image:height\" content=\"500\" \/>\n\t<meta property=\"og:image:type\" content=\"image\/jpeg\" \/>\n<meta name=\"twitter:card\" content=\"summary_large_image\" \/>\n<script type=\"application\/ld+json\" class=\"yoast-schema-graph\">{\"@context\":\"https:\\\/\\\/schema.org\",\"@graph\":[{\"@type\":\"WebPage\",\"@id\":\"https:\\\/\\\/longaliisu.ee\\\/en\\\/product\\\/hooded-sweater-with-a-long-zipper\\\/\",\"url\":\"https:\\\/\\\/longaliisu.ee\\\/en\\\/product\\\/hooded-sweater-with-a-long-zipper\\\/\",\"name\":\"Hooded sweater with a long zipper - L\u00f5nga Liisu\",\"isPartOf\":{\"@id\":\"https:\\\/\\\/longaliisu.ee\\\/#website\"},\"primaryImageOfPage\":{\"@id\":\"https:\\\/\\\/longaliisu.ee\\\/en\\\/product\\\/hooded-sweater-with-a-long-zipper\\\/#primaryimage\"},\"image\":{\"@id\":\"https:\\\/\\\/longaliisu.ee\\\/en\\\/product\\\/hooded-sweater-with-a-long-zipper\\\/#primaryimage\"},\"thumbnailUrl\":\"https:\\\/\\\/longaliisu.ee\\\/wp-content\\\/uploads\\\/2020\\\/10\\\/DSC_0716.jpg\",\"datePublished\":\"2020-10-25T12:49:12+00:00\",\"dateModified\":\"2020-10-27T11:25:37+00:00\",\"description\":\"Attractive and practical sweater with a traditional pattern in blue and light grey\",\"breadcrumb\":{\"@id\":\"https:\\\/\\\/longaliisu.ee\\\/en\\\/product\\\/hooded-sweater-with-a-long-zipper\\\/#breadcrumb\"},\"inLanguage\":\"en-US\",\"potentialAction\":[{\"@type\":\"ReadAction\",\"target\":[\"https:\\\/\\\/longaliisu.ee\\\/en\\\/product\\\/hooded-sweater-with-a-long-zipper\\\/\"]}]},{\"@type\":\"ImageObject\",\"inLanguage\":\"en-US\",\"@id\":\"https:\\\/\\\/longaliisu.ee\\\/en\\\/product\\\/hooded-sweater-with-a-long-zipper\\\/#primaryimage\",\"url\":\"https:\\\/\\\/longaliisu.ee\\\/wp-content\\\/uploads\\\/2020\\\/10\\\/DSC_0716.jpg\",\"contentUrl\":\"https:\\\/\\\/longaliisu.ee\\\/wp-content\\\/uploads\\\/2020\\\/10\\\/DSC_0716.jpg\",\"width\":500,\"height\":500},{\"@type\":\"BreadcrumbList\",\"@id\":\"https:\\\/\\\/longaliisu.ee\\\/en\\\/product\\\/hooded-sweater-with-a-long-zipper\\\/#breadcrumb\",\"itemListElement\":[{\"@type\":\"ListItem\",\"position\":1,\"name\":\"Home\",\"item\":\"https:\\\/\\\/longaliisu.ee\\\/en\\\/\"},{\"@type\":\"ListItem\",\"position\":2,\"name\":\"Shop\",\"item\":\"https:\\\/\\\/longaliisu.ee\\\/en\\\/e-shop\\\/\"},{\"@type\":\"ListItem\",\"position\":3,\"name\":\"Hooded sweater with a long zipper\"}]},{\"@type\":\"WebSite\",\"@id\":\"https:\\\/\\\/longaliisu.ee\\\/#website\",\"url\":\"https:\\\/\\\/longaliisu.ee\\\/\",\"name\":\"L\u00f5nga Liisu\",\"description\":\"L\u00f5nga Liisu k\u00e4sit\u00f6\u00f6 ja kudumid\",\"potentialAction\":[{\"@type\":\"SearchAction\",\"target\":{\"@type\":\"EntryPoint\",\"urlTemplate\":\"https:\\\/\\\/longaliisu.ee\\\/?s={search_term_string}\"},\"query-input\":{\"@type\":\"PropertyValueSpecification\",\"valueRequired\":true,\"valueName\":\"search_term_string\"}}],\"inLanguage\":\"en-US\"}]}<\/script>\n<!-- \/ Yoast SEO plugin. -->","yoast_head_json":{"title":"Hooded sweater with a long zipper - L\u00f5nga Liisu","description":"Attractive and practical sweater with a traditional pattern in blue and light grey","robots":{"index":"index","follow":"follow","max-snippet":"max-snippet:-1","max-image-preview":"max-image-preview:large","max-video-preview":"max-video-preview:-1"},"canonical":"https:\/\/longaliisu.ee\/en\/product\/hooded-sweater-with-a-long-zipper\/","og_locale":"en_US","og_type":"article","og_title":"Hooded sweater with a long zipper - L\u00f5nga Liisu","og_description":"Attractive and practical sweater with a traditional pattern in blue and light grey","og_url":"https:\/\/longaliisu.ee\/en\/product\/hooded-sweater-with-a-long-zipper\/","og_site_name":"L\u00f5nga Liisu","article_modified_time":"2020-10-27T11:25:37+00:00","og_image":[{"width":500,"height":500,"url":"https:\/\/longaliisu.ee\/wp-content\/uploads\/2020\/10\/DSC_0716.jpg","type":"image\/jpeg"}],"twitter_card":"summary_large_image","schema":{"@context":"https:\/\/schema.org","@graph":[{"@type":"WebPage","@id":"https:\/\/longaliisu.ee\/en\/product\/hooded-sweater-with-a-long-zipper\/","url":"https:\/\/longaliisu.ee\/en\/product\/hooded-sweater-with-a-long-zipper\/","name":"Hooded sweater with a long zipper - L\u00f5nga Liisu","isPartOf":{"@id":"https:\/\/longaliisu.ee\/#website"},"primaryImageOfPage":{"@id":"https:\/\/longaliisu.ee\/en\/product\/hooded-sweater-with-a-long-zipper\/#primaryimage"},"image":{"@id":"https:\/\/longaliisu.ee\/en\/product\/hooded-sweater-with-a-long-zipper\/#primaryimage"},"thumbnailUrl":"https:\/\/longaliisu.ee\/wp-content\/uploads\/2020\/10\/DSC_0716.jpg","datePublished":"2020-10-25T12:49:12+00:00","dateModified":"2020-10-27T11:25:37+00:00","description":"Attractive and practical sweater with a traditional pattern in blue and light grey","breadcrumb":{"@id":"https:\/\/longaliisu.ee\/en\/product\/hooded-sweater-with-a-long-zipper\/#breadcrumb"},"inLanguage":"en-US","potentialAction":[{"@type":"ReadAction","target":["https:\/\/longaliisu.ee\/en\/product\/hooded-sweater-with-a-long-zipper\/"]}]},{"@type":"ImageObject","inLanguage":"en-US","@id":"https:\/\/longaliisu.ee\/en\/product\/hooded-sweater-with-a-long-zipper\/#primaryimage","url":"https:\/\/longaliisu.ee\/wp-content\/uploads\/2020\/10\/DSC_0716.jpg","contentUrl":"https:\/\/longaliisu.ee\/wp-content\/uploads\/2020\/10\/DSC_0716.jpg","width":500,"height":500},{"@type":"BreadcrumbList","@id":"https:\/\/longaliisu.ee\/en\/product\/hooded-sweater-with-a-long-zipper\/#breadcrumb","itemListElement":[{"@type":"ListItem","position":1,"name":"Home","item":"https:\/\/longaliisu.ee\/en\/"},{"@type":"ListItem","position":2,"name":"Shop","item":"https:\/\/longaliisu.ee\/en\/e-shop\/"},{"@type":"ListItem","position":3,"name":"Hooded sweater with a long zipper"}]},{"@type":"WebSite","@id":"https:\/\/longaliisu.ee\/#website","url":"https:\/\/longaliisu.ee\/","name":"L\u00f5nga Liisu","description":"L\u00f5nga Liisu k\u00e4sit\u00f6\u00f6 ja kudumid","potentialAction":[{"@type":"SearchAction","target":{"@type":"EntryPoint","urlTemplate":"https:\/\/longaliisu.ee\/?s={search_term_string}"},"query-input":{"@type":"PropertyValueSpecification","valueRequired":true,"valueName":"search_term_string"}}],"inLanguage":"en-US"}]}},"_links":{"self":[{"href":"https:\/\/longaliisu.ee\/en\/wp-json\/wp\/v2\/product\/7401","targetHints":{"allow":["GET"]}}],"collection":[{"href":"https:\/\/longaliisu.ee\/en\/wp-json\/wp\/v2\/product"}],"about":[{"href":"https:\/\/longaliisu.ee\/en\/wp-json\/wp\/v2\/types\/product"}],"wp:featuredmedia":[{"embeddable":true,"href":"https:\/\/longaliisu.ee\/en\/wp-json\/wp\/v2\/media\/7131"}],"wp:attachment":[{"href":"https:\/\/longaliisu.ee\/en\/wp-json\/wp\/v2\/media?parent=7401"}],"wp:term":[{"taxonomy":"product_brand","embeddable":true,"href":"https:\/\/longaliisu.ee\/en\/wp-json\/wp\/v2\/product_brand?post=7401"},{"taxonomy":"product_cat","embeddable":true,"href":"https:\/\/longaliisu.ee\/en\/wp-json\/wp\/v2\/product_cat?post=7401"},{"taxonomy":"product_tag","embeddable":true,"href":"https:\/\/longaliisu.ee\/en\/wp-json\/wp\/v2\/product_tag?post=7401"}],"curies":[{"name":"wp","href":"https:\/\/api.w.org\/{rel}","templated":true}]}}