{"id":3339,"date":"2017-04-14T18:15:14","date_gmt":"2017-06-06T08:31:39","guid":{"rendered":"https:\/\/longaliisu.ee\/?post_type=product&#038;p=3339"},"modified":"2020-10-27T11:26:24","modified_gmt":"2020-10-27T09:26:24","slug":"for-a-special-person","status":"publish","type":"product","link":"https:\/\/longaliisu.ee\/en\/product\/for-a-special-person\/","title":{"rendered":"For a special person"},"content":{"rendered":"","protected":false},"excerpt":{"rendered":"<p>White and red set with national pattern.\u00a0<\/p>\n<p>Scarf (one size): width 15-16cm, length 150 cm.<\/p>\n<p>Estimated delivery time is 3 weeks.<\/p>\n","protected":false},"featured_media":2357,"template":"","meta":[],"product_brand":[],"product_cat":[116],"product_tag":[115,150,114],"class_list":{"0":"post-3339","1":"product","2":"type-product","3":"status-publish","4":"has-post-thumbnail","6":"product_cat-sets-scarf-hat-gloves","7":"product_tag-national-motif","8":"product_tag-red","9":"product_tag-white","11":"first","12":"instock","13":"taxable","14":"shipping-taxable","15":"purchasable","16":"product-type-variable"},"yoast_head":"<!-- This site is optimized with the Yoast SEO plugin v27.3 - https:\/\/yoast.com\/product\/yoast-seo-wordpress\/ -->\n<title>For a special person - L\u00f5nga Liisu<\/title>\n<meta name=\"description\" content=\"White and red set with national pattern\" \/>\n<meta name=\"robots\" content=\"index, follow, max-snippet:-1, max-image-preview:large, max-video-preview:-1\" \/>\n<link rel=\"canonical\" href=\"https:\/\/longaliisu.ee\/en\/product\/for-a-special-person\/\" \/>\n<meta property=\"og:locale\" content=\"en_US\" \/>\n<meta property=\"og:type\" content=\"article\" \/>\n<meta property=\"og:title\" content=\"For a special person - L\u00f5nga Liisu\" \/>\n<meta property=\"og:description\" content=\"White and red set with national pattern\" \/>\n<meta property=\"og:url\" content=\"https:\/\/longaliisu.ee\/en\/product\/for-a-special-person\/\" \/>\n<meta property=\"og:site_name\" content=\"L\u00f5nga Liisu\" \/>\n<meta property=\"article:modified_time\" content=\"2020-10-27T09:26:24+00:00\" \/>\n<meta property=\"og:image\" content=\"https:\/\/longaliisu.ee\/wp-content\/uploads\/2017\/04\/DSC_0649.jpg\" \/>\n\t<meta property=\"og:image:width\" content=\"500\" \/>\n\t<meta property=\"og:image:height\" content=\"500\" \/>\n\t<meta property=\"og:image:type\" content=\"image\/jpeg\" \/>\n<meta name=\"twitter:card\" content=\"summary_large_image\" \/>\n<script type=\"application\/ld+json\" class=\"yoast-schema-graph\">{\"@context\":\"https:\\\/\\\/schema.org\",\"@graph\":[{\"@type\":\"WebPage\",\"@id\":\"https:\\\/\\\/longaliisu.ee\\\/en\\\/product\\\/for-a-special-person\\\/\",\"url\":\"https:\\\/\\\/longaliisu.ee\\\/en\\\/product\\\/for-a-special-person\\\/\",\"name\":\"For a special person - L\u00f5nga Liisu\",\"isPartOf\":{\"@id\":\"https:\\\/\\\/longaliisu.ee\\\/#website\"},\"primaryImageOfPage\":{\"@id\":\"https:\\\/\\\/longaliisu.ee\\\/en\\\/product\\\/for-a-special-person\\\/#primaryimage\"},\"image\":{\"@id\":\"https:\\\/\\\/longaliisu.ee\\\/en\\\/product\\\/for-a-special-person\\\/#primaryimage\"},\"thumbnailUrl\":\"https:\\\/\\\/longaliisu.ee\\\/wp-content\\\/uploads\\\/2017\\\/04\\\/DSC_0649.jpg\",\"datePublished\":\"2017-06-06T08:31:39+00:00\",\"dateModified\":\"2020-10-27T09:26:24+00:00\",\"description\":\"White and red set with national pattern\",\"breadcrumb\":{\"@id\":\"https:\\\/\\\/longaliisu.ee\\\/en\\\/product\\\/for-a-special-person\\\/#breadcrumb\"},\"inLanguage\":\"en-US\",\"potentialAction\":[{\"@type\":\"ReadAction\",\"target\":[\"https:\\\/\\\/longaliisu.ee\\\/en\\\/product\\\/for-a-special-person\\\/\"]}]},{\"@type\":\"ImageObject\",\"inLanguage\":\"en-US\",\"@id\":\"https:\\\/\\\/longaliisu.ee\\\/en\\\/product\\\/for-a-special-person\\\/#primaryimage\",\"url\":\"https:\\\/\\\/longaliisu.ee\\\/wp-content\\\/uploads\\\/2017\\\/04\\\/DSC_0649.jpg\",\"contentUrl\":\"https:\\\/\\\/longaliisu.ee\\\/wp-content\\\/uploads\\\/2017\\\/04\\\/DSC_0649.jpg\",\"width\":500,\"height\":500},{\"@type\":\"BreadcrumbList\",\"@id\":\"https:\\\/\\\/longaliisu.ee\\\/en\\\/product\\\/for-a-special-person\\\/#breadcrumb\",\"itemListElement\":[{\"@type\":\"ListItem\",\"position\":1,\"name\":\"Home\",\"item\":\"https:\\\/\\\/longaliisu.ee\\\/en\\\/\"},{\"@type\":\"ListItem\",\"position\":2,\"name\":\"Shop\",\"item\":\"https:\\\/\\\/longaliisu.ee\\\/en\\\/e-shop\\\/\"},{\"@type\":\"ListItem\",\"position\":3,\"name\":\"For a special person\"}]},{\"@type\":\"WebSite\",\"@id\":\"https:\\\/\\\/longaliisu.ee\\\/#website\",\"url\":\"https:\\\/\\\/longaliisu.ee\\\/\",\"name\":\"L\u00f5nga Liisu\",\"description\":\"L\u00f5nga Liisu k\u00e4sit\u00f6\u00f6 ja kudumid\",\"potentialAction\":[{\"@type\":\"SearchAction\",\"target\":{\"@type\":\"EntryPoint\",\"urlTemplate\":\"https:\\\/\\\/longaliisu.ee\\\/?s={search_term_string}\"},\"query-input\":{\"@type\":\"PropertyValueSpecification\",\"valueRequired\":true,\"valueName\":\"search_term_string\"}}],\"inLanguage\":\"en-US\"}]}<\/script>\n<!-- \/ Yoast SEO plugin. -->","yoast_head_json":{"title":"For a special person - L\u00f5nga Liisu","description":"White and red set with national pattern","robots":{"index":"index","follow":"follow","max-snippet":"max-snippet:-1","max-image-preview":"max-image-preview:large","max-video-preview":"max-video-preview:-1"},"canonical":"https:\/\/longaliisu.ee\/en\/product\/for-a-special-person\/","og_locale":"en_US","og_type":"article","og_title":"For a special person - L\u00f5nga Liisu","og_description":"White and red set with national pattern","og_url":"https:\/\/longaliisu.ee\/en\/product\/for-a-special-person\/","og_site_name":"L\u00f5nga Liisu","article_modified_time":"2020-10-27T09:26:24+00:00","og_image":[{"width":500,"height":500,"url":"https:\/\/longaliisu.ee\/wp-content\/uploads\/2017\/04\/DSC_0649.jpg","type":"image\/jpeg"}],"twitter_card":"summary_large_image","schema":{"@context":"https:\/\/schema.org","@graph":[{"@type":"WebPage","@id":"https:\/\/longaliisu.ee\/en\/product\/for-a-special-person\/","url":"https:\/\/longaliisu.ee\/en\/product\/for-a-special-person\/","name":"For a special person - L\u00f5nga Liisu","isPartOf":{"@id":"https:\/\/longaliisu.ee\/#website"},"primaryImageOfPage":{"@id":"https:\/\/longaliisu.ee\/en\/product\/for-a-special-person\/#primaryimage"},"image":{"@id":"https:\/\/longaliisu.ee\/en\/product\/for-a-special-person\/#primaryimage"},"thumbnailUrl":"https:\/\/longaliisu.ee\/wp-content\/uploads\/2017\/04\/DSC_0649.jpg","datePublished":"2017-06-06T08:31:39+00:00","dateModified":"2020-10-27T09:26:24+00:00","description":"White and red set with national pattern","breadcrumb":{"@id":"https:\/\/longaliisu.ee\/en\/product\/for-a-special-person\/#breadcrumb"},"inLanguage":"en-US","potentialAction":[{"@type":"ReadAction","target":["https:\/\/longaliisu.ee\/en\/product\/for-a-special-person\/"]}]},{"@type":"ImageObject","inLanguage":"en-US","@id":"https:\/\/longaliisu.ee\/en\/product\/for-a-special-person\/#primaryimage","url":"https:\/\/longaliisu.ee\/wp-content\/uploads\/2017\/04\/DSC_0649.jpg","contentUrl":"https:\/\/longaliisu.ee\/wp-content\/uploads\/2017\/04\/DSC_0649.jpg","width":500,"height":500},{"@type":"BreadcrumbList","@id":"https:\/\/longaliisu.ee\/en\/product\/for-a-special-person\/#breadcrumb","itemListElement":[{"@type":"ListItem","position":1,"name":"Home","item":"https:\/\/longaliisu.ee\/en\/"},{"@type":"ListItem","position":2,"name":"Shop","item":"https:\/\/longaliisu.ee\/en\/e-shop\/"},{"@type":"ListItem","position":3,"name":"For a special person"}]},{"@type":"WebSite","@id":"https:\/\/longaliisu.ee\/#website","url":"https:\/\/longaliisu.ee\/","name":"L\u00f5nga Liisu","description":"L\u00f5nga Liisu k\u00e4sit\u00f6\u00f6 ja kudumid","potentialAction":[{"@type":"SearchAction","target":{"@type":"EntryPoint","urlTemplate":"https:\/\/longaliisu.ee\/?s={search_term_string}"},"query-input":{"@type":"PropertyValueSpecification","valueRequired":true,"valueName":"search_term_string"}}],"inLanguage":"en-US"}]}},"_links":{"self":[{"href":"https:\/\/longaliisu.ee\/en\/wp-json\/wp\/v2\/product\/3339","targetHints":{"allow":["GET"]}}],"collection":[{"href":"https:\/\/longaliisu.ee\/en\/wp-json\/wp\/v2\/product"}],"about":[{"href":"https:\/\/longaliisu.ee\/en\/wp-json\/wp\/v2\/types\/product"}],"wp:featuredmedia":[{"embeddable":true,"href":"https:\/\/longaliisu.ee\/en\/wp-json\/wp\/v2\/media\/2357"}],"wp:attachment":[{"href":"https:\/\/longaliisu.ee\/en\/wp-json\/wp\/v2\/media?parent=3339"}],"wp:term":[{"taxonomy":"product_brand","embeddable":true,"href":"https:\/\/longaliisu.ee\/en\/wp-json\/wp\/v2\/product_brand?post=3339"},{"taxonomy":"product_cat","embeddable":true,"href":"https:\/\/longaliisu.ee\/en\/wp-json\/wp\/v2\/product_cat?post=3339"},{"taxonomy":"product_tag","embeddable":true,"href":"https:\/\/longaliisu.ee\/en\/wp-json\/wp\/v2\/product_tag?post=3339"}],"curies":[{"name":"wp","href":"https:\/\/api.w.org\/{rel}","templated":true}]}}