{"id":3231,"date":"2017-03-21T16:42:39","date_gmt":"2017-06-05T19:13:47","guid":{"rendered":"https:\/\/longaliisu.ee\/?post_type=product&#038;p=3231"},"modified":"2022-09-22T10:23:09","modified_gmt":"2022-09-22T07:23:09","slug":"green-hat-in-joyful-tones","status":"publish","type":"product","link":"https:\/\/longaliisu.ee\/en\/product\/green-hat-in-joyful-tones\/","title":{"rendered":"Green hat in joyful tones"},"content":{"rendered":"","protected":false},"excerpt":{"rendered":"<p>Beautiful hat in white and bright green with a national pattern.<\/p>\n<p>Estimated delivery time is 3 weeks.<\/p>\n","protected":false},"featured_media":2221,"template":"","meta":[],"product_brand":[],"product_cat":[122],"product_tag":[151,101,114],"class_list":{"0":"post-3231","1":"product","2":"type-product","3":"status-publish","4":"has-post-thumbnail","6":"product_cat-adults-short-hats","7":"product_tag-green","8":"product_tag-ornament-en","9":"product_tag-white","11":"first","12":"instock","13":"taxable","14":"shipping-taxable","15":"purchasable","16":"product-type-variable"},"yoast_head":"<!-- This site is optimized with the Yoast SEO plugin v27.3 - https:\/\/yoast.com\/product\/yoast-seo-wordpress\/ -->\n<title>Green hat in joyful tones - L\u00f5nga Liisu<\/title>\n<meta name=\"description\" content=\"Beautiful hat in white and bright green with a national pattern.\" \/>\n<meta name=\"robots\" content=\"index, follow, max-snippet:-1, max-image-preview:large, max-video-preview:-1\" \/>\n<link rel=\"canonical\" href=\"https:\/\/longaliisu.ee\/en\/product\/green-hat-in-joyful-tones\/\" \/>\n<meta property=\"og:locale\" content=\"en_US\" \/>\n<meta property=\"og:type\" content=\"article\" \/>\n<meta property=\"og:title\" content=\"Green hat in joyful tones - L\u00f5nga Liisu\" \/>\n<meta property=\"og:description\" content=\"Beautiful hat in white and bright green with a national pattern.\" \/>\n<meta property=\"og:url\" content=\"https:\/\/longaliisu.ee\/en\/product\/green-hat-in-joyful-tones\/\" \/>\n<meta property=\"og:site_name\" content=\"L\u00f5nga Liisu\" \/>\n<meta property=\"article:modified_time\" content=\"2022-09-22T07:23:09+00:00\" \/>\n<meta property=\"og:image\" content=\"https:\/\/longaliisu.ee\/wp-content\/uploads\/2017\/03\/DSC_0314.jpg\" \/>\n\t<meta property=\"og:image:width\" content=\"500\" \/>\n\t<meta property=\"og:image:height\" content=\"500\" \/>\n\t<meta property=\"og:image:type\" content=\"image\/jpeg\" \/>\n<meta name=\"twitter:card\" content=\"summary_large_image\" \/>\n<script type=\"application\/ld+json\" class=\"yoast-schema-graph\">{\"@context\":\"https:\\\/\\\/schema.org\",\"@graph\":[{\"@type\":\"WebPage\",\"@id\":\"https:\\\/\\\/longaliisu.ee\\\/en\\\/product\\\/green-hat-in-joyful-tones\\\/\",\"url\":\"https:\\\/\\\/longaliisu.ee\\\/en\\\/product\\\/green-hat-in-joyful-tones\\\/\",\"name\":\"Green hat in joyful tones - L\u00f5nga Liisu\",\"isPartOf\":{\"@id\":\"https:\\\/\\\/longaliisu.ee\\\/#website\"},\"primaryImageOfPage\":{\"@id\":\"https:\\\/\\\/longaliisu.ee\\\/en\\\/product\\\/green-hat-in-joyful-tones\\\/#primaryimage\"},\"image\":{\"@id\":\"https:\\\/\\\/longaliisu.ee\\\/en\\\/product\\\/green-hat-in-joyful-tones\\\/#primaryimage\"},\"thumbnailUrl\":\"https:\\\/\\\/longaliisu.ee\\\/wp-content\\\/uploads\\\/2017\\\/03\\\/DSC_0314.jpg\",\"datePublished\":\"2017-06-05T19:13:47+00:00\",\"dateModified\":\"2022-09-22T07:23:09+00:00\",\"description\":\"Beautiful hat in white and bright green with a national pattern.\",\"breadcrumb\":{\"@id\":\"https:\\\/\\\/longaliisu.ee\\\/en\\\/product\\\/green-hat-in-joyful-tones\\\/#breadcrumb\"},\"inLanguage\":\"en-US\",\"potentialAction\":[{\"@type\":\"ReadAction\",\"target\":[\"https:\\\/\\\/longaliisu.ee\\\/en\\\/product\\\/green-hat-in-joyful-tones\\\/\"]}]},{\"@type\":\"ImageObject\",\"inLanguage\":\"en-US\",\"@id\":\"https:\\\/\\\/longaliisu.ee\\\/en\\\/product\\\/green-hat-in-joyful-tones\\\/#primaryimage\",\"url\":\"https:\\\/\\\/longaliisu.ee\\\/wp-content\\\/uploads\\\/2017\\\/03\\\/DSC_0314.jpg\",\"contentUrl\":\"https:\\\/\\\/longaliisu.ee\\\/wp-content\\\/uploads\\\/2017\\\/03\\\/DSC_0314.jpg\",\"width\":500,\"height\":500},{\"@type\":\"BreadcrumbList\",\"@id\":\"https:\\\/\\\/longaliisu.ee\\\/en\\\/product\\\/green-hat-in-joyful-tones\\\/#breadcrumb\",\"itemListElement\":[{\"@type\":\"ListItem\",\"position\":1,\"name\":\"Home\",\"item\":\"https:\\\/\\\/longaliisu.ee\\\/en\\\/\"},{\"@type\":\"ListItem\",\"position\":2,\"name\":\"Shop\",\"item\":\"https:\\\/\\\/longaliisu.ee\\\/en\\\/e-shop\\\/\"},{\"@type\":\"ListItem\",\"position\":3,\"name\":\"Green hat in joyful tones\"}]},{\"@type\":\"WebSite\",\"@id\":\"https:\\\/\\\/longaliisu.ee\\\/#website\",\"url\":\"https:\\\/\\\/longaliisu.ee\\\/\",\"name\":\"L\u00f5nga Liisu\",\"description\":\"L\u00f5nga Liisu k\u00e4sit\u00f6\u00f6 ja kudumid\",\"potentialAction\":[{\"@type\":\"SearchAction\",\"target\":{\"@type\":\"EntryPoint\",\"urlTemplate\":\"https:\\\/\\\/longaliisu.ee\\\/?s={search_term_string}\"},\"query-input\":{\"@type\":\"PropertyValueSpecification\",\"valueRequired\":true,\"valueName\":\"search_term_string\"}}],\"inLanguage\":\"en-US\"}]}<\/script>\n<!-- \/ Yoast SEO plugin. -->","yoast_head_json":{"title":"Green hat in joyful tones - L\u00f5nga Liisu","description":"Beautiful hat in white and bright green with a national pattern.","robots":{"index":"index","follow":"follow","max-snippet":"max-snippet:-1","max-image-preview":"max-image-preview:large","max-video-preview":"max-video-preview:-1"},"canonical":"https:\/\/longaliisu.ee\/en\/product\/green-hat-in-joyful-tones\/","og_locale":"en_US","og_type":"article","og_title":"Green hat in joyful tones - L\u00f5nga Liisu","og_description":"Beautiful hat in white and bright green with a national pattern.","og_url":"https:\/\/longaliisu.ee\/en\/product\/green-hat-in-joyful-tones\/","og_site_name":"L\u00f5nga Liisu","article_modified_time":"2022-09-22T07:23:09+00:00","og_image":[{"width":500,"height":500,"url":"https:\/\/longaliisu.ee\/wp-content\/uploads\/2017\/03\/DSC_0314.jpg","type":"image\/jpeg"}],"twitter_card":"summary_large_image","schema":{"@context":"https:\/\/schema.org","@graph":[{"@type":"WebPage","@id":"https:\/\/longaliisu.ee\/en\/product\/green-hat-in-joyful-tones\/","url":"https:\/\/longaliisu.ee\/en\/product\/green-hat-in-joyful-tones\/","name":"Green hat in joyful tones - L\u00f5nga Liisu","isPartOf":{"@id":"https:\/\/longaliisu.ee\/#website"},"primaryImageOfPage":{"@id":"https:\/\/longaliisu.ee\/en\/product\/green-hat-in-joyful-tones\/#primaryimage"},"image":{"@id":"https:\/\/longaliisu.ee\/en\/product\/green-hat-in-joyful-tones\/#primaryimage"},"thumbnailUrl":"https:\/\/longaliisu.ee\/wp-content\/uploads\/2017\/03\/DSC_0314.jpg","datePublished":"2017-06-05T19:13:47+00:00","dateModified":"2022-09-22T07:23:09+00:00","description":"Beautiful hat in white and bright green with a national pattern.","breadcrumb":{"@id":"https:\/\/longaliisu.ee\/en\/product\/green-hat-in-joyful-tones\/#breadcrumb"},"inLanguage":"en-US","potentialAction":[{"@type":"ReadAction","target":["https:\/\/longaliisu.ee\/en\/product\/green-hat-in-joyful-tones\/"]}]},{"@type":"ImageObject","inLanguage":"en-US","@id":"https:\/\/longaliisu.ee\/en\/product\/green-hat-in-joyful-tones\/#primaryimage","url":"https:\/\/longaliisu.ee\/wp-content\/uploads\/2017\/03\/DSC_0314.jpg","contentUrl":"https:\/\/longaliisu.ee\/wp-content\/uploads\/2017\/03\/DSC_0314.jpg","width":500,"height":500},{"@type":"BreadcrumbList","@id":"https:\/\/longaliisu.ee\/en\/product\/green-hat-in-joyful-tones\/#breadcrumb","itemListElement":[{"@type":"ListItem","position":1,"name":"Home","item":"https:\/\/longaliisu.ee\/en\/"},{"@type":"ListItem","position":2,"name":"Shop","item":"https:\/\/longaliisu.ee\/en\/e-shop\/"},{"@type":"ListItem","position":3,"name":"Green hat in joyful tones"}]},{"@type":"WebSite","@id":"https:\/\/longaliisu.ee\/#website","url":"https:\/\/longaliisu.ee\/","name":"L\u00f5nga Liisu","description":"L\u00f5nga Liisu k\u00e4sit\u00f6\u00f6 ja kudumid","potentialAction":[{"@type":"SearchAction","target":{"@type":"EntryPoint","urlTemplate":"https:\/\/longaliisu.ee\/?s={search_term_string}"},"query-input":{"@type":"PropertyValueSpecification","valueRequired":true,"valueName":"search_term_string"}}],"inLanguage":"en-US"}]}},"_links":{"self":[{"href":"https:\/\/longaliisu.ee\/en\/wp-json\/wp\/v2\/product\/3231","targetHints":{"allow":["GET"]}}],"collection":[{"href":"https:\/\/longaliisu.ee\/en\/wp-json\/wp\/v2\/product"}],"about":[{"href":"https:\/\/longaliisu.ee\/en\/wp-json\/wp\/v2\/types\/product"}],"wp:featuredmedia":[{"embeddable":true,"href":"https:\/\/longaliisu.ee\/en\/wp-json\/wp\/v2\/media\/2221"}],"wp:attachment":[{"href":"https:\/\/longaliisu.ee\/en\/wp-json\/wp\/v2\/media?parent=3231"}],"wp:term":[{"taxonomy":"product_brand","embeddable":true,"href":"https:\/\/longaliisu.ee\/en\/wp-json\/wp\/v2\/product_brand?post=3231"},{"taxonomy":"product_cat","embeddable":true,"href":"https:\/\/longaliisu.ee\/en\/wp-json\/wp\/v2\/product_cat?post=3231"},{"taxonomy":"product_tag","embeddable":true,"href":"https:\/\/longaliisu.ee\/en\/wp-json\/wp\/v2\/product_tag?post=3231"}],"curies":[{"name":"wp","href":"https:\/\/api.w.org\/{rel}","templated":true}]}}