{"id":5312,"date":"2019-04-09T15:31:27","date_gmt":"2019-04-09T12:31:27","guid":{"rendered":"https:\/\/longaliisu.ee\/?page_id=5312"},"modified":"2025-03-06T17:30:54","modified_gmt":"2025-03-06T15:30:54","slug":"privacy-policy-and-use-of-cookies","status":"publish","type":"page","link":"https:\/\/longaliisu.ee\/en\/privacy-policy-and-use-of-cookies\/","title":{"rendered":"Privaatsuspoliitika ja k\u00fcpsiste kasutamine"},"content":{"rendered":"<div class=\"fusion-fullwidth fullwidth-box fusion-builder-row-1 nonhundred-percent-fullwidth non-hundred-percent-height-scrolling\" style=\"--awb-border-radius-top-left:0px;--awb-border-radius-top-right:0px;--awb-border-radius-bottom-right:0px;--awb-border-radius-bottom-left:0px;--awb-flex-wrap:wrap;\" ><div class=\"fusion-builder-row fusion-row\"><div class=\"fusion-layout-column fusion_builder_column fusion-builder-column-0 fusion_builder_column_1_1 1_1 fusion-one-full fusion-column-first fusion-column-last\" style=\"--awb-bg-size:cover;\"><div class=\"fusion-column-wrapper fusion-flex-column-wrapper-legacy\"><div class=\"fusion-text fusion-text-1\"><p>K\u00e4esolev Privaatsuspoliitika ja k\u00fcpsiste kasutamise teavitus (edaspidi teavitus) sisaldab kasulikku infot selle kohta, kuidas ja milleks L\u00f5nga Liisu O\u00dc isikuandmeid (andmeid) kogub, t\u00f6\u00f6tleb ja jagab. Privaatsuspoliitika l\u00e4htub andmekaitse \u00fcldregulatsioonist (<em>GDPR \u2013 General Data Protection Regulation<\/em>).<\/p>\n<p>Privaatsuspoliitika eesm\u00e4rk on kaitsta klientide privaatsust koosk\u00f5las Eesti Vabariigi seaduste ning Euroopa Liidu \u00f5igusaktidega.<\/p>\n<p><strong>Kasutades meie veebilehte, n\u00f5ustute k\u00fcpsiste kasutamisega ja isikuandmete t\u00f6\u00f6tlemise tingimustega nagu on kirjeldatud meie Privaatsuspoliitika ja k\u00fcpsiste kasutamises.<\/strong><\/p>\n<p>Kehtiv alates 25.05.2018<\/p>\n<h2>Isikuandmete kogumine ja kasutamine<\/h2>\n<p>\u201eIsikuandmed\u201c on mis tahes teave tuvastatud v\u00f5i tuvastatava f\u00fc\u00fcsilise isiku kohta, n\u00e4iteks nimi, aadress, e-posti aadress ning teave meie kodulehe k\u00fclastuste, sotsiaalmeedia kanalite ja meie teenuste kasutamise kohta.<\/p>\n<p>Isikuandmeid t\u00f6\u00f6tleme me selleks, et t\u00e4ita nii oma lepingulisi kohustusi kui ka pakkuda potentsiaalsetele klientidele kvaliteetsemat teenust ja informatsiooni.<\/p>\n<p>L\u00f5nga Liisu O\u00dc turunduskanalitest (sh koduleht) kogume me andmeid nende kasutamise ja potentsiaalsete klientide huvide kohta, et paremini m\u00f5ista meie klientide tegelikke huve, pakkuda kvaliteetsemat informatsiooni ja t\u00e4iustada kodulehe funktsionaalsust ning kasutajas\u00f5bralikkust.<\/p>\n<p>Sellisel juhul on t\u00f6\u00f6tlemise \u00f5iguslikuks aluseks meie \u00f5igustatud huvi m\u00f5ista paremini klientide vajadusi ja pakkuda paremat teenust.<\/p>\n<p>N\u00e4iteks t\u00f6\u00f6tleb L\u00f5nga Liisu O\u00dc andmeid kliendi ostuk\u00e4itumise kohta eesm\u00e4rgiga pakkuda kliendile tema eelistatud pakkumisi ja sisu.<\/p>\n<p>L\u00f5nga Liisu O\u00dc on isikuandmete vastutav t\u00f6\u00f6tleja ning k\u00fcsimuste korral kirjuta ylle@longaliisu.ee. L\u00f5nga Liisu O\u00dc edastab maksete teostamiseks vajalikud isikuandmed volitatud t\u00f6\u00f6tleja Maksekeskus AS-ile.<\/p>\n<p><strong>Isikuandmete kogumine v\u00f5ib toimuda j\u00e4rgnevatel viisidel:<\/strong><\/p>\n<ul>\n<li>kontaktandmete (sh sinu nimi, postiaadress, telefoninumber, e-posti aadress) esitamisel meie veebisaidil v\u00f5i mujal (n\u00e4it. m\u00fc\u00fcgitoast);<\/li>\n<li>veebisaidi kasutamisel k\u00fcpsiste (<em>cookies<\/em>) kaudu (sh brauseri liik, seadme t\u00fc\u00fcp, suhtluskeel, veebisaidi aadress, kust kasutaja saabus, milliseid sisulehti uuris ning kasutaja IP-aadress ja muud liiklusandmed.);<\/li>\n<li>ostu v\u00f5i tellimuse sooritamisel meie m\u00fc\u00fcgisalongis v\u00f5i e-poes;<\/li>\n<li>kasutaja toimingud seoses L\u00f5nga Liisu O\u00dc e-kirjadega;<\/li>\n<li>muud isikuandmed, mille te olete teinud avalikult k\u00e4ttesaadavaks v\u00f5i meile k\u00e4ttesaadavaks kolmandate isikute sotsiaalv\u00f5rgustikes nagu LinkedIn, Facebook, Google Plus, Instagram jt. L\u00f5nga Liisu O\u00dc ei t\u00f6\u00f6tle vastutava t\u00f6\u00f6tlejana isikuandmete eriliike.<\/li>\n<\/ul>\n<h2>Kuidas andmeid kogutakse<\/h2>\n<p>\u00dcldjuhul kogume me isikuandmeid otse andmesubjektidelt ja nende n\u00f5usolekul. Lisaks sellele kasutame me automaatseid andmekogumisvahendeid, sealhulgas k\u00fcpsiseid ja muid j\u00e4lgimisvahendeid, et optimeerida meie \u00a0kodulehe kasutajakogemust ja pakkuda klientidele paremaid teenuseid.<\/p>\n<p><strong>K\u00fcpsised ning nendest vabanemine<\/strong><\/p>\n<p>K\u00fcpsis (<em>cookie<\/em>) on v\u00e4ikesemahuline tekstifail, mille veebiserver saadab kasutaja veebilehitsejale ja mis salvestatakse kasutaja arvuti k\u00f5vakettale ning mis v\u00f5imaldab meelde j\u00e4tta kasutaja eelistused nagu kirjasuurus, suhtluskeel, seadmeinfo, k\u00fclastusstatistika jms<\/p>\n<p>K\u00f5ik veebisirvijad on vaikimisi seatud k\u00fcpsiseid lubama, kuid veebisirvija seadeid saab \u00fcldjuhul muuta selliselt, et veebilehitseja keeldub k\u00fcpsistest t\u00e4ielikult, blokeerib kolmandate isikute k\u00fcpsised v\u00f5i teavitab kasutajat igast saadetud k\u00fcpsisest.<\/p>\n<p><strong>L\u00f5nga Liisu O\u00dc kasutab j\u00e4rgmiseid k\u00fcpsiseid:<\/strong><\/p>\n<ul>\n<li>Seansik\u00fcpsised (ajutised k\u00fcpsised), mille eesm\u00e4rk on v\u00f5imaldada teenuse kasutamist.<\/li>\n<li>P\u00fcsik\u00fcpsised (salvestuvad kasutaja arvutisse p\u00e4rast veebilehitseja sulgemist), mille eesm\u00e4rk on pidada meeles kliendi valikuid L\u00f5nga Liisu O\u00dc veebilehtedel.<\/li>\n<\/ul>\n<p><strong>T\u00e4psemalt \u00f6eldes kasutab L\u00f5nga Liisu O\u00dc:<\/strong><\/p>\n<ul>\n<li>anal\u00fc\u00fctilisi k\u00fcpsiseid, mis koguvad teavet selle kohta, kuidas veebilehte kasutatakse. N\u00e4iteks, milliseid sisulehti k\u00fclastatakse k\u00f5ige enam v\u00f5i mida k\u00fclastajad veebilehelt otsivad jne. Need k\u00fcpsised ei kogu teavet, mis v\u00f5imaldaks veebilehe kasutajat otseselt tuvastada. Siia hulka kuuluvad nt Google Analyticsi ja Hotjari k\u00fcpsised.<\/li>\n<li>kolmandate osapoolte k\u00fcpsiseid, nt YouTube ja Google Maps. Asukoha kaarti ja videoid ei n\u00e4idata, kui pole n\u00f5ustunud privaatsustingimustega. Selleks, et see tehniliselt oleks v\u00f5imalik, kasutame Avada kujunduse poolt loodud privacy_embeds k\u00fcpsist.<\/li>\n<\/ul>\n<p>Kasutajal on \u00f5igus keelduda k\u00fcpsiste salvestamisest arvutisse. Vastava soovi korral peab kasutaja muutma oma veebilehitseja seadeid.<\/p>\n<p><strong>Juhendid enamkasutavate veebisirvijate seadistamiseks:<\/strong><\/p>\n<ul>\n<li>Internet Explorer:<a href=\"http:\/\/support.microsoft.com\/kb\/278835\" target=\"_blank\" rel=\"noopener noreferrer\"> http:\/\/support.microsoft.com\/kb\/278835<\/a><\/li>\n<li>Chrome:<a href=\"https:\/\/support.google.com\/chrome\/answer\/95647?hl=en\" target=\"_blank\" rel=\"noopener noreferrer\"> https:\/\/support.google.com\/chrome\/answer\/95647?hl=en<\/a><\/li>\n<li>Firefox:<a href=\"http:\/\/support.mozilla.org\/en-US\/kb\/Clear%20Recent%20History\" target=\"_blank\" rel=\"noopener noreferrer\"> http:\/\/support.mozilla.org\/en-US\/kb\/Clear%20Recent%20History<\/a><\/li>\n<li>Opera:<a href=\"https:\/\/www.opera.com\/help\/tutorials\/security\/privacy\/\" target=\"_blank\" rel=\"noopener noreferrer\"> http:\/\/www.opera.com\/browser\/tutorials\/security\/privacy<\/a><\/li>\n<li>Safari:<a href=\"https:\/\/support.apple.com\/guide\/safari\/manage-cookies-and-website-data-sfri11471\/mac\" target=\"_blank\" rel=\"noopener noreferrer\"> https:\/\/support.apple.com\/guide\/safari\/manage-cookies-and-website-data-sfri11471\/mac<\/a><\/li>\n<\/ul>\n<p>K\u00fcpsiste blokeerimisel peab kasutaja arvestama, et k\u00f5ik veebilehe funktsioonid ei pruugi enam kasutajale k\u00e4ttesaadavad olla.<\/p>\n<h2>Isikuandmete jagamine<\/h2>\n<p>L\u00f5nga Liisu O\u00dc ei edasta kliendi andmeid v\u00e4ljapoole Euroopa (EU) Majanduspiirkonda.<\/p>\n<p>L\u00f5nga Liisu O\u00dc ei jaga kliendi isikuandmeid kolmandatele osapooltele va allpool loetletud tingimustel. K\u00f5iki andmeid kasutatakse ainult suhtlemiseks ja parema toote v\u00f5i teenuse pakkumise eesm\u00e4rgil.<\/p>\n<p><strong>Sinu isikuandmeid v\u00f5ime jagada j\u00e4rgmistel juhtudel:<\/strong><\/p>\n<ul>\n<li>Tellitud toodete saatmine &#8211; tarneveoteenust vahendavad v\u00f5i osutavad isikud, asutused ja organisatsioonid.<\/li>\n<li>V\u00f5lgade sisse n\u00f5udmine \u2013 v\u00f5lgade sissen\u00f5udmisteenuse osutajad, makseh\u00e4ireregistrid.<\/li>\n<li>Riikliku j\u00e4relvalve asutused ja Politsei.<\/li>\n<li>Avalik tagasiside kliendi n\u00f5usolekul.<\/li>\n<\/ul>\n<h2>Isikuandmete (andmete) turvalisus, kasutamine ja s\u00e4ilitamine<\/h2>\n<p><strong>Isikuandmete turvalisus<\/strong><\/p>\n<p>Isikuandmete turvaline s\u00e4ilitamine on L\u00f5nga Liisu O\u00dc k\u00f5rgeim turvalisuse alane prioriteet. P\u00fc\u00fcame teha k\u00f5ik v\u00f5imaliku, et v\u00e4ltida loata juurdep\u00e4\u00e4su, avaldamist ja muud \u00f5igusvastast t\u00f6\u00f6tlemist. Kaitseme isikuandmete konfidentsiaalsust ja puutumatust ning tagame andmetele juurdep\u00e4\u00e4su koosk\u00f5las kehtivate \u00f5igusaktidega.<\/p>\n<p>Oleme meie kogutavate ja t\u00f6\u00f6deldavate isikuandmete kaitseks kehtestanud m\u00f5istlikud ja piisavad organisatsioonilised meetmed ning tehnilised ja f\u00fc\u00fcsilised piirangud. Kasutatavad meetmed s\u00f5ltuvad isikuandmete liigist ja nende avalikukssaamise v\u00f5imalikest tagaj\u00e4rgedest.<\/p>\n<p>L\u00f5nga Liisu O\u00dc on rakendanud vajalikke tehnilisi, f\u00fc\u00fcsilisi ja korralduslikke turvameetmeid kliendi isikuandmete (andmete) kaitsmiseks kadumise ja ebaseadusliku t\u00f6\u00f6tlemise eest.<\/p>\n<p>K\u00f5ik L\u00f5nga Liisu O\u00dc e-poe k\u00fclastamise ja ostude sooritamise k\u00e4igus teatavaks saanud kliendi isikuandmeid k\u00e4sitletakse kui konfidentsiaalset infot. Kr\u00fcpteeritud andmesidekanal pankadega tagab ostu sooritaja isikuandmete ja pangarekvisiitide turvalisuse.<\/p>\n<p><strong>S\u00e4ilitamist\u00e4htaeg \u2013 kui kaua isikuandmeid s\u00e4ilitame?<\/strong><\/p>\n<p>L\u00f5nga Liisu O\u00dc s\u00e4ilitab isikuandmeid \u00fcksnes nii kaua, kui see on nende kogumise eesm\u00e4rgi saavutamiseks vajalik. S\u00e4ilitamist\u00e4htaeg s\u00f5ltub ka vajadusest vastata andmesubjektide p\u00e4ringutele, lahendada probleeme ning t\u00e4ita seadusej\u00e4rgseid dokumentide s\u00e4ilitamise n\u00f5udeid.<\/p>\n<p>Kui me isikuandmeid enam ei vaja ja \u00f5igusaktid nende s\u00e4ilitamist ei n\u00f5ua, kustutame me need isikuandmed.<\/p>\n<p>V\u00f5ime j\u00e4tkata k\u00f5nesolevate andmete kasutamist statistilistel eesm\u00e4rkidel, kuid \u00fcksnes pseudon\u00fcmiseeritud v\u00f5i anon\u00fcmiseeritud kujul.<\/p>\n<p>Kui tekib kasv\u00f5i v\u00e4iksemgi k\u00fcsimus, siis palun kirjuta ylle@longaliisu.ee<\/p>\n<h2>Kliendi \u00a0(andmesubjekti) \u00f5igused<\/h2>\n<p>Kliendil on \u00f5igus p\u00e4\u00e4seda ligi L\u00f5nga Liisu O\u00dc poolt t\u00f6\u00f6deldavatele Kliendi enda isikuandmetele ja \u00f5igus n\u00f5uda ebat\u00e4psete isikuandmete parandamist.<\/p>\n<p>Kui Kliendil on k\u00fcsimusi oma \u00f5iguste kohta v\u00f5i on ta arvamusel, et L\u00f5nga Liisu O\u00dc on tema isikuandmete (andmete) t\u00f6\u00f6tlemisel rikkunud tema \u00f5igusi, peaks ta kindlasti \u00fchendust v\u00f5tma e-posti aadressil ylle@longaliisu.ee.<\/p>\n<p><strong>Andmesubjekti \u00f5igused<\/strong><\/p>\n<p>Parandamis\u00f5igus \u2013 on andmesubjekti \u00f5igus n\u00f5uda, et temaga seotud eba\u00f5iged isikuandmed p\u00f5hjendamatu viivituseta parandataks.<\/p>\n<p>Kustutamis\u00f5igus \u2013 on andmesubjekti \u00f5igus n\u00f5uda, et tema isikuandmed p\u00f5hjendamatu viivituseta kustutataks, kui on t\u00e4idetud teatud lisatingimused.<\/p>\n<p>Teatud juhtudel on andmesubjektil \u00f5igus piirata enda isikuandmete t\u00f6\u00f6tlemist.<\/p>\n<p>Andmesubjektil on \u00f5igus tutvuda isikuandmetega, mida me tema kohta s\u00e4ilitame ja mida ta on meile andnud ning \u00f5igus edastada need andmed teisele vastutavale t\u00f6\u00f6tlejale, kui see on tehniliselt v\u00f5imalik ning t\u00f6\u00f6tlemine toimub n\u00f5usoleku v\u00f5i lepingu alusel ja automatiseeritult.<\/p>\n<p>Andmesubjektil on \u00f5igus oma konkreetsest olukorrast l\u00e4htudes esitada igal ajal vastuv\u00e4iteid enda isikuandmete t\u00f6\u00f6tlemise suhtes, mis toimub \u00f5igusaktide vastavate s\u00e4tete alusel, sealhulgas nende s\u00e4tete alusel toimuva profiilianal\u00fc\u00fcsi suhtes.<\/p>\n<p>Kui \u00f5igusaktidest ei tulene teisiti, on andmesubjektil \u00f5igus, et tema kohta ei tehtaks otsust, mis p\u00f5hineb \u00fcksnes automatiseeritud t\u00f6\u00f6tlusel, sealhulgas profiilianal\u00fc\u00fcsil, ning loob andmesubjektile \u00f5iguslikke tagaj\u00e4rgi v\u00f5i avaldab talle m\u00e4rkimisv\u00e4\u00e4rset m\u00f5ju.<\/p>\n<p>Kui isikuandmete t\u00f6\u00f6tlemise aluseks on andmesubjekti n\u00f5usolek, on andmesubjektil \u00f5igus see n\u00f5usolek igal ajal tagasi v\u00f5tta, ilma et see m\u00f5jutaks enne tagasiv\u00f5tmist n\u00f5usoleku alusel toimunud t\u00f6\u00f6tlemise seaduslikkust.<\/p>\n<p>Kui soovite kasutada nimetatud \u00f5igusi, palume v\u00f5tta meiega \u00fchendust.<\/p>\n<p>Kui L\u00f5nga Liisu O\u00dc pakutud lahendus ei rahulda teid, siis on teil \u00f5igus p\u00f6\u00f6rduda Eesti Vabariigi Andmekaitse Inspektsiooni ja kohtu poole.<\/p>\n<h2>Muud s\u00e4tted<\/h2>\n<p>L\u00f5nga Liisu O\u00dc v\u00f5tab \u00f5iguse Privaatsuspoliitika ja k\u00fcpsiste kasutamist \u00fchepoolselt muuta. Privaatsuspoliitika ja k\u00fcpsiste kasutamise uusim versioon on alati saadaval k\u00e4esoleval veebilehel.<\/p>\n<p>K\u00e4esolevale Privaatsuspoliitika ja k\u00fcpsiste kasutamisele kohalduvad Eesti Vabariigi seadused. Poliitikast tulenevad vaidlused v\u00f5i n\u00f5uded lahendatakse Tallinnas Harju Maakohtus.<\/p>\n<\/div><div class=\"fusion-clearfix\"><\/div><\/div><\/div><\/div><\/div>\n","protected":false},"excerpt":{"rendered":"","protected":false},"author":5,"featured_media":0,"parent":0,"menu_order":0,"comment_status":"closed","ping_status":"closed","template":"","meta":{"footnotes":""},"class_list":["post-5312","page","type-page","status-publish","hentry"],"yoast_head":"<!-- This site is optimized with the Yoast SEO plugin v27.3 - https:\/\/yoast.com\/product\/yoast-seo-wordpress\/ -->\n<title>Privaatsuspoliitika ja k\u00fcpsiste kasutamine - L\u00f5nga Liisu<\/title>\n<meta name=\"robots\" content=\"index, follow, max-snippet:-1, max-image-preview:large, max-video-preview:-1\" \/>\n<link rel=\"canonical\" href=\"https:\/\/longaliisu.ee\/privaatsuspoliitika\/\" \/>\n<meta property=\"og:locale\" content=\"en_US\" \/>\n<meta property=\"og:type\" content=\"article\" \/>\n<meta property=\"og:title\" content=\"Privaatsuspoliitika ja k\u00fcpsiste kasutamine - L\u00f5nga Liisu\" \/>\n<meta property=\"og:url\" content=\"https:\/\/longaliisu.ee\/privaatsuspoliitika\/\" \/>\n<meta property=\"og:site_name\" content=\"L\u00f5nga Liisu\" \/>\n<meta property=\"article:modified_time\" content=\"2025-03-06T15:30:54+00:00\" \/>\n<meta name=\"twitter:card\" content=\"summary_large_image\" \/>\n<meta name=\"twitter:label1\" content=\"Est. reading time\" \/>\n\t<meta name=\"twitter:data1\" content=\"8 minutes\" \/>\n<script type=\"application\/ld+json\" class=\"yoast-schema-graph\">{\"@context\":\"https:\\\/\\\/schema.org\",\"@graph\":[{\"@type\":\"WebPage\",\"@id\":\"https:\\\/\\\/longaliisu.ee\\\/privaatsuspoliitika\\\/\",\"url\":\"https:\\\/\\\/longaliisu.ee\\\/privaatsuspoliitika\\\/\",\"name\":\"Privaatsuspoliitika ja k\u00fcpsiste kasutamine - L\u00f5nga Liisu\",\"isPartOf\":{\"@id\":\"https:\\\/\\\/longaliisu.ee\\\/#website\"},\"datePublished\":\"2019-04-09T12:31:27+00:00\",\"dateModified\":\"2025-03-06T15:30:54+00:00\",\"breadcrumb\":{\"@id\":\"https:\\\/\\\/longaliisu.ee\\\/privaatsuspoliitika\\\/#breadcrumb\"},\"inLanguage\":\"en-US\",\"potentialAction\":[{\"@type\":\"ReadAction\",\"target\":[\"https:\\\/\\\/longaliisu.ee\\\/privaatsuspoliitika\\\/\"]}]},{\"@type\":\"BreadcrumbList\",\"@id\":\"https:\\\/\\\/longaliisu.ee\\\/privaatsuspoliitika\\\/#breadcrumb\",\"itemListElement\":[{\"@type\":\"ListItem\",\"position\":1,\"name\":\"Home\",\"item\":\"https:\\\/\\\/longaliisu.ee\\\/en\\\/\"},{\"@type\":\"ListItem\",\"position\":2,\"name\":\"Privaatsuspoliitika ja k\u00fcpsiste kasutamine\"}]},{\"@type\":\"WebSite\",\"@id\":\"https:\\\/\\\/longaliisu.ee\\\/#website\",\"url\":\"https:\\\/\\\/longaliisu.ee\\\/\",\"name\":\"L\u00f5nga Liisu\",\"description\":\"L\u00f5nga Liisu k\u00e4sit\u00f6\u00f6 ja kudumid\",\"potentialAction\":[{\"@type\":\"SearchAction\",\"target\":{\"@type\":\"EntryPoint\",\"urlTemplate\":\"https:\\\/\\\/longaliisu.ee\\\/?s={search_term_string}\"},\"query-input\":{\"@type\":\"PropertyValueSpecification\",\"valueRequired\":true,\"valueName\":\"search_term_string\"}}],\"inLanguage\":\"en-US\"}]}<\/script>\n<!-- \/ Yoast SEO plugin. -->","yoast_head_json":{"title":"Privaatsuspoliitika ja k\u00fcpsiste kasutamine - L\u00f5nga Liisu","robots":{"index":"index","follow":"follow","max-snippet":"max-snippet:-1","max-image-preview":"max-image-preview:large","max-video-preview":"max-video-preview:-1"},"canonical":"https:\/\/longaliisu.ee\/privaatsuspoliitika\/","og_locale":"en_US","og_type":"article","og_title":"Privaatsuspoliitika ja k\u00fcpsiste kasutamine - L\u00f5nga Liisu","og_url":"https:\/\/longaliisu.ee\/privaatsuspoliitika\/","og_site_name":"L\u00f5nga Liisu","article_modified_time":"2025-03-06T15:30:54+00:00","twitter_card":"summary_large_image","twitter_misc":{"Est. reading time":"8 minutes"},"schema":{"@context":"https:\/\/schema.org","@graph":[{"@type":"WebPage","@id":"https:\/\/longaliisu.ee\/privaatsuspoliitika\/","url":"https:\/\/longaliisu.ee\/privaatsuspoliitika\/","name":"Privaatsuspoliitika ja k\u00fcpsiste kasutamine - L\u00f5nga Liisu","isPartOf":{"@id":"https:\/\/longaliisu.ee\/#website"},"datePublished":"2019-04-09T12:31:27+00:00","dateModified":"2025-03-06T15:30:54+00:00","breadcrumb":{"@id":"https:\/\/longaliisu.ee\/privaatsuspoliitika\/#breadcrumb"},"inLanguage":"en-US","potentialAction":[{"@type":"ReadAction","target":["https:\/\/longaliisu.ee\/privaatsuspoliitika\/"]}]},{"@type":"BreadcrumbList","@id":"https:\/\/longaliisu.ee\/privaatsuspoliitika\/#breadcrumb","itemListElement":[{"@type":"ListItem","position":1,"name":"Home","item":"https:\/\/longaliisu.ee\/en\/"},{"@type":"ListItem","position":2,"name":"Privaatsuspoliitika ja k\u00fcpsiste kasutamine"}]},{"@type":"WebSite","@id":"https:\/\/longaliisu.ee\/#website","url":"https:\/\/longaliisu.ee\/","name":"L\u00f5nga Liisu","description":"L\u00f5nga Liisu k\u00e4sit\u00f6\u00f6 ja kudumid","potentialAction":[{"@type":"SearchAction","target":{"@type":"EntryPoint","urlTemplate":"https:\/\/longaliisu.ee\/?s={search_term_string}"},"query-input":{"@type":"PropertyValueSpecification","valueRequired":true,"valueName":"search_term_string"}}],"inLanguage":"en-US"}]}},"_links":{"self":[{"href":"https:\/\/longaliisu.ee\/en\/wp-json\/wp\/v2\/pages\/5312","targetHints":{"allow":["GET"]}}],"collection":[{"href":"https:\/\/longaliisu.ee\/en\/wp-json\/wp\/v2\/pages"}],"about":[{"href":"https:\/\/longaliisu.ee\/en\/wp-json\/wp\/v2\/types\/page"}],"author":[{"embeddable":true,"href":"https:\/\/longaliisu.ee\/en\/wp-json\/wp\/v2\/users\/5"}],"replies":[{"embeddable":true,"href":"https:\/\/longaliisu.ee\/en\/wp-json\/wp\/v2\/comments?post=5312"}],"version-history":[{"count":6,"href":"https:\/\/longaliisu.ee\/en\/wp-json\/wp\/v2\/pages\/5312\/revisions"}],"predecessor-version":[{"id":10372,"href":"https:\/\/longaliisu.ee\/en\/wp-json\/wp\/v2\/pages\/5312\/revisions\/10372"}],"wp:attachment":[{"href":"https:\/\/longaliisu.ee\/en\/wp-json\/wp\/v2\/media?parent=5312"}],"curies":[{"name":"wp","href":"https:\/\/api.w.org\/{rel}","templated":true}]}}