{"id":3457,"date":"2017-06-12T22:06:33","date_gmt":"2017-06-12T19:06:33","guid":{"rendered":"https:\/\/longaliisu.ee\/?page_id=3457"},"modified":"2025-03-26T10:28:53","modified_gmt":"2025-03-26T08:28:53","slug":"shopping-info","status":"publish","type":"page","link":"https:\/\/longaliisu.ee\/en\/shopping-info\/","title":{"rendered":"Shopping info"},"content":{"rendered":"<div class=\"fusion-fullwidth fullwidth-box fusion-builder-row-1 nonhundred-percent-fullwidth non-hundred-percent-height-scrolling\" style=\"--awb-border-radius-top-left:0px;--awb-border-radius-top-right:0px;--awb-border-radius-bottom-right:0px;--awb-border-radius-bottom-left:0px;--awb-flex-wrap:wrap;\" ><div class=\"fusion-builder-row fusion-row\"><div class=\"fusion-layout-column fusion_builder_column fusion-builder-column-0 fusion_builder_column_1_1 1_1 fusion-one-full fusion-column-first fusion-column-last\" style=\"--awb-bg-size:cover;--awb-margin-bottom:0px;\"><div class=\"fusion-column-wrapper fusion-flex-column-wrapper-legacy\"><div class=\"fusion-title title fusion-title-1 fusion-title-center fusion-title-text fusion-title-size-one\" style=\"--awb-margin-top-small:0px;--awb-margin-right-small:0px;--awb-margin-bottom-small:20px;--awb-margin-left-small:0px;\"><div class=\"title-sep-container title-sep-container-left\"><div class=\"title-sep sep-double sep-solid\" style=\"border-color:#009e8f;\"><\/div><\/div><span class=\"awb-title-spacer\"><\/span><h1 class=\"fusion-title-heading title-heading-center fusion-responsive-typography-calculated\" style=\"margin:0;--fontSize:42;line-height:1.4;\">Terms of the E-store<\/h1><span class=\"awb-title-spacer\"><\/span><div class=\"title-sep-container title-sep-container-right\"><div class=\"title-sep sep-double sep-solid\" style=\"border-color:#009e8f;\"><\/div><\/div><\/div><div class=\"fusion-clearfix\"><\/div><\/div><\/div><div class=\"fusion-layout-column fusion_builder_column fusion-builder-column-1 fusion_builder_column_1_2 1_2 fusion-one-half fusion-column-first\" style=\"--awb-bg-size:cover;width:50%;width:calc(50% - ( ( 4% ) * 0.5 ) );margin-right: 4%;\"><div class=\"fusion-column-wrapper fusion-flex-column-wrapper-legacy\"><div class=\"fusion-text fusion-text-1\"><p>The owner of the online store\u00a0<a href=\"https:\/\/longaliisu.ee\/en\/\">https:\/\/longaliisu.ee\/en\/<\/a>\u00a0(hereinafter referred to as the online store) is L\u00f5nga Liisu O\u00dc (Registry code 11003674), located at Tartu mnt 26, Pajusti, 46603, Vinni Community, L\u00e4\u00e4ne-Virumaa.<\/p>\n<p><strong>Validity of contract of sale, product and price information <\/strong><\/p>\n<p>The conditions of sale apply to purchases of goods from the online store.<\/p>\n<p>Information regarding the products is indicated next to the products in the online store.<\/p>\n<p>The prices of the products sold in the online store are indicated next to the products. A fee for shipping will be added to the price of the product.<\/p>\n<p>The shipping cost depends on the location of the purchaser and the shipping method. The shipping cost is displayed when the purchaser places the order.<\/p>\n<p>Delivery fees in Estonia:<\/p>\n<ul>\n<li>To Omniva parcel machine \u2013 4 \u20ac;<\/li>\n<li>To Omniva Post Office \u2013 6 \u20ac;<\/li>\n<li>Itella SmartPOST \u2013 3 \u20ac;<\/li>\n<li>DPD Parcelshops \u2013 2,70 \u20ac.<\/li>\n<\/ul>\n<\/div><div class=\"fusion-clearfix\"><\/div><\/div><\/div><div class=\"fusion-layout-column fusion_builder_column fusion-builder-column-2 fusion_builder_column_1_2 1_2 fusion-one-half fusion-column-last\" style=\"--awb-bg-size:cover;width:50%;width:calc(50% - ( ( 4% ) * 0.5 ) );\"><div class=\"fusion-column-wrapper fusion-flex-column-wrapper-legacy\"><div class=\"fusion-image-element in-legacy-container\" style=\"--awb-caption-title-font-family:var(--h2_typography-font-family);--awb-caption-title-font-weight:var(--h2_typography-font-weight);--awb-caption-title-font-style:var(--h2_typography-font-style);--awb-caption-title-size:var(--h2_typography-font-size);--awb-caption-title-transform:var(--h2_typography-text-transform);--awb-caption-title-line-height:var(--h2_typography-line-height);--awb-caption-title-letter-spacing:var(--h2_typography-letter-spacing);\"><span class=\" fusion-imageframe imageframe-none imageframe-1 hover-type-none\"><img decoding=\"async\" width=\"400\" height=\"565\" title=\"tunnistus\" src=\"https:\/\/longaliisu.ee\/wp-content\/uploads\/2017\/04\/tunnistus.jpg\" alt class=\"img-responsive wp-image-2773\" srcset=\"https:\/\/longaliisu.ee\/wp-content\/uploads\/2017\/04\/tunnistus-200x283.jpg 200w, https:\/\/longaliisu.ee\/wp-content\/uploads\/2017\/04\/tunnistus.jpg 400w\" sizes=\"(max-width: 1080px) 100vw, 400px\" \/><\/span><\/div><div class=\"fusion-clearfix\"><\/div><\/div><\/div><div class=\"fusion-layout-column fusion_builder_column fusion-builder-column-3 fusion_builder_column_1_1 1_1 fusion-one-full fusion-column-first fusion-column-last\" style=\"--awb-bg-size:cover;\"><div class=\"fusion-column-wrapper fusion-column-has-shadow fusion-flex-column-wrapper-legacy\"><div class=\"fusion-text fusion-text-2\"><p>Delivery fees in Latvia:<\/p>\n<ul>\n<li>DPD Parcelshops &#8211; 6 \u20ac;<\/li>\n<li>To Omniva parcel machine &#8211; 9 \u20ac;<\/li>\n<li>Omniva parcel &#8211; 20,40 \u20ac.<\/li>\n<\/ul>\n<p>Delivery fees in Lithuania:<\/p>\n<ul>\n<li>DPD Parcelshops &#8211; 7 \u20ac;<\/li>\n<li>To Omniva parcel machine &#8211; 10\u20ac;<\/li>\n<li>Omniva parcel &#8211; 20,40 \u20ac.<\/li>\n<\/ul>\n<p>Delivery fees in Finland:<\/p>\n<ul>\n<li>Itella SmartPOST -13 \u20ac;<\/li>\n<li>Omniva parcel &#8211; 20,40 \u20ac.<\/li>\n<\/ul>\n<p>Delivery fees elsewhere are as follows:<\/p>\n<p>Omniva courier:<\/p>\n<ul>\n<li>Austria, Belgium &#8211; 24<\/li>\n<li>Bulgaria, Croatia, Czech Republic, Denmark, Finland, France, Germany, Hungary, Italy, Luxembourg, Norway, Poland, Portugal, Slovakia, Slovenia, Spain &#8211; 25\u20ac<\/li>\n<li>Georgia, Spain, Ireland, Greece, Cyprus, Moldova, Romania, United Kingdom, Switzerland, Ukraine &#8211; 30\u20ac<\/li>\n<li>Iceland, Malta &#8211; 35\u20ac<\/li>\n<li>Canada &#8211; 50\u20ac<\/li>\n<li>Japan &#8211; 55\u20ac<\/li>\n<li>United States &#8211; 40\u20ac<\/li>\n<\/ul>\n<p>DPD courier:<\/p>\n<ul>\n<li>Latvia, Lithuania &#8211; 9\u20ac<\/li>\n<li>Finland, Sweden &#8211; 18\u20ac<\/li>\n<li>Denmark, Poland, Slovakia, Czech Republic, Hungary &#8211; 22\u20ac<\/li>\n<li>Netherlands, Germany, Belgium, Luxembourg, Slovenia &#8211; 24\u20ac<\/li>\n<li>Austria, Ireland, Italy, Spain, United Kingdom &#8211; 30\u20ac<\/li>\n<li>Bulgaria, Croatia, Greece, France, Portugal, Romania &#8211; 35\u20ac<\/li>\n<li>Norway, Switzerland &#8211; 50\u20ac<\/li>\n<\/ul>\n<\/div><div class=\"fusion-clearfix\"><\/div><\/div><\/div><div class=\"fusion-layout-column fusion_builder_column fusion-builder-column-4 fusion_builder_column_1_1 1_1 fusion-one-full fusion-column-first fusion-column-last\" style=\"--awb-bg-size:cover;\"><div class=\"fusion-column-wrapper fusion-flex-column-wrapper-legacy\"><div class=\"fusion-text fusion-text-3\" style=\"--awb-text-transform:none;\"><p><strong>Placing an Order <\/strong><\/p>\n<p>Add the desired products to your shopping basket to order them. Fill in all of the required fields and choose the most suitable shipping method to complete the order. The total cost is then displayed on the screen, which can be paid securely via the following payment methods:<\/p>\n<ul>\n<li>Estonian bank links: Swedbank, SEB, Luminor, LHV, Coop Pank, Citadele;<\/li>\n<li>Visa\/Mastercard payment;<\/li>\n<li>Finnish bank links: OP;<\/li>\n<li>Latvian bank links: Swedbank, SEB, Citadele and Luminor;<\/li>\n<li>Lithuanian bank links: Swedbank, SEB, Luminor, \u0160iauli\u0173 Bankas, Medicinos Bankas and Citadele;<\/li>\n<li>Bank transfer.<\/li>\n<\/ul>\n<p>NB! When using a bank link payment, please be sure to click on the \u2019Return to merchant\u2019 button.<\/p>\n<p>All prices in our online store are in euros. Payment currency is the euro (\u20ac).<\/p>\n<p>The payment provider is Montonio Finance UAB. Payment is concluded in a secure environment outside our online store \u2013 in the secure environment provided by the bank when paying via a bank link; or in the secure payment environment provided by Stripe Payments Europe, Limited when paying by credit card. The merchant has no access to the client\u2019s bank details or credit card details.<\/p>\n<p>The owner of the online store is data controller for personal data and transfers necessary personal data for the execution of the payment to the authorised data processor Montonio Finance UAB.<\/p>\n<p>The contract enters into force when the amount payable is transferred to the bank account of the online store.<\/p>\n<p>If we cannot deliver the ordered goods due to stock running out or for any other reason, the purchaser will be informed as soon as possible and the money paid (including the shipping cost) will be refunded promptly, but no later than within 2 working days of receiving the notification<\/p>\n<p><strong>Shipment <\/strong><\/p>\n<p>Goods are shipped to the following countries: Members of the EU, The USA, Japan, Switzerland, Russia, Iceland and Canada.<\/p>\n<p>The purchaser bears the shipping cost and the respective price information is displayed next to the shipping method.<\/p>\n<p>All shipments within Estonia generally arrive at the destination specified by the purchaser within 3-14 business days of the date of entry into force of the contract of sale. All shipments outside of Estonia are guaranteed to arrive within 21 calendar days.<\/p>\n<p>We have the right to ship goods in up to 45 calendar days in exceptional cases.<\/p>\n<p><strong>The Right of Withdrawal<\/strong><\/p>\n<p>After receiving the order, the purchaser has the right to withdraw from the contract entered into with the e-store within 14 days.<\/p>\n<p>The right of withdrawal does not apply if the purchaser is a legal person.<\/p>\n<p>To exercise the 14-day right of withdrawal, you must not use the ordered goods in any way other than is necessary to ensure the nature, characteristics and functioning of the goods in the same way you would be allowed to test the goods in an actual store.<\/p>\n<p>If the goods have been used for any purpose other than is necessary to ensure the nature, characteristics and functioning of the goods, or if there are any signs of use or wear and tear, the online store has the right to lower the amount returned in accordance with the decrease in the value of the goods.<\/p>\n<p>To return the goods, you must submit a <a href=\"https:\/\/longaliisu.ee\/wp-content\/uploads\/2019\/05\/Declaration-of-Withdrawal.pdf\" target=\"_blank\" rel=\"noopener noreferrer\">Declaration of Withdrawal<\/a> to the e-mail address ylle@longaliisu.ee within 14 days of receiving the goods.<\/p>\n<p>The purchaser shall bear the cost of returning the goods, except in cases where the reason for the return lies in the fact that a refundable product does not comply with the order (e.g. a wrong or defective product).<\/p>\n<p>The purchaser must return the goods within 14 days of the submission of the declaration of withdrawal or submit evidence that they handed over the goods to the carrier within the aforementioned period.<\/p>\n<p>Upon receiving the returned goods, the online store shall return to the purchaser, immediately but no later than after 14 days, all of the payments received from the purchaser based on the contract. If only a part of the ordered goods are returned, a proportionate amount of the shipping costs paid upon placing the order will be refunded, based on the number of items returned.<\/p>\n<p>The online store has the right to refuse to make the refund until the goods being returned are received or until the buyer has provided proof of returning the products, whichever occurs first.<\/p>\n<p>If the buyer has clearly chosen a different form of shipment than the cheapest usual form of shipment offered by the online store, the store is not required to compensate the cost exceeding the usual shipping cost.<\/p>\n<p>The online store has the right to withdraw from the sale and demand that the goods be returned by the purchaser if the marked price of the goods in the online store is significantly lower than the market price of the goods due to an error.<\/p>\n<p><strong>Defective goods <\/strong><\/p>\n<p>The online store is responsible for the non-compliance of goods sold to a purchaser with the terms and conditions of the contract or for deficiencies which already existed at the time of delivery and which occur within two years of delivering the goods to the purchaser.<\/p>\n<p>Within the 1 year of delivery it is assumed that the defect was present at the time of delivery. It is the online store\u00b4s responsibility to prove otherwise.<\/p>\n<p>The purchaser has the right to turn to the online store within two months of the occurrence of a defect by e-mailing ylle@longaliisu.ee or calling +372 512 1214.<\/p>\n<p>The online store is not liable for any defects arising after delivering the goods to the purchaser.<\/p>\n<p>If goods bought from the online store have defects for which the online store is responsible, the online store will repair or replace the defective goods. If the goods cannot be repaired or replaced, the online store shall return to the purchaser all of the payments involved in the contract of sale.<\/p>\n<p>The online store will respond to the consumer\u00b4s complaint in written form or in a form that enables written reproduction within 15 days.<\/p>\n<p><strong>Processing of Personal Data <\/strong><\/p>\n<p>The online store only uses the personal data entered by the purchaser (including name, phone number, address, e-mail and bank details) for processing the order and sending goods to the purchaser. The online store forwards personal data to the transport service provider in order to deliver the goods.<\/p>\n<p><strong>Settlement of Disputes <\/strong><\/p>\n<p>All complaints made by a purchaser about the online store must be e-mailed to ylle@longaliisu.ee or submitted by calling +372 512 1214.<\/p>\n<p>If the purchaser and the online store are not able to settle the dispute by agreement, the purchaser may contact the Consumer Dispute Committee. You can review the procedural rules and submit a complaint <a href=\"https:\/\/komisjon.ee\/et\" target=\"_blank\" rel=\"noopener noreferrer\">here<\/a>.<\/p>\n<p>The Consumer Dispute Committee is competent to resolve disputes arising from a contract between a purchaser and the online store. Resolution of disputes by the Consumer Dispute Committee is free of charge for the purchaser.<\/p>\n<p>A purchaser may also turn to the <a href=\"https:\/\/ec.europa.eu\/consumers\/odr\/main\/index.cfm?event=main.home.chooseLanguage\" target=\"_blank\" rel=\"noopener noreferrer\">dispute resolution bodies of the European Union<\/a>.<\/p>\n<\/div><div class=\"fusion-clearfix\"><\/div><\/div><\/div><\/div><\/div>\n","protected":false},"excerpt":{"rendered":"","protected":false},"author":5,"featured_media":0,"parent":0,"menu_order":0,"comment_status":"closed","ping_status":"closed","template":"","meta":{"footnotes":""},"class_list":["post-3457","page","type-page","status-publish","hentry"],"yoast_head":"<!-- This site is optimized with the Yoast SEO plugin v27.3 - https:\/\/yoast.com\/product\/yoast-seo-wordpress\/ -->\n<title>Shopping info - L\u00f5nga Liisu<\/title>\n<meta name=\"robots\" content=\"index, follow, max-snippet:-1, max-image-preview:large, max-video-preview:-1\" \/>\n<link rel=\"canonical\" href=\"https:\/\/longaliisu.ee\/en\/shopping-info\/\" \/>\n<meta property=\"og:locale\" content=\"en_US\" \/>\n<meta property=\"og:type\" content=\"article\" \/>\n<meta property=\"og:title\" content=\"Shopping info - L\u00f5nga Liisu\" \/>\n<meta property=\"og:url\" content=\"https:\/\/longaliisu.ee\/en\/shopping-info\/\" \/>\n<meta property=\"og:site_name\" content=\"L\u00f5nga Liisu\" \/>\n<meta property=\"article:modified_time\" content=\"2025-03-26T08:28:53+00:00\" \/>\n<meta name=\"twitter:card\" content=\"summary_large_image\" \/>\n<meta name=\"twitter:label1\" content=\"Est. reading time\" \/>\n\t<meta name=\"twitter:data1\" content=\"9 minutes\" \/>\n<script type=\"application\/ld+json\" class=\"yoast-schema-graph\">{\"@context\":\"https:\\\/\\\/schema.org\",\"@graph\":[{\"@type\":\"WebPage\",\"@id\":\"https:\\\/\\\/longaliisu.ee\\\/en\\\/shopping-info\\\/\",\"url\":\"https:\\\/\\\/longaliisu.ee\\\/en\\\/shopping-info\\\/\",\"name\":\"Shopping info - L\u00f5nga Liisu\",\"isPartOf\":{\"@id\":\"https:\\\/\\\/longaliisu.ee\\\/#website\"},\"datePublished\":\"2017-06-12T19:06:33+00:00\",\"dateModified\":\"2025-03-26T08:28:53+00:00\",\"breadcrumb\":{\"@id\":\"https:\\\/\\\/longaliisu.ee\\\/en\\\/shopping-info\\\/#breadcrumb\"},\"inLanguage\":\"en-US\",\"potentialAction\":[{\"@type\":\"ReadAction\",\"target\":[\"https:\\\/\\\/longaliisu.ee\\\/en\\\/shopping-info\\\/\"]}]},{\"@type\":\"BreadcrumbList\",\"@id\":\"https:\\\/\\\/longaliisu.ee\\\/en\\\/shopping-info\\\/#breadcrumb\",\"itemListElement\":[{\"@type\":\"ListItem\",\"position\":1,\"name\":\"Home\",\"item\":\"https:\\\/\\\/longaliisu.ee\\\/en\\\/\"},{\"@type\":\"ListItem\",\"position\":2,\"name\":\"Shopping info\"}]},{\"@type\":\"WebSite\",\"@id\":\"https:\\\/\\\/longaliisu.ee\\\/#website\",\"url\":\"https:\\\/\\\/longaliisu.ee\\\/\",\"name\":\"L\u00f5nga Liisu\",\"description\":\"L\u00f5nga Liisu k\u00e4sit\u00f6\u00f6 ja kudumid\",\"potentialAction\":[{\"@type\":\"SearchAction\",\"target\":{\"@type\":\"EntryPoint\",\"urlTemplate\":\"https:\\\/\\\/longaliisu.ee\\\/?s={search_term_string}\"},\"query-input\":{\"@type\":\"PropertyValueSpecification\",\"valueRequired\":true,\"valueName\":\"search_term_string\"}}],\"inLanguage\":\"en-US\"}]}<\/script>\n<!-- \/ Yoast SEO plugin. -->","yoast_head_json":{"title":"Shopping info - L\u00f5nga Liisu","robots":{"index":"index","follow":"follow","max-snippet":"max-snippet:-1","max-image-preview":"max-image-preview:large","max-video-preview":"max-video-preview:-1"},"canonical":"https:\/\/longaliisu.ee\/en\/shopping-info\/","og_locale":"en_US","og_type":"article","og_title":"Shopping info - L\u00f5nga Liisu","og_url":"https:\/\/longaliisu.ee\/en\/shopping-info\/","og_site_name":"L\u00f5nga Liisu","article_modified_time":"2025-03-26T08:28:53+00:00","twitter_card":"summary_large_image","twitter_misc":{"Est. reading time":"9 minutes"},"schema":{"@context":"https:\/\/schema.org","@graph":[{"@type":"WebPage","@id":"https:\/\/longaliisu.ee\/en\/shopping-info\/","url":"https:\/\/longaliisu.ee\/en\/shopping-info\/","name":"Shopping info - L\u00f5nga Liisu","isPartOf":{"@id":"https:\/\/longaliisu.ee\/#website"},"datePublished":"2017-06-12T19:06:33+00:00","dateModified":"2025-03-26T08:28:53+00:00","breadcrumb":{"@id":"https:\/\/longaliisu.ee\/en\/shopping-info\/#breadcrumb"},"inLanguage":"en-US","potentialAction":[{"@type":"ReadAction","target":["https:\/\/longaliisu.ee\/en\/shopping-info\/"]}]},{"@type":"BreadcrumbList","@id":"https:\/\/longaliisu.ee\/en\/shopping-info\/#breadcrumb","itemListElement":[{"@type":"ListItem","position":1,"name":"Home","item":"https:\/\/longaliisu.ee\/en\/"},{"@type":"ListItem","position":2,"name":"Shopping info"}]},{"@type":"WebSite","@id":"https:\/\/longaliisu.ee\/#website","url":"https:\/\/longaliisu.ee\/","name":"L\u00f5nga Liisu","description":"L\u00f5nga Liisu k\u00e4sit\u00f6\u00f6 ja kudumid","potentialAction":[{"@type":"SearchAction","target":{"@type":"EntryPoint","urlTemplate":"https:\/\/longaliisu.ee\/?s={search_term_string}"},"query-input":{"@type":"PropertyValueSpecification","valueRequired":true,"valueName":"search_term_string"}}],"inLanguage":"en-US"}]}},"_links":{"self":[{"href":"https:\/\/longaliisu.ee\/en\/wp-json\/wp\/v2\/pages\/3457","targetHints":{"allow":["GET"]}}],"collection":[{"href":"https:\/\/longaliisu.ee\/en\/wp-json\/wp\/v2\/pages"}],"about":[{"href":"https:\/\/longaliisu.ee\/en\/wp-json\/wp\/v2\/types\/page"}],"author":[{"embeddable":true,"href":"https:\/\/longaliisu.ee\/en\/wp-json\/wp\/v2\/users\/5"}],"replies":[{"embeddable":true,"href":"https:\/\/longaliisu.ee\/en\/wp-json\/wp\/v2\/comments?post=3457"}],"version-history":[{"count":14,"href":"https:\/\/longaliisu.ee\/en\/wp-json\/wp\/v2\/pages\/3457\/revisions"}],"predecessor-version":[{"id":10385,"href":"https:\/\/longaliisu.ee\/en\/wp-json\/wp\/v2\/pages\/3457\/revisions\/10385"}],"wp:attachment":[{"href":"https:\/\/longaliisu.ee\/en\/wp-json\/wp\/v2\/media?parent=3457"}],"curies":[{"name":"wp","href":"https:\/\/api.w.org\/{rel}","templated":true}]}}