{"id":9926,"date":"2023-10-18T15:22:26","date_gmt":"2023-10-18T12:22:26","guid":{"rendered":"https:\/\/longaliisu.ee\/?post_type=product&#038;p=9926"},"modified":"2024-01-20T11:16:40","modified_gmt":"2024-01-20T09:16:40","slug":"pullover-rakvere-mit-kragen-in-rippenmuster-und-einem-reissverschluss","status":"publish","type":"product","link":"https:\/\/longaliisu.ee\/de\/produkt\/pullover-rakvere-mit-kragen-in-rippenmuster-und-einem-reissverschluss\/","title":{"rendered":"Pullover \u201eRakvere\u201c mit Kragen in Rippenmuster und einem Rei\u00dfverschluss"},"content":{"rendered":"","protected":false},"excerpt":{"rendered":"<p>Wollpullover mit einem Sternenmuster in blau und wei\u00df.<\/p>\n","protected":false},"featured_media":9856,"template":"","meta":[],"product_brand":[],"product_cat":[252],"product_tag":[217,319,318],"class_list":{"0":"post-9926","1":"product","2":"type-product","3":"status-publish","4":"has-post-thumbnail","6":"product_cat-herren-strickjacken","7":"product_tag-blau","8":"product_tag-maenner","9":"product_tag-rippenmuster","11":"first","12":"instock","13":"taxable","14":"shipping-taxable","15":"purchasable","16":"product-type-variable"},"yoast_head":"<!-- This site is optimized with the Yoast SEO plugin v27.3 - https:\/\/yoast.com\/product\/yoast-seo-wordpress\/ -->\n<title>Pullover \u201eRakvere\u201c mit Kragen in Rippenmuster und einem Rei\u00dfverschluss - L\u00f5nga Liisu<\/title>\n<meta name=\"description\" content=\"Wollpullover mit einem Sternenmuster in blau und wei\u00df.\" \/>\n<meta name=\"robots\" content=\"index, follow, max-snippet:-1, max-image-preview:large, max-video-preview:-1\" \/>\n<link rel=\"canonical\" href=\"https:\/\/longaliisu.ee\/de\/produkt\/pullover-rakvere-mit-kragen-in-rippenmuster-und-einem-reissverschluss\/\" \/>\n<meta property=\"og:locale\" content=\"de_DE\" \/>\n<meta property=\"og:type\" content=\"article\" \/>\n<meta property=\"og:title\" content=\"Pullover \u201eRakvere\u201c mit Kragen in Rippenmuster und einem Rei\u00dfverschluss - L\u00f5nga Liisu\" \/>\n<meta property=\"og:description\" content=\"Wollpullover mit einem Sternenmuster in blau und wei\u00df.\" \/>\n<meta property=\"og:url\" content=\"https:\/\/longaliisu.ee\/de\/produkt\/pullover-rakvere-mit-kragen-in-rippenmuster-und-einem-reissverschluss\/\" \/>\n<meta property=\"og:site_name\" content=\"L\u00f5nga Liisu\" \/>\n<meta property=\"article:modified_time\" content=\"2024-01-20T09:16:40+00:00\" \/>\n<meta property=\"og:image\" content=\"https:\/\/longaliisu.ee\/wp-content\/uploads\/2023\/10\/DSC_0169.jpg\" \/>\n\t<meta property=\"og:image:width\" content=\"1691\" \/>\n\t<meta property=\"og:image:height\" content=\"1691\" \/>\n\t<meta property=\"og:image:type\" content=\"image\/jpeg\" \/>\n<meta name=\"twitter:card\" content=\"summary_large_image\" \/>\n<script type=\"application\/ld+json\" class=\"yoast-schema-graph\">{\"@context\":\"https:\\\/\\\/schema.org\",\"@graph\":[{\"@type\":\"WebPage\",\"@id\":\"https:\\\/\\\/longaliisu.ee\\\/de\\\/produkt\\\/pullover-rakvere-mit-kragen-in-rippenmuster-und-einem-reissverschluss\\\/\",\"url\":\"https:\\\/\\\/longaliisu.ee\\\/de\\\/produkt\\\/pullover-rakvere-mit-kragen-in-rippenmuster-und-einem-reissverschluss\\\/\",\"name\":\"Pullover \u201eRakvere\u201c mit Kragen in Rippenmuster und einem Rei\u00dfverschluss - L\u00f5nga Liisu\",\"isPartOf\":{\"@id\":\"https:\\\/\\\/longaliisu.ee\\\/#website\"},\"primaryImageOfPage\":{\"@id\":\"https:\\\/\\\/longaliisu.ee\\\/de\\\/produkt\\\/pullover-rakvere-mit-kragen-in-rippenmuster-und-einem-reissverschluss\\\/#primaryimage\"},\"image\":{\"@id\":\"https:\\\/\\\/longaliisu.ee\\\/de\\\/produkt\\\/pullover-rakvere-mit-kragen-in-rippenmuster-und-einem-reissverschluss\\\/#primaryimage\"},\"thumbnailUrl\":\"https:\\\/\\\/longaliisu.ee\\\/wp-content\\\/uploads\\\/2023\\\/10\\\/DSC_0169.jpg\",\"datePublished\":\"2023-10-18T12:22:26+00:00\",\"dateModified\":\"2024-01-20T09:16:40+00:00\",\"description\":\"Wollpullover mit einem Sternenmuster in blau und wei\u00df.\",\"breadcrumb\":{\"@id\":\"https:\\\/\\\/longaliisu.ee\\\/de\\\/produkt\\\/pullover-rakvere-mit-kragen-in-rippenmuster-und-einem-reissverschluss\\\/#breadcrumb\"},\"inLanguage\":\"de\",\"potentialAction\":[{\"@type\":\"ReadAction\",\"target\":[\"https:\\\/\\\/longaliisu.ee\\\/de\\\/produkt\\\/pullover-rakvere-mit-kragen-in-rippenmuster-und-einem-reissverschluss\\\/\"]}]},{\"@type\":\"ImageObject\",\"inLanguage\":\"de\",\"@id\":\"https:\\\/\\\/longaliisu.ee\\\/de\\\/produkt\\\/pullover-rakvere-mit-kragen-in-rippenmuster-und-einem-reissverschluss\\\/#primaryimage\",\"url\":\"https:\\\/\\\/longaliisu.ee\\\/wp-content\\\/uploads\\\/2023\\\/10\\\/DSC_0169.jpg\",\"contentUrl\":\"https:\\\/\\\/longaliisu.ee\\\/wp-content\\\/uploads\\\/2023\\\/10\\\/DSC_0169.jpg\",\"width\":1691,\"height\":1691},{\"@type\":\"BreadcrumbList\",\"@id\":\"https:\\\/\\\/longaliisu.ee\\\/de\\\/produkt\\\/pullover-rakvere-mit-kragen-in-rippenmuster-und-einem-reissverschluss\\\/#breadcrumb\",\"itemListElement\":[{\"@type\":\"ListItem\",\"position\":1,\"name\":\"Home\",\"item\":\"https:\\\/\\\/longaliisu.ee\\\/de\\\/\"},{\"@type\":\"ListItem\",\"position\":2,\"name\":\"E-store\",\"item\":\"https:\\\/\\\/longaliisu.ee\\\/de\\\/e-store\\\/\"},{\"@type\":\"ListItem\",\"position\":3,\"name\":\"Pullover \u201eRakvere\u201c mit Kragen in Rippenmuster und einem Rei\u00dfverschluss\"}]},{\"@type\":\"WebSite\",\"@id\":\"https:\\\/\\\/longaliisu.ee\\\/#website\",\"url\":\"https:\\\/\\\/longaliisu.ee\\\/\",\"name\":\"L\u00f5nga Liisu\",\"description\":\"L\u00f5nga Liisu k\u00e4sit\u00f6\u00f6 ja kudumid\",\"potentialAction\":[{\"@type\":\"SearchAction\",\"target\":{\"@type\":\"EntryPoint\",\"urlTemplate\":\"https:\\\/\\\/longaliisu.ee\\\/?s={search_term_string}\"},\"query-input\":{\"@type\":\"PropertyValueSpecification\",\"valueRequired\":true,\"valueName\":\"search_term_string\"}}],\"inLanguage\":\"de\"}]}<\/script>\n<!-- \/ Yoast SEO plugin. -->","yoast_head_json":{"title":"Pullover \u201eRakvere\u201c mit Kragen in Rippenmuster und einem Rei\u00dfverschluss - L\u00f5nga Liisu","description":"Wollpullover mit einem Sternenmuster in blau und wei\u00df.","robots":{"index":"index","follow":"follow","max-snippet":"max-snippet:-1","max-image-preview":"max-image-preview:large","max-video-preview":"max-video-preview:-1"},"canonical":"https:\/\/longaliisu.ee\/de\/produkt\/pullover-rakvere-mit-kragen-in-rippenmuster-und-einem-reissverschluss\/","og_locale":"de_DE","og_type":"article","og_title":"Pullover \u201eRakvere\u201c mit Kragen in Rippenmuster und einem Rei\u00dfverschluss - L\u00f5nga Liisu","og_description":"Wollpullover mit einem Sternenmuster in blau und wei\u00df.","og_url":"https:\/\/longaliisu.ee\/de\/produkt\/pullover-rakvere-mit-kragen-in-rippenmuster-und-einem-reissverschluss\/","og_site_name":"L\u00f5nga Liisu","article_modified_time":"2024-01-20T09:16:40+00:00","og_image":[{"width":1691,"height":1691,"url":"https:\/\/longaliisu.ee\/wp-content\/uploads\/2023\/10\/DSC_0169.jpg","type":"image\/jpeg"}],"twitter_card":"summary_large_image","schema":{"@context":"https:\/\/schema.org","@graph":[{"@type":"WebPage","@id":"https:\/\/longaliisu.ee\/de\/produkt\/pullover-rakvere-mit-kragen-in-rippenmuster-und-einem-reissverschluss\/","url":"https:\/\/longaliisu.ee\/de\/produkt\/pullover-rakvere-mit-kragen-in-rippenmuster-und-einem-reissverschluss\/","name":"Pullover \u201eRakvere\u201c mit Kragen in Rippenmuster und einem Rei\u00dfverschluss - L\u00f5nga Liisu","isPartOf":{"@id":"https:\/\/longaliisu.ee\/#website"},"primaryImageOfPage":{"@id":"https:\/\/longaliisu.ee\/de\/produkt\/pullover-rakvere-mit-kragen-in-rippenmuster-und-einem-reissverschluss\/#primaryimage"},"image":{"@id":"https:\/\/longaliisu.ee\/de\/produkt\/pullover-rakvere-mit-kragen-in-rippenmuster-und-einem-reissverschluss\/#primaryimage"},"thumbnailUrl":"https:\/\/longaliisu.ee\/wp-content\/uploads\/2023\/10\/DSC_0169.jpg","datePublished":"2023-10-18T12:22:26+00:00","dateModified":"2024-01-20T09:16:40+00:00","description":"Wollpullover mit einem Sternenmuster in blau und wei\u00df.","breadcrumb":{"@id":"https:\/\/longaliisu.ee\/de\/produkt\/pullover-rakvere-mit-kragen-in-rippenmuster-und-einem-reissverschluss\/#breadcrumb"},"inLanguage":"de","potentialAction":[{"@type":"ReadAction","target":["https:\/\/longaliisu.ee\/de\/produkt\/pullover-rakvere-mit-kragen-in-rippenmuster-und-einem-reissverschluss\/"]}]},{"@type":"ImageObject","inLanguage":"de","@id":"https:\/\/longaliisu.ee\/de\/produkt\/pullover-rakvere-mit-kragen-in-rippenmuster-und-einem-reissverschluss\/#primaryimage","url":"https:\/\/longaliisu.ee\/wp-content\/uploads\/2023\/10\/DSC_0169.jpg","contentUrl":"https:\/\/longaliisu.ee\/wp-content\/uploads\/2023\/10\/DSC_0169.jpg","width":1691,"height":1691},{"@type":"BreadcrumbList","@id":"https:\/\/longaliisu.ee\/de\/produkt\/pullover-rakvere-mit-kragen-in-rippenmuster-und-einem-reissverschluss\/#breadcrumb","itemListElement":[{"@type":"ListItem","position":1,"name":"Home","item":"https:\/\/longaliisu.ee\/de\/"},{"@type":"ListItem","position":2,"name":"E-store","item":"https:\/\/longaliisu.ee\/de\/e-store\/"},{"@type":"ListItem","position":3,"name":"Pullover \u201eRakvere\u201c mit Kragen in Rippenmuster und einem Rei\u00dfverschluss"}]},{"@type":"WebSite","@id":"https:\/\/longaliisu.ee\/#website","url":"https:\/\/longaliisu.ee\/","name":"L\u00f5nga Liisu","description":"L\u00f5nga Liisu k\u00e4sit\u00f6\u00f6 ja kudumid","potentialAction":[{"@type":"SearchAction","target":{"@type":"EntryPoint","urlTemplate":"https:\/\/longaliisu.ee\/?s={search_term_string}"},"query-input":{"@type":"PropertyValueSpecification","valueRequired":true,"valueName":"search_term_string"}}],"inLanguage":"de"}]}},"_links":{"self":[{"href":"https:\/\/longaliisu.ee\/de\/wp-json\/wp\/v2\/product\/9926","targetHints":{"allow":["GET"]}}],"collection":[{"href":"https:\/\/longaliisu.ee\/de\/wp-json\/wp\/v2\/product"}],"about":[{"href":"https:\/\/longaliisu.ee\/de\/wp-json\/wp\/v2\/types\/product"}],"wp:featuredmedia":[{"embeddable":true,"href":"https:\/\/longaliisu.ee\/de\/wp-json\/wp\/v2\/media\/9856"}],"wp:attachment":[{"href":"https:\/\/longaliisu.ee\/de\/wp-json\/wp\/v2\/media?parent=9926"}],"wp:term":[{"taxonomy":"product_brand","embeddable":true,"href":"https:\/\/longaliisu.ee\/de\/wp-json\/wp\/v2\/product_brand?post=9926"},{"taxonomy":"product_cat","embeddable":true,"href":"https:\/\/longaliisu.ee\/de\/wp-json\/wp\/v2\/product_cat?post=9926"},{"taxonomy":"product_tag","embeddable":true,"href":"https:\/\/longaliisu.ee\/de\/wp-json\/wp\/v2\/product_tag?post=9926"}],"curies":[{"name":"wp","href":"https:\/\/api.w.org\/{rel}","templated":true}]}}