{"id":9447,"date":"2022-11-30T15:37:22","date_gmt":"2022-11-30T13:37:22","guid":{"rendered":"https:\/\/longaliisu.ee\/toode\/geschenkkarte\/"},"modified":"2022-12-02T08:49:32","modified_gmt":"2022-12-02T06:49:32","slug":"geschenkkarte","status":"publish","type":"product","link":"https:\/\/longaliisu.ee\/de\/produkt\/geschenkkarte\/","title":{"rendered":"Geschenkkarte"},"content":{"rendered":"<p><br data-mce-bogus=\"1\"><\/p>\n","protected":false},"excerpt":{"rendered":"<p><br data-mce-bogus=\"1\"><\/p>\n","protected":false},"featured_media":9417,"template":"","meta":[],"product_brand":[],"product_cat":[309],"product_tag":[310],"class_list":{"0":"post-9447","1":"product","2":"type-product","3":"status-publish","4":"has-post-thumbnail","6":"product_cat-geschenkkarte","7":"product_tag-geschenkkarte","9":"first","10":"instock","11":"purchasable","12":"product-type-pw-gift-card"},"yoast_head":"<!-- This site is optimized with the Yoast SEO plugin v27.3 - https:\/\/yoast.com\/product\/yoast-seo-wordpress\/ -->\n<title>Geschenkkarte - L\u00f5nga Liisu<\/title>\n<meta name=\"robots\" content=\"index, follow, max-snippet:-1, max-image-preview:large, max-video-preview:-1\" \/>\n<link rel=\"canonical\" href=\"https:\/\/longaliisu.ee\/de\/produkt\/geschenkkarte\/\" \/>\n<meta property=\"og:locale\" content=\"de_DE\" \/>\n<meta property=\"og:type\" content=\"article\" \/>\n<meta property=\"og:title\" content=\"Geschenkkarte - L\u00f5nga Liisu\" \/>\n<meta property=\"og:url\" content=\"https:\/\/longaliisu.ee\/de\/produkt\/geschenkkarte\/\" \/>\n<meta property=\"og:site_name\" content=\"L\u00f5nga Liisu\" \/>\n<meta property=\"article:modified_time\" content=\"2022-12-02T06:49:32+00:00\" \/>\n<meta property=\"og:image\" content=\"https:\/\/longaliisu.ee\/wp-content\/uploads\/2022\/11\/pw-gift-card.png\" \/>\n\t<meta property=\"og:image:width\" content=\"512\" \/>\n\t<meta property=\"og:image:height\" content=\"512\" \/>\n\t<meta property=\"og:image:type\" content=\"image\/png\" \/>\n<meta name=\"twitter:card\" content=\"summary_large_image\" \/>\n<script type=\"application\/ld+json\" class=\"yoast-schema-graph\">{\"@context\":\"https:\\\/\\\/schema.org\",\"@graph\":[{\"@type\":\"WebPage\",\"@id\":\"https:\\\/\\\/longaliisu.ee\\\/de\\\/produkt\\\/geschenkkarte\\\/\",\"url\":\"https:\\\/\\\/longaliisu.ee\\\/de\\\/produkt\\\/geschenkkarte\\\/\",\"name\":\"Geschenkkarte - L\u00f5nga Liisu\",\"isPartOf\":{\"@id\":\"https:\\\/\\\/longaliisu.ee\\\/#website\"},\"primaryImageOfPage\":{\"@id\":\"https:\\\/\\\/longaliisu.ee\\\/de\\\/produkt\\\/geschenkkarte\\\/#primaryimage\"},\"image\":{\"@id\":\"https:\\\/\\\/longaliisu.ee\\\/de\\\/produkt\\\/geschenkkarte\\\/#primaryimage\"},\"thumbnailUrl\":\"https:\\\/\\\/longaliisu.ee\\\/wp-content\\\/uploads\\\/2022\\\/11\\\/pw-gift-card.png\",\"datePublished\":\"2022-11-30T13:37:22+00:00\",\"dateModified\":\"2022-12-02T06:49:32+00:00\",\"breadcrumb\":{\"@id\":\"https:\\\/\\\/longaliisu.ee\\\/de\\\/produkt\\\/geschenkkarte\\\/#breadcrumb\"},\"inLanguage\":\"de\",\"potentialAction\":[{\"@type\":\"ReadAction\",\"target\":[\"https:\\\/\\\/longaliisu.ee\\\/de\\\/produkt\\\/geschenkkarte\\\/\"]}]},{\"@type\":\"ImageObject\",\"inLanguage\":\"de\",\"@id\":\"https:\\\/\\\/longaliisu.ee\\\/de\\\/produkt\\\/geschenkkarte\\\/#primaryimage\",\"url\":\"https:\\\/\\\/longaliisu.ee\\\/wp-content\\\/uploads\\\/2022\\\/11\\\/pw-gift-card.png\",\"contentUrl\":\"https:\\\/\\\/longaliisu.ee\\\/wp-content\\\/uploads\\\/2022\\\/11\\\/pw-gift-card.png\",\"width\":512,\"height\":512},{\"@type\":\"BreadcrumbList\",\"@id\":\"https:\\\/\\\/longaliisu.ee\\\/de\\\/produkt\\\/geschenkkarte\\\/#breadcrumb\",\"itemListElement\":[{\"@type\":\"ListItem\",\"position\":1,\"name\":\"Home\",\"item\":\"https:\\\/\\\/longaliisu.ee\\\/de\\\/\"},{\"@type\":\"ListItem\",\"position\":2,\"name\":\"E-store\",\"item\":\"https:\\\/\\\/longaliisu.ee\\\/de\\\/e-store\\\/\"},{\"@type\":\"ListItem\",\"position\":3,\"name\":\"Geschenkkarte\"}]},{\"@type\":\"WebSite\",\"@id\":\"https:\\\/\\\/longaliisu.ee\\\/#website\",\"url\":\"https:\\\/\\\/longaliisu.ee\\\/\",\"name\":\"L\u00f5nga Liisu\",\"description\":\"L\u00f5nga Liisu k\u00e4sit\u00f6\u00f6 ja kudumid\",\"potentialAction\":[{\"@type\":\"SearchAction\",\"target\":{\"@type\":\"EntryPoint\",\"urlTemplate\":\"https:\\\/\\\/longaliisu.ee\\\/?s={search_term_string}\"},\"query-input\":{\"@type\":\"PropertyValueSpecification\",\"valueRequired\":true,\"valueName\":\"search_term_string\"}}],\"inLanguage\":\"de\"}]}<\/script>\n<!-- \/ Yoast SEO plugin. -->","yoast_head_json":{"title":"Geschenkkarte - L\u00f5nga Liisu","robots":{"index":"index","follow":"follow","max-snippet":"max-snippet:-1","max-image-preview":"max-image-preview:large","max-video-preview":"max-video-preview:-1"},"canonical":"https:\/\/longaliisu.ee\/de\/produkt\/geschenkkarte\/","og_locale":"de_DE","og_type":"article","og_title":"Geschenkkarte - L\u00f5nga Liisu","og_url":"https:\/\/longaliisu.ee\/de\/produkt\/geschenkkarte\/","og_site_name":"L\u00f5nga Liisu","article_modified_time":"2022-12-02T06:49:32+00:00","og_image":[{"width":512,"height":512,"url":"https:\/\/longaliisu.ee\/wp-content\/uploads\/2022\/11\/pw-gift-card.png","type":"image\/png"}],"twitter_card":"summary_large_image","schema":{"@context":"https:\/\/schema.org","@graph":[{"@type":"WebPage","@id":"https:\/\/longaliisu.ee\/de\/produkt\/geschenkkarte\/","url":"https:\/\/longaliisu.ee\/de\/produkt\/geschenkkarte\/","name":"Geschenkkarte - L\u00f5nga Liisu","isPartOf":{"@id":"https:\/\/longaliisu.ee\/#website"},"primaryImageOfPage":{"@id":"https:\/\/longaliisu.ee\/de\/produkt\/geschenkkarte\/#primaryimage"},"image":{"@id":"https:\/\/longaliisu.ee\/de\/produkt\/geschenkkarte\/#primaryimage"},"thumbnailUrl":"https:\/\/longaliisu.ee\/wp-content\/uploads\/2022\/11\/pw-gift-card.png","datePublished":"2022-11-30T13:37:22+00:00","dateModified":"2022-12-02T06:49:32+00:00","breadcrumb":{"@id":"https:\/\/longaliisu.ee\/de\/produkt\/geschenkkarte\/#breadcrumb"},"inLanguage":"de","potentialAction":[{"@type":"ReadAction","target":["https:\/\/longaliisu.ee\/de\/produkt\/geschenkkarte\/"]}]},{"@type":"ImageObject","inLanguage":"de","@id":"https:\/\/longaliisu.ee\/de\/produkt\/geschenkkarte\/#primaryimage","url":"https:\/\/longaliisu.ee\/wp-content\/uploads\/2022\/11\/pw-gift-card.png","contentUrl":"https:\/\/longaliisu.ee\/wp-content\/uploads\/2022\/11\/pw-gift-card.png","width":512,"height":512},{"@type":"BreadcrumbList","@id":"https:\/\/longaliisu.ee\/de\/produkt\/geschenkkarte\/#breadcrumb","itemListElement":[{"@type":"ListItem","position":1,"name":"Home","item":"https:\/\/longaliisu.ee\/de\/"},{"@type":"ListItem","position":2,"name":"E-store","item":"https:\/\/longaliisu.ee\/de\/e-store\/"},{"@type":"ListItem","position":3,"name":"Geschenkkarte"}]},{"@type":"WebSite","@id":"https:\/\/longaliisu.ee\/#website","url":"https:\/\/longaliisu.ee\/","name":"L\u00f5nga Liisu","description":"L\u00f5nga Liisu k\u00e4sit\u00f6\u00f6 ja kudumid","potentialAction":[{"@type":"SearchAction","target":{"@type":"EntryPoint","urlTemplate":"https:\/\/longaliisu.ee\/?s={search_term_string}"},"query-input":{"@type":"PropertyValueSpecification","valueRequired":true,"valueName":"search_term_string"}}],"inLanguage":"de"}]}},"_links":{"self":[{"href":"https:\/\/longaliisu.ee\/de\/wp-json\/wp\/v2\/product\/9447","targetHints":{"allow":["GET"]}}],"collection":[{"href":"https:\/\/longaliisu.ee\/de\/wp-json\/wp\/v2\/product"}],"about":[{"href":"https:\/\/longaliisu.ee\/de\/wp-json\/wp\/v2\/types\/product"}],"wp:featuredmedia":[{"embeddable":true,"href":"https:\/\/longaliisu.ee\/de\/wp-json\/wp\/v2\/media\/9417"}],"wp:attachment":[{"href":"https:\/\/longaliisu.ee\/de\/wp-json\/wp\/v2\/media?parent=9447"}],"wp:term":[{"taxonomy":"product_brand","embeddable":true,"href":"https:\/\/longaliisu.ee\/de\/wp-json\/wp\/v2\/product_brand?post=9447"},{"taxonomy":"product_cat","embeddable":true,"href":"https:\/\/longaliisu.ee\/de\/wp-json\/wp\/v2\/product_cat?post=9447"},{"taxonomy":"product_tag","embeddable":true,"href":"https:\/\/longaliisu.ee\/de\/wp-json\/wp\/v2\/product_tag?post=9447"}],"curies":[{"name":"wp","href":"https:\/\/api.w.org\/{rel}","templated":true}]}}