{"id":7721,"date":"2020-10-19T18:49:44","date_gmt":"2020-10-19T15:49:44","guid":{"rendered":"https:\/\/longaliisu.ee\/toode\/lange-strickjacke-mit-traditionellem-muster-in-orange-und-schwarz\/"},"modified":"2020-10-29T14:47:34","modified_gmt":"2020-10-29T12:47:34","slug":"lange-strickjacke-mit-traditionellem-muster-in-orange-und-schwarz","status":"publish","type":"product","link":"https:\/\/longaliisu.ee\/de\/produkt\/lange-strickjacke-mit-traditionellem-muster-in-orange-und-schwarz\/","title":{"rendered":"Lange Strickjacke mit traditionellem Muster in orange und schwarz"},"content":{"rendered":"","protected":false},"excerpt":{"rendered":"<p>Eine sehr effektvolle Farbkombination. Erg\u00e4nzt durch Taschen, Kapuze und Holzkn\u00f6pfe.<\/p>\n<p>Lieferzeit bis 3 Wochen.<\/p>\n","protected":false},"featured_media":6273,"template":"","meta":[],"product_brand":[],"product_cat":[251],"product_tag":[222,268,214],"class_list":{"0":"post-7721","1":"product","2":"type-product","3":"status-publish","4":"has-post-thumbnail","6":"product_cat-frauen-strickjacken","7":"product_tag-kaputze","8":"product_tag-orange-de","9":"product_tag-schwarz","11":"first","12":"instock","13":"taxable","14":"shipping-taxable","15":"purchasable","16":"product-type-variable"},"yoast_head":"<!-- This site is optimized with the Yoast SEO plugin v27.3 - https:\/\/yoast.com\/product\/yoast-seo-wordpress\/ -->\n<title>Lange Strickjacke mit traditionellem Muster in orange und schwarz - L\u00f5nga Liisu<\/title>\n<meta name=\"description\" content=\"Eine sehr effektvolle Farbkombination. Erg\u00e4nzt durch Taschen, Kapuze und Holzkn\u00f6pfe\" \/>\n<meta name=\"robots\" content=\"index, follow, max-snippet:-1, max-image-preview:large, max-video-preview:-1\" \/>\n<link rel=\"canonical\" href=\"https:\/\/longaliisu.ee\/de\/produkt\/lange-strickjacke-mit-traditionellem-muster-in-orange-und-schwarz\/\" \/>\n<meta property=\"og:locale\" content=\"de_DE\" \/>\n<meta property=\"og:type\" content=\"article\" \/>\n<meta property=\"og:title\" content=\"Lange Strickjacke mit traditionellem Muster in orange und schwarz - L\u00f5nga Liisu\" \/>\n<meta property=\"og:description\" content=\"Eine sehr effektvolle Farbkombination. Erg\u00e4nzt durch Taschen, Kapuze und Holzkn\u00f6pfe\" \/>\n<meta property=\"og:url\" content=\"https:\/\/longaliisu.ee\/de\/produkt\/lange-strickjacke-mit-traditionellem-muster-in-orange-und-schwarz\/\" \/>\n<meta property=\"og:site_name\" content=\"L\u00f5nga Liisu\" \/>\n<meta property=\"article:modified_time\" content=\"2020-10-29T12:47:34+00:00\" \/>\n<meta property=\"og:image\" content=\"https:\/\/longaliisu.ee\/wp-content\/uploads\/2020\/10\/DSC_0676.jpg\" \/>\n\t<meta property=\"og:image:width\" content=\"500\" \/>\n\t<meta property=\"og:image:height\" content=\"500\" \/>\n\t<meta property=\"og:image:type\" content=\"image\/jpeg\" \/>\n<meta name=\"twitter:card\" content=\"summary_large_image\" \/>\n<script type=\"application\/ld+json\" class=\"yoast-schema-graph\">{\"@context\":\"https:\\\/\\\/schema.org\",\"@graph\":[{\"@type\":\"WebPage\",\"@id\":\"https:\\\/\\\/longaliisu.ee\\\/de\\\/produkt\\\/lange-strickjacke-mit-traditionellem-muster-in-orange-und-schwarz\\\/\",\"url\":\"https:\\\/\\\/longaliisu.ee\\\/de\\\/produkt\\\/lange-strickjacke-mit-traditionellem-muster-in-orange-und-schwarz\\\/\",\"name\":\"Lange Strickjacke mit traditionellem Muster in orange und schwarz - L\u00f5nga Liisu\",\"isPartOf\":{\"@id\":\"https:\\\/\\\/longaliisu.ee\\\/#website\"},\"primaryImageOfPage\":{\"@id\":\"https:\\\/\\\/longaliisu.ee\\\/de\\\/produkt\\\/lange-strickjacke-mit-traditionellem-muster-in-orange-und-schwarz\\\/#primaryimage\"},\"image\":{\"@id\":\"https:\\\/\\\/longaliisu.ee\\\/de\\\/produkt\\\/lange-strickjacke-mit-traditionellem-muster-in-orange-und-schwarz\\\/#primaryimage\"},\"thumbnailUrl\":\"https:\\\/\\\/longaliisu.ee\\\/wp-content\\\/uploads\\\/2020\\\/10\\\/DSC_0676.jpg\",\"datePublished\":\"2020-10-19T15:49:44+00:00\",\"dateModified\":\"2020-10-29T12:47:34+00:00\",\"description\":\"Eine sehr effektvolle Farbkombination. Erg\u00e4nzt durch Taschen, Kapuze und Holzkn\u00f6pfe\",\"breadcrumb\":{\"@id\":\"https:\\\/\\\/longaliisu.ee\\\/de\\\/produkt\\\/lange-strickjacke-mit-traditionellem-muster-in-orange-und-schwarz\\\/#breadcrumb\"},\"inLanguage\":\"de\",\"potentialAction\":[{\"@type\":\"ReadAction\",\"target\":[\"https:\\\/\\\/longaliisu.ee\\\/de\\\/produkt\\\/lange-strickjacke-mit-traditionellem-muster-in-orange-und-schwarz\\\/\"]}]},{\"@type\":\"ImageObject\",\"inLanguage\":\"de\",\"@id\":\"https:\\\/\\\/longaliisu.ee\\\/de\\\/produkt\\\/lange-strickjacke-mit-traditionellem-muster-in-orange-und-schwarz\\\/#primaryimage\",\"url\":\"https:\\\/\\\/longaliisu.ee\\\/wp-content\\\/uploads\\\/2020\\\/10\\\/DSC_0676.jpg\",\"contentUrl\":\"https:\\\/\\\/longaliisu.ee\\\/wp-content\\\/uploads\\\/2020\\\/10\\\/DSC_0676.jpg\",\"width\":500,\"height\":500},{\"@type\":\"BreadcrumbList\",\"@id\":\"https:\\\/\\\/longaliisu.ee\\\/de\\\/produkt\\\/lange-strickjacke-mit-traditionellem-muster-in-orange-und-schwarz\\\/#breadcrumb\",\"itemListElement\":[{\"@type\":\"ListItem\",\"position\":1,\"name\":\"Home\",\"item\":\"https:\\\/\\\/longaliisu.ee\\\/de\\\/\"},{\"@type\":\"ListItem\",\"position\":2,\"name\":\"E-store\",\"item\":\"https:\\\/\\\/longaliisu.ee\\\/de\\\/e-store\\\/\"},{\"@type\":\"ListItem\",\"position\":3,\"name\":\"Lange Strickjacke mit traditionellem Muster in orange und schwarz\"}]},{\"@type\":\"WebSite\",\"@id\":\"https:\\\/\\\/longaliisu.ee\\\/#website\",\"url\":\"https:\\\/\\\/longaliisu.ee\\\/\",\"name\":\"L\u00f5nga Liisu\",\"description\":\"L\u00f5nga Liisu k\u00e4sit\u00f6\u00f6 ja kudumid\",\"potentialAction\":[{\"@type\":\"SearchAction\",\"target\":{\"@type\":\"EntryPoint\",\"urlTemplate\":\"https:\\\/\\\/longaliisu.ee\\\/?s={search_term_string}\"},\"query-input\":{\"@type\":\"PropertyValueSpecification\",\"valueRequired\":true,\"valueName\":\"search_term_string\"}}],\"inLanguage\":\"de\"}]}<\/script>\n<!-- \/ Yoast SEO plugin. -->","yoast_head_json":{"title":"Lange Strickjacke mit traditionellem Muster in orange und schwarz - L\u00f5nga Liisu","description":"Eine sehr effektvolle Farbkombination. Erg\u00e4nzt durch Taschen, Kapuze und Holzkn\u00f6pfe","robots":{"index":"index","follow":"follow","max-snippet":"max-snippet:-1","max-image-preview":"max-image-preview:large","max-video-preview":"max-video-preview:-1"},"canonical":"https:\/\/longaliisu.ee\/de\/produkt\/lange-strickjacke-mit-traditionellem-muster-in-orange-und-schwarz\/","og_locale":"de_DE","og_type":"article","og_title":"Lange Strickjacke mit traditionellem Muster in orange und schwarz - L\u00f5nga Liisu","og_description":"Eine sehr effektvolle Farbkombination. Erg\u00e4nzt durch Taschen, Kapuze und Holzkn\u00f6pfe","og_url":"https:\/\/longaliisu.ee\/de\/produkt\/lange-strickjacke-mit-traditionellem-muster-in-orange-und-schwarz\/","og_site_name":"L\u00f5nga Liisu","article_modified_time":"2020-10-29T12:47:34+00:00","og_image":[{"width":500,"height":500,"url":"https:\/\/longaliisu.ee\/wp-content\/uploads\/2020\/10\/DSC_0676.jpg","type":"image\/jpeg"}],"twitter_card":"summary_large_image","schema":{"@context":"https:\/\/schema.org","@graph":[{"@type":"WebPage","@id":"https:\/\/longaliisu.ee\/de\/produkt\/lange-strickjacke-mit-traditionellem-muster-in-orange-und-schwarz\/","url":"https:\/\/longaliisu.ee\/de\/produkt\/lange-strickjacke-mit-traditionellem-muster-in-orange-und-schwarz\/","name":"Lange Strickjacke mit traditionellem Muster in orange und schwarz - L\u00f5nga Liisu","isPartOf":{"@id":"https:\/\/longaliisu.ee\/#website"},"primaryImageOfPage":{"@id":"https:\/\/longaliisu.ee\/de\/produkt\/lange-strickjacke-mit-traditionellem-muster-in-orange-und-schwarz\/#primaryimage"},"image":{"@id":"https:\/\/longaliisu.ee\/de\/produkt\/lange-strickjacke-mit-traditionellem-muster-in-orange-und-schwarz\/#primaryimage"},"thumbnailUrl":"https:\/\/longaliisu.ee\/wp-content\/uploads\/2020\/10\/DSC_0676.jpg","datePublished":"2020-10-19T15:49:44+00:00","dateModified":"2020-10-29T12:47:34+00:00","description":"Eine sehr effektvolle Farbkombination. Erg\u00e4nzt durch Taschen, Kapuze und Holzkn\u00f6pfe","breadcrumb":{"@id":"https:\/\/longaliisu.ee\/de\/produkt\/lange-strickjacke-mit-traditionellem-muster-in-orange-und-schwarz\/#breadcrumb"},"inLanguage":"de","potentialAction":[{"@type":"ReadAction","target":["https:\/\/longaliisu.ee\/de\/produkt\/lange-strickjacke-mit-traditionellem-muster-in-orange-und-schwarz\/"]}]},{"@type":"ImageObject","inLanguage":"de","@id":"https:\/\/longaliisu.ee\/de\/produkt\/lange-strickjacke-mit-traditionellem-muster-in-orange-und-schwarz\/#primaryimage","url":"https:\/\/longaliisu.ee\/wp-content\/uploads\/2020\/10\/DSC_0676.jpg","contentUrl":"https:\/\/longaliisu.ee\/wp-content\/uploads\/2020\/10\/DSC_0676.jpg","width":500,"height":500},{"@type":"BreadcrumbList","@id":"https:\/\/longaliisu.ee\/de\/produkt\/lange-strickjacke-mit-traditionellem-muster-in-orange-und-schwarz\/#breadcrumb","itemListElement":[{"@type":"ListItem","position":1,"name":"Home","item":"https:\/\/longaliisu.ee\/de\/"},{"@type":"ListItem","position":2,"name":"E-store","item":"https:\/\/longaliisu.ee\/de\/e-store\/"},{"@type":"ListItem","position":3,"name":"Lange Strickjacke mit traditionellem Muster in orange und schwarz"}]},{"@type":"WebSite","@id":"https:\/\/longaliisu.ee\/#website","url":"https:\/\/longaliisu.ee\/","name":"L\u00f5nga Liisu","description":"L\u00f5nga Liisu k\u00e4sit\u00f6\u00f6 ja kudumid","potentialAction":[{"@type":"SearchAction","target":{"@type":"EntryPoint","urlTemplate":"https:\/\/longaliisu.ee\/?s={search_term_string}"},"query-input":{"@type":"PropertyValueSpecification","valueRequired":true,"valueName":"search_term_string"}}],"inLanguage":"de"}]}},"_links":{"self":[{"href":"https:\/\/longaliisu.ee\/de\/wp-json\/wp\/v2\/product\/7721","targetHints":{"allow":["GET"]}}],"collection":[{"href":"https:\/\/longaliisu.ee\/de\/wp-json\/wp\/v2\/product"}],"about":[{"href":"https:\/\/longaliisu.ee\/de\/wp-json\/wp\/v2\/types\/product"}],"wp:featuredmedia":[{"embeddable":true,"href":"https:\/\/longaliisu.ee\/de\/wp-json\/wp\/v2\/media\/6273"}],"wp:attachment":[{"href":"https:\/\/longaliisu.ee\/de\/wp-json\/wp\/v2\/media?parent=7721"}],"wp:term":[{"taxonomy":"product_brand","embeddable":true,"href":"https:\/\/longaliisu.ee\/de\/wp-json\/wp\/v2\/product_brand?post=7721"},{"taxonomy":"product_cat","embeddable":true,"href":"https:\/\/longaliisu.ee\/de\/wp-json\/wp\/v2\/product_cat?post=7721"},{"taxonomy":"product_tag","embeddable":true,"href":"https:\/\/longaliisu.ee\/de\/wp-json\/wp\/v2\/product_tag?post=7721"}],"curies":[{"name":"wp","href":"https:\/\/api.w.org\/{rel}","templated":true}]}}