{"id":7714,"date":"2020-10-19T20:37:50","date_gmt":"2020-10-19T17:37:50","guid":{"rendered":"https:\/\/longaliisu.ee\/toode\/traditioneller-poncho-in-dunklen-tonen-mit-kapuze\/"},"modified":"2023-08-20T00:06:32","modified_gmt":"2023-08-19T21:06:32","slug":"traditioneller-poncho-in-dunklen-tonen-mit-kapuze","status":"publish","type":"product","link":"https:\/\/longaliisu.ee\/de\/produkt\/traditioneller-poncho-in-dunklen-tonen-mit-kapuze\/","title":{"rendered":"Traditioneller Poncho in dunklen T\u00f6nen mit Kapuze"},"content":{"rendered":"","protected":false},"excerpt":{"rendered":"<p>Muster aus einer Kombination von schwarz und dunkelgrau mit einem Randmuster aus interessanter Farbauswahl. Sch\u00f6ner und praktischer Poncho.<\/p>\n<p>Lieferzeit bis 3 Wochen.<\/p>\n","protected":false},"featured_media":6246,"template":"","meta":[],"product_brand":[],"product_cat":[255],"product_tag":[213,222,214],"class_list":{"0":"post-7714","1":"product","2":"type-product","3":"status-publish","4":"has-post-thumbnail","6":"product_cat-frauen-ponchos","7":"product_tag-grau","8":"product_tag-kaputze","9":"product_tag-schwarz","11":"first","12":"instock","13":"taxable","14":"shipping-taxable","15":"purchasable","16":"product-type-variable"},"yoast_head":"<!-- This site is optimized with the Yoast SEO plugin v27.3 - https:\/\/yoast.com\/product\/yoast-seo-wordpress\/ -->\n<title>Traditioneller Poncho in dunklen T\u00f6nen mit Kapuze - L\u00f5nga Liisu<\/title>\n<meta name=\"description\" content=\"Muster aus einer Kombination von schwarz und dunkelgrau mit einem Randmuster aus interessanter Farbauswahl. Sch\u00f6ner und praktischer Poncho\" \/>\n<meta name=\"robots\" content=\"index, follow, max-snippet:-1, max-image-preview:large, max-video-preview:-1\" \/>\n<link rel=\"canonical\" href=\"https:\/\/longaliisu.ee\/de\/produkt\/traditioneller-poncho-in-dunklen-tonen-mit-kapuze\/\" \/>\n<meta property=\"og:locale\" content=\"de_DE\" \/>\n<meta property=\"og:type\" content=\"article\" \/>\n<meta property=\"og:title\" content=\"Traditioneller Poncho in dunklen T\u00f6nen mit Kapuze - L\u00f5nga Liisu\" \/>\n<meta property=\"og:description\" content=\"Muster aus einer Kombination von schwarz und dunkelgrau mit einem Randmuster aus interessanter Farbauswahl. Sch\u00f6ner und praktischer Poncho\" \/>\n<meta property=\"og:url\" content=\"https:\/\/longaliisu.ee\/de\/produkt\/traditioneller-poncho-in-dunklen-tonen-mit-kapuze\/\" \/>\n<meta property=\"og:site_name\" content=\"L\u00f5nga Liisu\" \/>\n<meta property=\"article:modified_time\" content=\"2023-08-19T21:06:32+00:00\" \/>\n<meta property=\"og:image\" content=\"https:\/\/longaliisu.ee\/wp-content\/uploads\/2020\/10\/DSC_0638.jpg\" \/>\n\t<meta property=\"og:image:width\" content=\"500\" \/>\n\t<meta property=\"og:image:height\" content=\"500\" \/>\n\t<meta property=\"og:image:type\" content=\"image\/jpeg\" \/>\n<meta name=\"twitter:card\" content=\"summary_large_image\" \/>\n<script type=\"application\/ld+json\" class=\"yoast-schema-graph\">{\"@context\":\"https:\\\/\\\/schema.org\",\"@graph\":[{\"@type\":\"WebPage\",\"@id\":\"https:\\\/\\\/longaliisu.ee\\\/de\\\/produkt\\\/traditioneller-poncho-in-dunklen-tonen-mit-kapuze\\\/\",\"url\":\"https:\\\/\\\/longaliisu.ee\\\/de\\\/produkt\\\/traditioneller-poncho-in-dunklen-tonen-mit-kapuze\\\/\",\"name\":\"Traditioneller Poncho in dunklen T\u00f6nen mit Kapuze - L\u00f5nga Liisu\",\"isPartOf\":{\"@id\":\"https:\\\/\\\/longaliisu.ee\\\/#website\"},\"primaryImageOfPage\":{\"@id\":\"https:\\\/\\\/longaliisu.ee\\\/de\\\/produkt\\\/traditioneller-poncho-in-dunklen-tonen-mit-kapuze\\\/#primaryimage\"},\"image\":{\"@id\":\"https:\\\/\\\/longaliisu.ee\\\/de\\\/produkt\\\/traditioneller-poncho-in-dunklen-tonen-mit-kapuze\\\/#primaryimage\"},\"thumbnailUrl\":\"https:\\\/\\\/longaliisu.ee\\\/wp-content\\\/uploads\\\/2020\\\/10\\\/DSC_0638.jpg\",\"datePublished\":\"2020-10-19T17:37:50+00:00\",\"dateModified\":\"2023-08-19T21:06:32+00:00\",\"description\":\"Muster aus einer Kombination von schwarz und dunkelgrau mit einem Randmuster aus interessanter Farbauswahl. Sch\u00f6ner und praktischer Poncho\",\"breadcrumb\":{\"@id\":\"https:\\\/\\\/longaliisu.ee\\\/de\\\/produkt\\\/traditioneller-poncho-in-dunklen-tonen-mit-kapuze\\\/#breadcrumb\"},\"inLanguage\":\"de\",\"potentialAction\":[{\"@type\":\"ReadAction\",\"target\":[\"https:\\\/\\\/longaliisu.ee\\\/de\\\/produkt\\\/traditioneller-poncho-in-dunklen-tonen-mit-kapuze\\\/\"]}]},{\"@type\":\"ImageObject\",\"inLanguage\":\"de\",\"@id\":\"https:\\\/\\\/longaliisu.ee\\\/de\\\/produkt\\\/traditioneller-poncho-in-dunklen-tonen-mit-kapuze\\\/#primaryimage\",\"url\":\"https:\\\/\\\/longaliisu.ee\\\/wp-content\\\/uploads\\\/2020\\\/10\\\/DSC_0638.jpg\",\"contentUrl\":\"https:\\\/\\\/longaliisu.ee\\\/wp-content\\\/uploads\\\/2020\\\/10\\\/DSC_0638.jpg\",\"width\":500,\"height\":500},{\"@type\":\"BreadcrumbList\",\"@id\":\"https:\\\/\\\/longaliisu.ee\\\/de\\\/produkt\\\/traditioneller-poncho-in-dunklen-tonen-mit-kapuze\\\/#breadcrumb\",\"itemListElement\":[{\"@type\":\"ListItem\",\"position\":1,\"name\":\"Home\",\"item\":\"https:\\\/\\\/longaliisu.ee\\\/de\\\/\"},{\"@type\":\"ListItem\",\"position\":2,\"name\":\"E-store\",\"item\":\"https:\\\/\\\/longaliisu.ee\\\/de\\\/e-store\\\/\"},{\"@type\":\"ListItem\",\"position\":3,\"name\":\"Traditioneller Poncho in dunklen T\u00f6nen mit Kapuze\"}]},{\"@type\":\"WebSite\",\"@id\":\"https:\\\/\\\/longaliisu.ee\\\/#website\",\"url\":\"https:\\\/\\\/longaliisu.ee\\\/\",\"name\":\"L\u00f5nga Liisu\",\"description\":\"L\u00f5nga Liisu k\u00e4sit\u00f6\u00f6 ja kudumid\",\"potentialAction\":[{\"@type\":\"SearchAction\",\"target\":{\"@type\":\"EntryPoint\",\"urlTemplate\":\"https:\\\/\\\/longaliisu.ee\\\/?s={search_term_string}\"},\"query-input\":{\"@type\":\"PropertyValueSpecification\",\"valueRequired\":true,\"valueName\":\"search_term_string\"}}],\"inLanguage\":\"de\"}]}<\/script>\n<!-- \/ Yoast SEO plugin. -->","yoast_head_json":{"title":"Traditioneller Poncho in dunklen T\u00f6nen mit Kapuze - L\u00f5nga Liisu","description":"Muster aus einer Kombination von schwarz und dunkelgrau mit einem Randmuster aus interessanter Farbauswahl. Sch\u00f6ner und praktischer Poncho","robots":{"index":"index","follow":"follow","max-snippet":"max-snippet:-1","max-image-preview":"max-image-preview:large","max-video-preview":"max-video-preview:-1"},"canonical":"https:\/\/longaliisu.ee\/de\/produkt\/traditioneller-poncho-in-dunklen-tonen-mit-kapuze\/","og_locale":"de_DE","og_type":"article","og_title":"Traditioneller Poncho in dunklen T\u00f6nen mit Kapuze - L\u00f5nga Liisu","og_description":"Muster aus einer Kombination von schwarz und dunkelgrau mit einem Randmuster aus interessanter Farbauswahl. Sch\u00f6ner und praktischer Poncho","og_url":"https:\/\/longaliisu.ee\/de\/produkt\/traditioneller-poncho-in-dunklen-tonen-mit-kapuze\/","og_site_name":"L\u00f5nga Liisu","article_modified_time":"2023-08-19T21:06:32+00:00","og_image":[{"width":500,"height":500,"url":"https:\/\/longaliisu.ee\/wp-content\/uploads\/2020\/10\/DSC_0638.jpg","type":"image\/jpeg"}],"twitter_card":"summary_large_image","schema":{"@context":"https:\/\/schema.org","@graph":[{"@type":"WebPage","@id":"https:\/\/longaliisu.ee\/de\/produkt\/traditioneller-poncho-in-dunklen-tonen-mit-kapuze\/","url":"https:\/\/longaliisu.ee\/de\/produkt\/traditioneller-poncho-in-dunklen-tonen-mit-kapuze\/","name":"Traditioneller Poncho in dunklen T\u00f6nen mit Kapuze - L\u00f5nga Liisu","isPartOf":{"@id":"https:\/\/longaliisu.ee\/#website"},"primaryImageOfPage":{"@id":"https:\/\/longaliisu.ee\/de\/produkt\/traditioneller-poncho-in-dunklen-tonen-mit-kapuze\/#primaryimage"},"image":{"@id":"https:\/\/longaliisu.ee\/de\/produkt\/traditioneller-poncho-in-dunklen-tonen-mit-kapuze\/#primaryimage"},"thumbnailUrl":"https:\/\/longaliisu.ee\/wp-content\/uploads\/2020\/10\/DSC_0638.jpg","datePublished":"2020-10-19T17:37:50+00:00","dateModified":"2023-08-19T21:06:32+00:00","description":"Muster aus einer Kombination von schwarz und dunkelgrau mit einem Randmuster aus interessanter Farbauswahl. Sch\u00f6ner und praktischer Poncho","breadcrumb":{"@id":"https:\/\/longaliisu.ee\/de\/produkt\/traditioneller-poncho-in-dunklen-tonen-mit-kapuze\/#breadcrumb"},"inLanguage":"de","potentialAction":[{"@type":"ReadAction","target":["https:\/\/longaliisu.ee\/de\/produkt\/traditioneller-poncho-in-dunklen-tonen-mit-kapuze\/"]}]},{"@type":"ImageObject","inLanguage":"de","@id":"https:\/\/longaliisu.ee\/de\/produkt\/traditioneller-poncho-in-dunklen-tonen-mit-kapuze\/#primaryimage","url":"https:\/\/longaliisu.ee\/wp-content\/uploads\/2020\/10\/DSC_0638.jpg","contentUrl":"https:\/\/longaliisu.ee\/wp-content\/uploads\/2020\/10\/DSC_0638.jpg","width":500,"height":500},{"@type":"BreadcrumbList","@id":"https:\/\/longaliisu.ee\/de\/produkt\/traditioneller-poncho-in-dunklen-tonen-mit-kapuze\/#breadcrumb","itemListElement":[{"@type":"ListItem","position":1,"name":"Home","item":"https:\/\/longaliisu.ee\/de\/"},{"@type":"ListItem","position":2,"name":"E-store","item":"https:\/\/longaliisu.ee\/de\/e-store\/"},{"@type":"ListItem","position":3,"name":"Traditioneller Poncho in dunklen T\u00f6nen mit Kapuze"}]},{"@type":"WebSite","@id":"https:\/\/longaliisu.ee\/#website","url":"https:\/\/longaliisu.ee\/","name":"L\u00f5nga Liisu","description":"L\u00f5nga Liisu k\u00e4sit\u00f6\u00f6 ja kudumid","potentialAction":[{"@type":"SearchAction","target":{"@type":"EntryPoint","urlTemplate":"https:\/\/longaliisu.ee\/?s={search_term_string}"},"query-input":{"@type":"PropertyValueSpecification","valueRequired":true,"valueName":"search_term_string"}}],"inLanguage":"de"}]}},"_links":{"self":[{"href":"https:\/\/longaliisu.ee\/de\/wp-json\/wp\/v2\/product\/7714","targetHints":{"allow":["GET"]}}],"collection":[{"href":"https:\/\/longaliisu.ee\/de\/wp-json\/wp\/v2\/product"}],"about":[{"href":"https:\/\/longaliisu.ee\/de\/wp-json\/wp\/v2\/types\/product"}],"wp:featuredmedia":[{"embeddable":true,"href":"https:\/\/longaliisu.ee\/de\/wp-json\/wp\/v2\/media\/6246"}],"wp:attachment":[{"href":"https:\/\/longaliisu.ee\/de\/wp-json\/wp\/v2\/media?parent=7714"}],"wp:term":[{"taxonomy":"product_brand","embeddable":true,"href":"https:\/\/longaliisu.ee\/de\/wp-json\/wp\/v2\/product_brand?post=7714"},{"taxonomy":"product_cat","embeddable":true,"href":"https:\/\/longaliisu.ee\/de\/wp-json\/wp\/v2\/product_cat?post=7714"},{"taxonomy":"product_tag","embeddable":true,"href":"https:\/\/longaliisu.ee\/de\/wp-json\/wp\/v2\/product_tag?post=7714"}],"curies":[{"name":"wp","href":"https:\/\/api.w.org\/{rel}","templated":true}]}}