{"id":7603,"date":"2020-10-25T13:59:29","date_gmt":"2020-10-25T11:59:29","guid":{"rendered":"https:\/\/longaliisu.ee\/toode\/mutze-in-strahlenden-farben-mit-sternchen\/"},"modified":"2020-10-29T11:52:22","modified_gmt":"2020-10-29T09:52:22","slug":"mutze-in-strahlenden-farben-mit-sternchen","status":"publish","type":"product","link":"https:\/\/longaliisu.ee\/de\/produkt\/mutze-in-strahlenden-farben-mit-sternchen\/","title":{"rendered":"M\u00fctze in strahlenden Farben mit Sternchen"},"content":{"rendered":"","protected":false},"excerpt":{"rendered":"<p>Sehr sch\u00f6ne warme M\u00fctze mit Ohren in rot und schwarz.<\/p>\n<p>Lieferzeit bis 3 Wochen.<\/p>\n","protected":false},"featured_media":7087,"template":"","meta":[],"product_brand":[],"product_cat":[257],"product_tag":[267,219,214],"class_list":{"0":"post-7603","1":"product","2":"type-product","3":"status-publish","4":"has-post-thumbnail","6":"product_cat-erwachsenen-mutzen-kurz","7":"product_tag-muster-de","8":"product_tag-rot","9":"product_tag-schwarz","11":"first","12":"instock","13":"taxable","14":"shipping-taxable","15":"purchasable","16":"product-type-variable"},"yoast_head":"<!-- This site is optimized with the Yoast SEO plugin v27.3 - https:\/\/yoast.com\/product\/yoast-seo-wordpress\/ -->\n<title>M\u00fctze in strahlenden Farben mit Sternchen - L\u00f5nga Liisu<\/title>\n<meta name=\"description\" content=\"Sehr sch\u00f6ne warme M\u00fctze mit Ohren in rot und schwarz\" \/>\n<meta name=\"robots\" content=\"index, follow, max-snippet:-1, max-image-preview:large, max-video-preview:-1\" \/>\n<link rel=\"canonical\" href=\"https:\/\/longaliisu.ee\/de\/produkt\/mutze-in-strahlenden-farben-mit-sternchen\/\" \/>\n<meta property=\"og:locale\" content=\"de_DE\" \/>\n<meta property=\"og:type\" content=\"article\" \/>\n<meta property=\"og:title\" content=\"M\u00fctze in strahlenden Farben mit Sternchen - L\u00f5nga Liisu\" \/>\n<meta property=\"og:description\" content=\"Sehr sch\u00f6ne warme M\u00fctze mit Ohren in rot und schwarz\" \/>\n<meta property=\"og:url\" content=\"https:\/\/longaliisu.ee\/de\/produkt\/mutze-in-strahlenden-farben-mit-sternchen\/\" \/>\n<meta property=\"og:site_name\" content=\"L\u00f5nga Liisu\" \/>\n<meta property=\"article:modified_time\" content=\"2020-10-29T09:52:22+00:00\" \/>\n<meta property=\"og:image\" content=\"https:\/\/longaliisu.ee\/wp-content\/uploads\/2020\/10\/DSC_0816.jpg\" \/>\n\t<meta property=\"og:image:width\" content=\"500\" \/>\n\t<meta property=\"og:image:height\" content=\"500\" \/>\n\t<meta property=\"og:image:type\" content=\"image\/jpeg\" \/>\n<meta name=\"twitter:card\" content=\"summary_large_image\" \/>\n<script type=\"application\/ld+json\" class=\"yoast-schema-graph\">{\"@context\":\"https:\\\/\\\/schema.org\",\"@graph\":[{\"@type\":\"WebPage\",\"@id\":\"https:\\\/\\\/longaliisu.ee\\\/de\\\/produkt\\\/mutze-in-strahlenden-farben-mit-sternchen\\\/\",\"url\":\"https:\\\/\\\/longaliisu.ee\\\/de\\\/produkt\\\/mutze-in-strahlenden-farben-mit-sternchen\\\/\",\"name\":\"M\u00fctze in strahlenden Farben mit Sternchen - L\u00f5nga Liisu\",\"isPartOf\":{\"@id\":\"https:\\\/\\\/longaliisu.ee\\\/#website\"},\"primaryImageOfPage\":{\"@id\":\"https:\\\/\\\/longaliisu.ee\\\/de\\\/produkt\\\/mutze-in-strahlenden-farben-mit-sternchen\\\/#primaryimage\"},\"image\":{\"@id\":\"https:\\\/\\\/longaliisu.ee\\\/de\\\/produkt\\\/mutze-in-strahlenden-farben-mit-sternchen\\\/#primaryimage\"},\"thumbnailUrl\":\"https:\\\/\\\/longaliisu.ee\\\/wp-content\\\/uploads\\\/2020\\\/10\\\/DSC_0816.jpg\",\"datePublished\":\"2020-10-25T11:59:29+00:00\",\"dateModified\":\"2020-10-29T09:52:22+00:00\",\"description\":\"Sehr sch\u00f6ne warme M\u00fctze mit Ohren in rot und schwarz\",\"breadcrumb\":{\"@id\":\"https:\\\/\\\/longaliisu.ee\\\/de\\\/produkt\\\/mutze-in-strahlenden-farben-mit-sternchen\\\/#breadcrumb\"},\"inLanguage\":\"de\",\"potentialAction\":[{\"@type\":\"ReadAction\",\"target\":[\"https:\\\/\\\/longaliisu.ee\\\/de\\\/produkt\\\/mutze-in-strahlenden-farben-mit-sternchen\\\/\"]}]},{\"@type\":\"ImageObject\",\"inLanguage\":\"de\",\"@id\":\"https:\\\/\\\/longaliisu.ee\\\/de\\\/produkt\\\/mutze-in-strahlenden-farben-mit-sternchen\\\/#primaryimage\",\"url\":\"https:\\\/\\\/longaliisu.ee\\\/wp-content\\\/uploads\\\/2020\\\/10\\\/DSC_0816.jpg\",\"contentUrl\":\"https:\\\/\\\/longaliisu.ee\\\/wp-content\\\/uploads\\\/2020\\\/10\\\/DSC_0816.jpg\",\"width\":500,\"height\":500},{\"@type\":\"BreadcrumbList\",\"@id\":\"https:\\\/\\\/longaliisu.ee\\\/de\\\/produkt\\\/mutze-in-strahlenden-farben-mit-sternchen\\\/#breadcrumb\",\"itemListElement\":[{\"@type\":\"ListItem\",\"position\":1,\"name\":\"Home\",\"item\":\"https:\\\/\\\/longaliisu.ee\\\/de\\\/\"},{\"@type\":\"ListItem\",\"position\":2,\"name\":\"E-store\",\"item\":\"https:\\\/\\\/longaliisu.ee\\\/de\\\/e-store\\\/\"},{\"@type\":\"ListItem\",\"position\":3,\"name\":\"M\u00fctze in strahlenden Farben mit Sternchen\"}]},{\"@type\":\"WebSite\",\"@id\":\"https:\\\/\\\/longaliisu.ee\\\/#website\",\"url\":\"https:\\\/\\\/longaliisu.ee\\\/\",\"name\":\"L\u00f5nga Liisu\",\"description\":\"L\u00f5nga Liisu k\u00e4sit\u00f6\u00f6 ja kudumid\",\"potentialAction\":[{\"@type\":\"SearchAction\",\"target\":{\"@type\":\"EntryPoint\",\"urlTemplate\":\"https:\\\/\\\/longaliisu.ee\\\/?s={search_term_string}\"},\"query-input\":{\"@type\":\"PropertyValueSpecification\",\"valueRequired\":true,\"valueName\":\"search_term_string\"}}],\"inLanguage\":\"de\"}]}<\/script>\n<!-- \/ Yoast SEO plugin. -->","yoast_head_json":{"title":"M\u00fctze in strahlenden Farben mit Sternchen - L\u00f5nga Liisu","description":"Sehr sch\u00f6ne warme M\u00fctze mit Ohren in rot und schwarz","robots":{"index":"index","follow":"follow","max-snippet":"max-snippet:-1","max-image-preview":"max-image-preview:large","max-video-preview":"max-video-preview:-1"},"canonical":"https:\/\/longaliisu.ee\/de\/produkt\/mutze-in-strahlenden-farben-mit-sternchen\/","og_locale":"de_DE","og_type":"article","og_title":"M\u00fctze in strahlenden Farben mit Sternchen - L\u00f5nga Liisu","og_description":"Sehr sch\u00f6ne warme M\u00fctze mit Ohren in rot und schwarz","og_url":"https:\/\/longaliisu.ee\/de\/produkt\/mutze-in-strahlenden-farben-mit-sternchen\/","og_site_name":"L\u00f5nga Liisu","article_modified_time":"2020-10-29T09:52:22+00:00","og_image":[{"width":500,"height":500,"url":"https:\/\/longaliisu.ee\/wp-content\/uploads\/2020\/10\/DSC_0816.jpg","type":"image\/jpeg"}],"twitter_card":"summary_large_image","schema":{"@context":"https:\/\/schema.org","@graph":[{"@type":"WebPage","@id":"https:\/\/longaliisu.ee\/de\/produkt\/mutze-in-strahlenden-farben-mit-sternchen\/","url":"https:\/\/longaliisu.ee\/de\/produkt\/mutze-in-strahlenden-farben-mit-sternchen\/","name":"M\u00fctze in strahlenden Farben mit Sternchen - L\u00f5nga Liisu","isPartOf":{"@id":"https:\/\/longaliisu.ee\/#website"},"primaryImageOfPage":{"@id":"https:\/\/longaliisu.ee\/de\/produkt\/mutze-in-strahlenden-farben-mit-sternchen\/#primaryimage"},"image":{"@id":"https:\/\/longaliisu.ee\/de\/produkt\/mutze-in-strahlenden-farben-mit-sternchen\/#primaryimage"},"thumbnailUrl":"https:\/\/longaliisu.ee\/wp-content\/uploads\/2020\/10\/DSC_0816.jpg","datePublished":"2020-10-25T11:59:29+00:00","dateModified":"2020-10-29T09:52:22+00:00","description":"Sehr sch\u00f6ne warme M\u00fctze mit Ohren in rot und schwarz","breadcrumb":{"@id":"https:\/\/longaliisu.ee\/de\/produkt\/mutze-in-strahlenden-farben-mit-sternchen\/#breadcrumb"},"inLanguage":"de","potentialAction":[{"@type":"ReadAction","target":["https:\/\/longaliisu.ee\/de\/produkt\/mutze-in-strahlenden-farben-mit-sternchen\/"]}]},{"@type":"ImageObject","inLanguage":"de","@id":"https:\/\/longaliisu.ee\/de\/produkt\/mutze-in-strahlenden-farben-mit-sternchen\/#primaryimage","url":"https:\/\/longaliisu.ee\/wp-content\/uploads\/2020\/10\/DSC_0816.jpg","contentUrl":"https:\/\/longaliisu.ee\/wp-content\/uploads\/2020\/10\/DSC_0816.jpg","width":500,"height":500},{"@type":"BreadcrumbList","@id":"https:\/\/longaliisu.ee\/de\/produkt\/mutze-in-strahlenden-farben-mit-sternchen\/#breadcrumb","itemListElement":[{"@type":"ListItem","position":1,"name":"Home","item":"https:\/\/longaliisu.ee\/de\/"},{"@type":"ListItem","position":2,"name":"E-store","item":"https:\/\/longaliisu.ee\/de\/e-store\/"},{"@type":"ListItem","position":3,"name":"M\u00fctze in strahlenden Farben mit Sternchen"}]},{"@type":"WebSite","@id":"https:\/\/longaliisu.ee\/#website","url":"https:\/\/longaliisu.ee\/","name":"L\u00f5nga Liisu","description":"L\u00f5nga Liisu k\u00e4sit\u00f6\u00f6 ja kudumid","potentialAction":[{"@type":"SearchAction","target":{"@type":"EntryPoint","urlTemplate":"https:\/\/longaliisu.ee\/?s={search_term_string}"},"query-input":{"@type":"PropertyValueSpecification","valueRequired":true,"valueName":"search_term_string"}}],"inLanguage":"de"}]}},"_links":{"self":[{"href":"https:\/\/longaliisu.ee\/de\/wp-json\/wp\/v2\/product\/7603","targetHints":{"allow":["GET"]}}],"collection":[{"href":"https:\/\/longaliisu.ee\/de\/wp-json\/wp\/v2\/product"}],"about":[{"href":"https:\/\/longaliisu.ee\/de\/wp-json\/wp\/v2\/types\/product"}],"wp:featuredmedia":[{"embeddable":true,"href":"https:\/\/longaliisu.ee\/de\/wp-json\/wp\/v2\/media\/7087"}],"wp:attachment":[{"href":"https:\/\/longaliisu.ee\/de\/wp-json\/wp\/v2\/media?parent=7603"}],"wp:term":[{"taxonomy":"product_brand","embeddable":true,"href":"https:\/\/longaliisu.ee\/de\/wp-json\/wp\/v2\/product_brand?post=7603"},{"taxonomy":"product_cat","embeddable":true,"href":"https:\/\/longaliisu.ee\/de\/wp-json\/wp\/v2\/product_cat?post=7603"},{"taxonomy":"product_tag","embeddable":true,"href":"https:\/\/longaliisu.ee\/de\/wp-json\/wp\/v2\/product_tag?post=7603"}],"curies":[{"name":"wp","href":"https:\/\/api.w.org\/{rel}","templated":true}]}}