{"id":5177,"date":"2017-03-22T15:49:57","date_gmt":"2017-03-22T13:49:57","guid":{"rendered":"https:\/\/longaliisu.ee\/toode\/bequeme-und-sportliche-strickjacke\/"},"modified":"2022-11-01T14:33:06","modified_gmt":"2022-11-01T12:33:06","slug":"bequeme-und-sportliche-strickjacke","status":"publish","type":"product","link":"https:\/\/longaliisu.ee\/de\/produkt\/bequeme-und-sportliche-strickjacke\/","title":{"rendered":"Bequeme und sportliche Strickjacke"},"content":{"rendered":"","protected":false},"excerpt":{"rendered":"<p>Strickjacke zum \u00fcber Kopf ziehen in grau und wei\u00df mit traditionellem Muster. Die rote Farbe am Hals und an den \u00c4rmeln \u201el\u00e4sst das B\u00f6se nicht herein\u201c.<\/p>\n<p>Lieferzeit bis 3 Wochen.<\/p>\n","protected":false},"featured_media":5140,"template":"","meta":[],"product_brand":[],"product_cat":[251],"product_tag":[213,218,223],"class_list":{"0":"post-5177","1":"product","2":"type-product","3":"status-publish","4":"has-post-thumbnail","6":"product_cat-frauen-strickjacken","7":"product_tag-grau","8":"product_tag-traditionell","9":"product_tag-weis","11":"first","12":"instock","13":"taxable","14":"shipping-taxable","15":"purchasable","16":"product-type-variable"},"yoast_head":"<!-- This site is optimized with the Yoast SEO plugin v27.3 - https:\/\/yoast.com\/product\/yoast-seo-wordpress\/ -->\n<title>Bequeme und sportliche Strickjacke - L\u00f5nga Liisu<\/title>\n<meta name=\"description\" content=\"Strickjacke zum \u00fcber Kopf ziehen in grau und wei\u00df mit traditionellem Muster. Die rote Farbe am Hals und an den \u00c4rmeln \u201el\u00e4sst das B\u00f6se nicht herein\u201c.\" \/>\n<meta name=\"robots\" content=\"index, follow, max-snippet:-1, max-image-preview:large, max-video-preview:-1\" \/>\n<link rel=\"canonical\" href=\"https:\/\/longaliisu.ee\/de\/produkt\/bequeme-und-sportliche-strickjacke\/\" \/>\n<meta property=\"og:locale\" content=\"de_DE\" \/>\n<meta property=\"og:type\" content=\"article\" \/>\n<meta property=\"og:title\" content=\"Bequeme und sportliche Strickjacke - L\u00f5nga Liisu\" \/>\n<meta property=\"og:description\" content=\"Strickjacke zum \u00fcber Kopf ziehen in grau und wei\u00df mit traditionellem Muster. Die rote Farbe am Hals und an den \u00c4rmeln \u201el\u00e4sst das B\u00f6se nicht herein\u201c.\" \/>\n<meta property=\"og:url\" content=\"https:\/\/longaliisu.ee\/de\/produkt\/bequeme-und-sportliche-strickjacke\/\" \/>\n<meta property=\"og:site_name\" content=\"L\u00f5nga Liisu\" \/>\n<meta property=\"article:modified_time\" content=\"2022-11-01T12:33:06+00:00\" \/>\n<meta property=\"og:image\" content=\"https:\/\/longaliisu.ee\/wp-content\/uploads\/2017\/03\/DSC_0403.jpg\" \/>\n\t<meta property=\"og:image:width\" content=\"500\" \/>\n\t<meta property=\"og:image:height\" content=\"500\" \/>\n\t<meta property=\"og:image:type\" content=\"image\/jpeg\" \/>\n<meta name=\"twitter:card\" content=\"summary_large_image\" \/>\n<script type=\"application\/ld+json\" class=\"yoast-schema-graph\">{\"@context\":\"https:\\\/\\\/schema.org\",\"@graph\":[{\"@type\":\"WebPage\",\"@id\":\"https:\\\/\\\/longaliisu.ee\\\/de\\\/produkt\\\/bequeme-und-sportliche-strickjacke\\\/\",\"url\":\"https:\\\/\\\/longaliisu.ee\\\/de\\\/produkt\\\/bequeme-und-sportliche-strickjacke\\\/\",\"name\":\"Bequeme und sportliche Strickjacke - L\u00f5nga Liisu\",\"isPartOf\":{\"@id\":\"https:\\\/\\\/longaliisu.ee\\\/#website\"},\"primaryImageOfPage\":{\"@id\":\"https:\\\/\\\/longaliisu.ee\\\/de\\\/produkt\\\/bequeme-und-sportliche-strickjacke\\\/#primaryimage\"},\"image\":{\"@id\":\"https:\\\/\\\/longaliisu.ee\\\/de\\\/produkt\\\/bequeme-und-sportliche-strickjacke\\\/#primaryimage\"},\"thumbnailUrl\":\"https:\\\/\\\/longaliisu.ee\\\/wp-content\\\/uploads\\\/2017\\\/03\\\/DSC_0403.jpg\",\"datePublished\":\"2017-03-22T13:49:57+00:00\",\"dateModified\":\"2022-11-01T12:33:06+00:00\",\"description\":\"Strickjacke zum \u00fcber Kopf ziehen in grau und wei\u00df mit traditionellem Muster. Die rote Farbe am Hals und an den \u00c4rmeln \u201el\u00e4sst das B\u00f6se nicht herein\u201c.\",\"breadcrumb\":{\"@id\":\"https:\\\/\\\/longaliisu.ee\\\/de\\\/produkt\\\/bequeme-und-sportliche-strickjacke\\\/#breadcrumb\"},\"inLanguage\":\"de\",\"potentialAction\":[{\"@type\":\"ReadAction\",\"target\":[\"https:\\\/\\\/longaliisu.ee\\\/de\\\/produkt\\\/bequeme-und-sportliche-strickjacke\\\/\"]}]},{\"@type\":\"ImageObject\",\"inLanguage\":\"de\",\"@id\":\"https:\\\/\\\/longaliisu.ee\\\/de\\\/produkt\\\/bequeme-und-sportliche-strickjacke\\\/#primaryimage\",\"url\":\"https:\\\/\\\/longaliisu.ee\\\/wp-content\\\/uploads\\\/2017\\\/03\\\/DSC_0403.jpg\",\"contentUrl\":\"https:\\\/\\\/longaliisu.ee\\\/wp-content\\\/uploads\\\/2017\\\/03\\\/DSC_0403.jpg\",\"width\":500,\"height\":500},{\"@type\":\"BreadcrumbList\",\"@id\":\"https:\\\/\\\/longaliisu.ee\\\/de\\\/produkt\\\/bequeme-und-sportliche-strickjacke\\\/#breadcrumb\",\"itemListElement\":[{\"@type\":\"ListItem\",\"position\":1,\"name\":\"Home\",\"item\":\"https:\\\/\\\/longaliisu.ee\\\/de\\\/\"},{\"@type\":\"ListItem\",\"position\":2,\"name\":\"E-store\",\"item\":\"https:\\\/\\\/longaliisu.ee\\\/de\\\/e-store\\\/\"},{\"@type\":\"ListItem\",\"position\":3,\"name\":\"Bequeme und sportliche Strickjacke\"}]},{\"@type\":\"WebSite\",\"@id\":\"https:\\\/\\\/longaliisu.ee\\\/#website\",\"url\":\"https:\\\/\\\/longaliisu.ee\\\/\",\"name\":\"L\u00f5nga Liisu\",\"description\":\"L\u00f5nga Liisu k\u00e4sit\u00f6\u00f6 ja kudumid\",\"potentialAction\":[{\"@type\":\"SearchAction\",\"target\":{\"@type\":\"EntryPoint\",\"urlTemplate\":\"https:\\\/\\\/longaliisu.ee\\\/?s={search_term_string}\"},\"query-input\":{\"@type\":\"PropertyValueSpecification\",\"valueRequired\":true,\"valueName\":\"search_term_string\"}}],\"inLanguage\":\"de\"}]}<\/script>\n<!-- \/ Yoast SEO plugin. -->","yoast_head_json":{"title":"Bequeme und sportliche Strickjacke - L\u00f5nga Liisu","description":"Strickjacke zum \u00fcber Kopf ziehen in grau und wei\u00df mit traditionellem Muster. Die rote Farbe am Hals und an den \u00c4rmeln \u201el\u00e4sst das B\u00f6se nicht herein\u201c.","robots":{"index":"index","follow":"follow","max-snippet":"max-snippet:-1","max-image-preview":"max-image-preview:large","max-video-preview":"max-video-preview:-1"},"canonical":"https:\/\/longaliisu.ee\/de\/produkt\/bequeme-und-sportliche-strickjacke\/","og_locale":"de_DE","og_type":"article","og_title":"Bequeme und sportliche Strickjacke - L\u00f5nga Liisu","og_description":"Strickjacke zum \u00fcber Kopf ziehen in grau und wei\u00df mit traditionellem Muster. Die rote Farbe am Hals und an den \u00c4rmeln \u201el\u00e4sst das B\u00f6se nicht herein\u201c.","og_url":"https:\/\/longaliisu.ee\/de\/produkt\/bequeme-und-sportliche-strickjacke\/","og_site_name":"L\u00f5nga Liisu","article_modified_time":"2022-11-01T12:33:06+00:00","og_image":[{"width":500,"height":500,"url":"https:\/\/longaliisu.ee\/wp-content\/uploads\/2017\/03\/DSC_0403.jpg","type":"image\/jpeg"}],"twitter_card":"summary_large_image","schema":{"@context":"https:\/\/schema.org","@graph":[{"@type":"WebPage","@id":"https:\/\/longaliisu.ee\/de\/produkt\/bequeme-und-sportliche-strickjacke\/","url":"https:\/\/longaliisu.ee\/de\/produkt\/bequeme-und-sportliche-strickjacke\/","name":"Bequeme und sportliche Strickjacke - L\u00f5nga Liisu","isPartOf":{"@id":"https:\/\/longaliisu.ee\/#website"},"primaryImageOfPage":{"@id":"https:\/\/longaliisu.ee\/de\/produkt\/bequeme-und-sportliche-strickjacke\/#primaryimage"},"image":{"@id":"https:\/\/longaliisu.ee\/de\/produkt\/bequeme-und-sportliche-strickjacke\/#primaryimage"},"thumbnailUrl":"https:\/\/longaliisu.ee\/wp-content\/uploads\/2017\/03\/DSC_0403.jpg","datePublished":"2017-03-22T13:49:57+00:00","dateModified":"2022-11-01T12:33:06+00:00","description":"Strickjacke zum \u00fcber Kopf ziehen in grau und wei\u00df mit traditionellem Muster. Die rote Farbe am Hals und an den \u00c4rmeln \u201el\u00e4sst das B\u00f6se nicht herein\u201c.","breadcrumb":{"@id":"https:\/\/longaliisu.ee\/de\/produkt\/bequeme-und-sportliche-strickjacke\/#breadcrumb"},"inLanguage":"de","potentialAction":[{"@type":"ReadAction","target":["https:\/\/longaliisu.ee\/de\/produkt\/bequeme-und-sportliche-strickjacke\/"]}]},{"@type":"ImageObject","inLanguage":"de","@id":"https:\/\/longaliisu.ee\/de\/produkt\/bequeme-und-sportliche-strickjacke\/#primaryimage","url":"https:\/\/longaliisu.ee\/wp-content\/uploads\/2017\/03\/DSC_0403.jpg","contentUrl":"https:\/\/longaliisu.ee\/wp-content\/uploads\/2017\/03\/DSC_0403.jpg","width":500,"height":500},{"@type":"BreadcrumbList","@id":"https:\/\/longaliisu.ee\/de\/produkt\/bequeme-und-sportliche-strickjacke\/#breadcrumb","itemListElement":[{"@type":"ListItem","position":1,"name":"Home","item":"https:\/\/longaliisu.ee\/de\/"},{"@type":"ListItem","position":2,"name":"E-store","item":"https:\/\/longaliisu.ee\/de\/e-store\/"},{"@type":"ListItem","position":3,"name":"Bequeme und sportliche Strickjacke"}]},{"@type":"WebSite","@id":"https:\/\/longaliisu.ee\/#website","url":"https:\/\/longaliisu.ee\/","name":"L\u00f5nga Liisu","description":"L\u00f5nga Liisu k\u00e4sit\u00f6\u00f6 ja kudumid","potentialAction":[{"@type":"SearchAction","target":{"@type":"EntryPoint","urlTemplate":"https:\/\/longaliisu.ee\/?s={search_term_string}"},"query-input":{"@type":"PropertyValueSpecification","valueRequired":true,"valueName":"search_term_string"}}],"inLanguage":"de"}]}},"_links":{"self":[{"href":"https:\/\/longaliisu.ee\/de\/wp-json\/wp\/v2\/product\/5177","targetHints":{"allow":["GET"]}}],"collection":[{"href":"https:\/\/longaliisu.ee\/de\/wp-json\/wp\/v2\/product"}],"about":[{"href":"https:\/\/longaliisu.ee\/de\/wp-json\/wp\/v2\/types\/product"}],"wp:featuredmedia":[{"embeddable":true,"href":"https:\/\/longaliisu.ee\/de\/wp-json\/wp\/v2\/media\/5140"}],"wp:attachment":[{"href":"https:\/\/longaliisu.ee\/de\/wp-json\/wp\/v2\/media?parent=5177"}],"wp:term":[{"taxonomy":"product_brand","embeddable":true,"href":"https:\/\/longaliisu.ee\/de\/wp-json\/wp\/v2\/product_brand?post=5177"},{"taxonomy":"product_cat","embeddable":true,"href":"https:\/\/longaliisu.ee\/de\/wp-json\/wp\/v2\/product_cat?post=5177"},{"taxonomy":"product_tag","embeddable":true,"href":"https:\/\/longaliisu.ee\/de\/wp-json\/wp\/v2\/product_tag?post=5177"}],"curies":[{"name":"wp","href":"https:\/\/api.w.org\/{rel}","templated":true}]}}