{"id":4948,"date":"2017-03-22T17:56:16","date_gmt":"2017-03-22T15:56:16","guid":{"rendered":"https:\/\/longaliisu.ee\/toode\/klassischer-mutzenschal\/"},"modified":"2022-11-24T18:36:43","modified_gmt":"2022-11-24T16:36:43","slug":"klassischer-mutzenschal","status":"publish","type":"product","link":"https:\/\/longaliisu.ee\/de\/produkt\/klassischer-mutzenschal\/","title":{"rendered":"Klassischer M\u00fctzenschal"},"content":{"rendered":"","protected":false},"excerpt":{"rendered":"<p>M\u00fctzenschal mit wei\u00dfem traditionellem Muster auf blauem Hintergrund.<\/p>\n<p>Lieferzeit bis 3 Wochen.<\/p>\n","protected":false},"featured_media":4949,"template":"","meta":[],"product_brand":[],"product_cat":[250],"product_tag":[217,218,223],"class_list":{"0":"post-4948","1":"product","2":"type-product","3":"status-publish","4":"has-post-thumbnail","6":"product_cat-mutzenschals","7":"product_tag-blau","8":"product_tag-traditionell","9":"product_tag-weis","11":"first","12":"instock","13":"taxable","14":"shipping-taxable","15":"purchasable","16":"product-type-variable"},"yoast_head":"<!-- This site is optimized with the Yoast SEO plugin v27.3 - https:\/\/yoast.com\/product\/yoast-seo-wordpress\/ -->\n<title>Klassischer M\u00fctzenschal - L\u00f5nga Liisu<\/title>\n<meta name=\"description\" content=\"M\u00fctzenschal mit wei\u00dfem traditionellem Muster auf blauem Hintergrund.\" \/>\n<meta name=\"robots\" content=\"index, follow, max-snippet:-1, max-image-preview:large, max-video-preview:-1\" \/>\n<link rel=\"canonical\" href=\"https:\/\/longaliisu.ee\/de\/produkt\/klassischer-mutzenschal\/\" \/>\n<meta property=\"og:locale\" content=\"de_DE\" \/>\n<meta property=\"og:type\" content=\"article\" \/>\n<meta property=\"og:title\" content=\"Klassischer M\u00fctzenschal - L\u00f5nga Liisu\" \/>\n<meta property=\"og:description\" content=\"M\u00fctzenschal mit wei\u00dfem traditionellem Muster auf blauem Hintergrund.\" \/>\n<meta property=\"og:url\" content=\"https:\/\/longaliisu.ee\/de\/produkt\/klassischer-mutzenschal\/\" \/>\n<meta property=\"og:site_name\" content=\"L\u00f5nga Liisu\" \/>\n<meta property=\"article:modified_time\" content=\"2022-11-24T16:36:43+00:00\" \/>\n<meta property=\"og:image\" content=\"https:\/\/longaliisu.ee\/wp-content\/uploads\/2017\/03\/DSC_0287.jpg\" \/>\n\t<meta property=\"og:image:width\" content=\"500\" \/>\n\t<meta property=\"og:image:height\" content=\"500\" \/>\n\t<meta property=\"og:image:type\" content=\"image\/jpeg\" \/>\n<meta name=\"twitter:card\" content=\"summary_large_image\" \/>\n<script type=\"application\/ld+json\" class=\"yoast-schema-graph\">{\"@context\":\"https:\\\/\\\/schema.org\",\"@graph\":[{\"@type\":\"WebPage\",\"@id\":\"https:\\\/\\\/longaliisu.ee\\\/de\\\/produkt\\\/klassischer-mutzenschal\\\/\",\"url\":\"https:\\\/\\\/longaliisu.ee\\\/de\\\/produkt\\\/klassischer-mutzenschal\\\/\",\"name\":\"Klassischer M\u00fctzenschal - L\u00f5nga Liisu\",\"isPartOf\":{\"@id\":\"https:\\\/\\\/longaliisu.ee\\\/#website\"},\"primaryImageOfPage\":{\"@id\":\"https:\\\/\\\/longaliisu.ee\\\/de\\\/produkt\\\/klassischer-mutzenschal\\\/#primaryimage\"},\"image\":{\"@id\":\"https:\\\/\\\/longaliisu.ee\\\/de\\\/produkt\\\/klassischer-mutzenschal\\\/#primaryimage\"},\"thumbnailUrl\":\"https:\\\/\\\/longaliisu.ee\\\/wp-content\\\/uploads\\\/2017\\\/03\\\/DSC_0287.jpg\",\"datePublished\":\"2017-03-22T15:56:16+00:00\",\"dateModified\":\"2022-11-24T16:36:43+00:00\",\"description\":\"M\u00fctzenschal mit wei\u00dfem traditionellem Muster auf blauem Hintergrund.\",\"breadcrumb\":{\"@id\":\"https:\\\/\\\/longaliisu.ee\\\/de\\\/produkt\\\/klassischer-mutzenschal\\\/#breadcrumb\"},\"inLanguage\":\"de\",\"potentialAction\":[{\"@type\":\"ReadAction\",\"target\":[\"https:\\\/\\\/longaliisu.ee\\\/de\\\/produkt\\\/klassischer-mutzenschal\\\/\"]}]},{\"@type\":\"ImageObject\",\"inLanguage\":\"de\",\"@id\":\"https:\\\/\\\/longaliisu.ee\\\/de\\\/produkt\\\/klassischer-mutzenschal\\\/#primaryimage\",\"url\":\"https:\\\/\\\/longaliisu.ee\\\/wp-content\\\/uploads\\\/2017\\\/03\\\/DSC_0287.jpg\",\"contentUrl\":\"https:\\\/\\\/longaliisu.ee\\\/wp-content\\\/uploads\\\/2017\\\/03\\\/DSC_0287.jpg\",\"width\":500,\"height\":500},{\"@type\":\"BreadcrumbList\",\"@id\":\"https:\\\/\\\/longaliisu.ee\\\/de\\\/produkt\\\/klassischer-mutzenschal\\\/#breadcrumb\",\"itemListElement\":[{\"@type\":\"ListItem\",\"position\":1,\"name\":\"Home\",\"item\":\"https:\\\/\\\/longaliisu.ee\\\/de\\\/\"},{\"@type\":\"ListItem\",\"position\":2,\"name\":\"E-store\",\"item\":\"https:\\\/\\\/longaliisu.ee\\\/de\\\/e-store\\\/\"},{\"@type\":\"ListItem\",\"position\":3,\"name\":\"Klassischer M\u00fctzenschal\"}]},{\"@type\":\"WebSite\",\"@id\":\"https:\\\/\\\/longaliisu.ee\\\/#website\",\"url\":\"https:\\\/\\\/longaliisu.ee\\\/\",\"name\":\"L\u00f5nga Liisu\",\"description\":\"L\u00f5nga Liisu k\u00e4sit\u00f6\u00f6 ja kudumid\",\"potentialAction\":[{\"@type\":\"SearchAction\",\"target\":{\"@type\":\"EntryPoint\",\"urlTemplate\":\"https:\\\/\\\/longaliisu.ee\\\/?s={search_term_string}\"},\"query-input\":{\"@type\":\"PropertyValueSpecification\",\"valueRequired\":true,\"valueName\":\"search_term_string\"}}],\"inLanguage\":\"de\"}]}<\/script>\n<!-- \/ Yoast SEO plugin. -->","yoast_head_json":{"title":"Klassischer M\u00fctzenschal - L\u00f5nga Liisu","description":"M\u00fctzenschal mit wei\u00dfem traditionellem Muster auf blauem Hintergrund.","robots":{"index":"index","follow":"follow","max-snippet":"max-snippet:-1","max-image-preview":"max-image-preview:large","max-video-preview":"max-video-preview:-1"},"canonical":"https:\/\/longaliisu.ee\/de\/produkt\/klassischer-mutzenschal\/","og_locale":"de_DE","og_type":"article","og_title":"Klassischer M\u00fctzenschal - L\u00f5nga Liisu","og_description":"M\u00fctzenschal mit wei\u00dfem traditionellem Muster auf blauem Hintergrund.","og_url":"https:\/\/longaliisu.ee\/de\/produkt\/klassischer-mutzenschal\/","og_site_name":"L\u00f5nga Liisu","article_modified_time":"2022-11-24T16:36:43+00:00","og_image":[{"width":500,"height":500,"url":"https:\/\/longaliisu.ee\/wp-content\/uploads\/2017\/03\/DSC_0287.jpg","type":"image\/jpeg"}],"twitter_card":"summary_large_image","schema":{"@context":"https:\/\/schema.org","@graph":[{"@type":"WebPage","@id":"https:\/\/longaliisu.ee\/de\/produkt\/klassischer-mutzenschal\/","url":"https:\/\/longaliisu.ee\/de\/produkt\/klassischer-mutzenschal\/","name":"Klassischer M\u00fctzenschal - L\u00f5nga Liisu","isPartOf":{"@id":"https:\/\/longaliisu.ee\/#website"},"primaryImageOfPage":{"@id":"https:\/\/longaliisu.ee\/de\/produkt\/klassischer-mutzenschal\/#primaryimage"},"image":{"@id":"https:\/\/longaliisu.ee\/de\/produkt\/klassischer-mutzenschal\/#primaryimage"},"thumbnailUrl":"https:\/\/longaliisu.ee\/wp-content\/uploads\/2017\/03\/DSC_0287.jpg","datePublished":"2017-03-22T15:56:16+00:00","dateModified":"2022-11-24T16:36:43+00:00","description":"M\u00fctzenschal mit wei\u00dfem traditionellem Muster auf blauem Hintergrund.","breadcrumb":{"@id":"https:\/\/longaliisu.ee\/de\/produkt\/klassischer-mutzenschal\/#breadcrumb"},"inLanguage":"de","potentialAction":[{"@type":"ReadAction","target":["https:\/\/longaliisu.ee\/de\/produkt\/klassischer-mutzenschal\/"]}]},{"@type":"ImageObject","inLanguage":"de","@id":"https:\/\/longaliisu.ee\/de\/produkt\/klassischer-mutzenschal\/#primaryimage","url":"https:\/\/longaliisu.ee\/wp-content\/uploads\/2017\/03\/DSC_0287.jpg","contentUrl":"https:\/\/longaliisu.ee\/wp-content\/uploads\/2017\/03\/DSC_0287.jpg","width":500,"height":500},{"@type":"BreadcrumbList","@id":"https:\/\/longaliisu.ee\/de\/produkt\/klassischer-mutzenschal\/#breadcrumb","itemListElement":[{"@type":"ListItem","position":1,"name":"Home","item":"https:\/\/longaliisu.ee\/de\/"},{"@type":"ListItem","position":2,"name":"E-store","item":"https:\/\/longaliisu.ee\/de\/e-store\/"},{"@type":"ListItem","position":3,"name":"Klassischer M\u00fctzenschal"}]},{"@type":"WebSite","@id":"https:\/\/longaliisu.ee\/#website","url":"https:\/\/longaliisu.ee\/","name":"L\u00f5nga Liisu","description":"L\u00f5nga Liisu k\u00e4sit\u00f6\u00f6 ja kudumid","potentialAction":[{"@type":"SearchAction","target":{"@type":"EntryPoint","urlTemplate":"https:\/\/longaliisu.ee\/?s={search_term_string}"},"query-input":{"@type":"PropertyValueSpecification","valueRequired":true,"valueName":"search_term_string"}}],"inLanguage":"de"}]}},"_links":{"self":[{"href":"https:\/\/longaliisu.ee\/de\/wp-json\/wp\/v2\/product\/4948","targetHints":{"allow":["GET"]}}],"collection":[{"href":"https:\/\/longaliisu.ee\/de\/wp-json\/wp\/v2\/product"}],"about":[{"href":"https:\/\/longaliisu.ee\/de\/wp-json\/wp\/v2\/types\/product"}],"wp:featuredmedia":[{"embeddable":true,"href":"https:\/\/longaliisu.ee\/de\/wp-json\/wp\/v2\/media\/4949"}],"wp:attachment":[{"href":"https:\/\/longaliisu.ee\/de\/wp-json\/wp\/v2\/media?parent=4948"}],"wp:term":[{"taxonomy":"product_brand","embeddable":true,"href":"https:\/\/longaliisu.ee\/de\/wp-json\/wp\/v2\/product_brand?post=4948"},{"taxonomy":"product_cat","embeddable":true,"href":"https:\/\/longaliisu.ee\/de\/wp-json\/wp\/v2\/product_cat?post=4948"},{"taxonomy":"product_tag","embeddable":true,"href":"https:\/\/longaliisu.ee\/de\/wp-json\/wp\/v2\/product_tag?post=4948"}],"curies":[{"name":"wp","href":"https:\/\/api.w.org\/{rel}","templated":true}]}}