{"id":4851,"date":"2019-01-08T17:46:49","date_gmt":"2019-01-08T15:46:49","guid":{"rendered":"https:\/\/longaliisu.ee\/?page_id=4851"},"modified":"2020-07-21T13:40:49","modified_gmt":"2020-07-21T10:40:49","slug":"datenschutzrichtlinien-und-verwendung-von-cookies","status":"publish","type":"page","link":"https:\/\/longaliisu.ee\/de\/datenschutzrichtlinien-und-verwendung-von-cookies\/","title":{"rendered":"Datenschutzrichtlinien und Verwendung von Cookies"},"content":{"rendered":"<div class=\"fusion-fullwidth fullwidth-box fusion-builder-row-1 nonhundred-percent-fullwidth non-hundred-percent-height-scrolling\" style=\"--awb-border-radius-top-left:0px;--awb-border-radius-top-right:0px;--awb-border-radius-bottom-right:0px;--awb-border-radius-bottom-left:0px;--awb-flex-wrap:wrap;\" ><div class=\"fusion-builder-row fusion-row\"><div class=\"fusion-layout-column fusion_builder_column fusion-builder-column-0 fusion_builder_column_1_1 1_1 fusion-one-full fusion-column-first fusion-column-last\" style=\"--awb-bg-size:cover;\"><div class=\"fusion-column-wrapper fusion-flex-column-wrapper-legacy\"><div class=\"fusion-text fusion-text-1\"><p>Diese Erkl\u00e4rung \u00fcber Datenschutzrichtlinien und \u00fcber die Verwendung von Cookies (nachfolgend Erkl\u00e4rung) beinhaltet n\u00fctzliche Informationen dar\u00fcber, wie und warum L\u00f5nga Liisu O\u00dc personenbezogene Daten (nachfolgend Daten) sammelt, verarbeitet und teilt. Die Datenschutzrichtlinien basieren auf der EU- Datenschutz-Grundverordnung (DSGVO).<\/p>\n<p>Das Ziel der Datenschutzrichtlinien ist der Schutz der Privatsph\u00e4re der Kunden im Zusammenhang mit den Gesetzen der Republik Estland und der EU.<\/p>\n<p><strong>Durch die Nutzung unserer Webseite stimmen Sie der Verwendung von Cookies und der Bearbeitung der personenbezogenen Daten zu, gem\u00e4\u00df der Beschreibung in unseren Datenschutzrichtlinien.<\/strong><\/p>\n<p>G\u00fcltig ab 25.05.2018<\/p>\n<h2>Erhebung und Verwendung personenbezogenen Daten<\/h2>\n<p>\u201ePersonenbezogene Daten\u201c sind jegliche Informationen zu einer Person, zum Beispiel Name, Adresse, E-Mail Adresse und die Angaben \u00fcber die Besuche unserer Webseite, die Nutzung von sozialen Medien und unsere Dienste.<\/p>\n<p>Wir verarbeiten personenbezogene Daten, um unseren vertraglichen Verpflichtungen nachzukommen und f\u00fcr potenzielle Kunden h\u00f6here Qualit\u00e4t der Dienstleistungen und bessere Informationen zu bieten.<\/p>\n<p>Auf L\u00f5nga Liisu O\u00dc Vertriebskan\u00e4len (darunter Homepage) erheben wir Daten \u00fcber die Nutzung und \u00fcber die Interessen der potenziellen Kunden, um die tats\u00e4chlichen Interessen der Kunden besser zu verstehen, eine h\u00f6here Qualit\u00e4t der Informationen anzubieten und die Funktionalit\u00e4t und Benutzerfreundlichkeit der Webseite zu erh\u00f6hen.<\/p>\n<p>In diesem Fall basiert die Verarbeitung rechtlich auf unserer berechtigten Interesse die Kundenbed\u00fcrfnisse besser zu verstehen und bessere Dienste anzubieten.<\/p>\n<p>Zum Beispiel verarbeitet L\u00f5nga Liisu O\u00dc die Daten \u00fcber Einkaufsverhalten der Kunden mit dem Ziel, dem Kunden passende Angebote zu machen zu bevorzugten Inhalten.<\/p>\n<p>L\u00f5nga Liisu O\u00dc ist verantwortlich f\u00fcr die Verarbeitung von personenbezogenen Daten. Bei Fragen bitte Kontakt \u00fcber ylle@longaliisu.ee aufnehmen. L\u00f5nga Liisu O\u00dc \u00fcbermittelt die f\u00fcr die Bezahlung notwendigen personenbezogenen Daten an ihren Vertragspartner Maksekeskus AS.<\/p>\n<p><strong>Die Erhebung von personenbezogenen Daten kann auf folgenden Wegen erfolgen:<\/strong><\/p>\n<ul>\n<li>Bereitstellung von Kontaktdaten (darunter Name, Adresse, Telefonnummer, E-Mail Adresse) auf unserer Homepage oder anderswo (z.B. unser Verkaufsraum);<\/li>\n<li>Auf der Webseite durch Verwendung von Cookies (darunter Browser, Ger\u00e4t, Sprache, Webseite, woher der Nutzer stammt, welche Inhalte wurden besucht, IP-Adresse und andere Verkehrsdaten);<\/li>\n<li>Beim Kauf oder bei der Bestellung in unserem Verkaufsraum oder im Onlineshop;<\/li>\n<li>Durch Kontakt per E-Mail mit L\u00f5nga Liisu O\u00dc;<\/li>\n<li>Sonstige personenbezogene Daten, die Sie uns bereitgestellt haben oder die wir durch Dritte zur Verf\u00fcgung gestellt bekommen haben wie z.B. LinkedIn, Facebook, Google Plus, Instagram usw. L\u00f5nga Liisu O\u00dc ist nicht der verantwortliche Bearbeiter von diesen personenbezogene Daten.<\/li>\n<\/ul>\n<h2>Wie die Daten erhoben werden<\/h2>\n<p>Meistens erheben wir die personenbezogenen Daten direkt von den Personen und mit deren Einverst\u00e4ndnis. Zus\u00e4tzlich verwenden wir automatische Datensammelmethoden, darunter Cookies und sonstige \u00dcberwachungsmethoden, um das Nutzungserlebnis der Homepage zu verbessern und unseren Kunden bessere Dienstleistungen anzubieten.<\/p>\n<p><strong>Cookies und wie Sie sie ausschalten k\u00f6nnen<\/strong><\/p>\n<p>Eine Cookie ist eine kleine Datendatei, die von uns auf den Browser des Nutzers \u00fcbertragen wird und auf die Festplatte gespeichert wird. Sie erm\u00f6glicht es, Pr\u00e4ferenzen des Nutzers zu speichern z.B. Schriftgr\u00f6\u00dfe, Sprache, Ger\u00e4teinformationen, Besuchstatistiken, etc.<\/p>\n<p>Alle Browser sind standardm\u00e4\u00dfig so eingestellt, dass sie Cookies zulassen. Es ist aber m\u00f6glich, die Einstellungen so zu \u00e4ndern, dass der Browser die Cookies komplett ausschaltet, die Cookies Dritter blockiert oder den Anwender immer \u00fcber die Verwendung von Cookies benachrichtigt.<\/p>\n<p><strong>L\u00f5nga Liisu O\u00dc verwendet folgende Cookies:<\/strong><\/p>\n<ul>\n<li>Tempor\u00e4re Cookies, die das Ziel haben, die Benutzung zu erm\u00f6glichen.<\/li>\n<li>Dauerhafte Cookies (werden in dem Computer des Nutzers gespeichert nach dem Schlie\u00dfen der Webseite) die das Ziel haben, die Pr\u00e4ferenzen des Kunden auf L\u00f5nga Liisu O\u00dc Seiten zu merken.<\/li>\n<\/ul>\n<p><strong>Genauer gesagt nutzt L\u00f5nga Liisu O\u00dc:<\/strong><\/p>\n<ul>\n<li>Anal\u00fctische Cookies, die Informationen \u00fcber die Nutzung der Webseite sammeln. Zum Beispiel welche Unterseiten am h\u00e4ufigsten besucht werden oder wonach die Nutzer auf der Webseite suchen etc. Diese Cookies sammeln keine Daten, die es erm\u00f6glichen w\u00fcrden, den Nutzer zu identifizieren. Hierunter geh\u00f6ren Google Analytics und Hotjar Cookies.<\/li>\n<li>Cookies von Dritten z.B. YouTube und Coogle Maps. Die Standortkarte und Videos werden nicht angezeigt, wenn man die Datenschutzrichtlinien nicht akzeptiert. Um dies technisch zu erm\u00f6glichen, nutzen wir privacy_embeds Cookies, die on Avada Mediendesign entwickelt worden sind.<\/li>\n<\/ul>\n<p>Der Nutzer kann es ablehnen, dass die Cookies an seinem Computer gespeichert werden. Daf\u00fcr muss er die Einstellungen seines Browsers \u00e4ndern.<\/p>\n<p><strong>Anleitungen f\u00fcr die Einstellungen der g\u00e4ngisten Browser:<\/strong><\/p>\n<ul>\n<li>Internet Explorer:<a href=\"http:\/\/support.microsoft.com\/kb\/278835\" target=\"_blank\" rel=\"noopener noreferrer\"> http:\/\/support.microsoft.com\/kb\/278835<\/a><\/li>\n<li>Chrome:<a href=\"https:\/\/support.google.com\/chrome\/answer\/95647?hl=en\" target=\"_blank\" rel=\"noopener noreferrer\"> https:\/\/support.google.com\/chrome\/answer\/95647?hl=en<\/a><\/li>\n<li>Firefox:<a href=\"http:\/\/support.mozilla.org\/en-US\/kb\/Clear%20Recent%20History\" target=\"_blank\" rel=\"noopener noreferrer\"> http:\/\/support.mozilla.org\/en-US\/kb\/Clear%20Recent%20History<\/a><\/li>\n<li>Opera:<a href=\"https:\/\/www.opera.com\/help\/tutorials\/security\/privacy\/\" target=\"_blank\" rel=\"noopener noreferrer\"> http:\/\/www.opera.com\/browser\/tutorials\/security\/privacy<\/a><\/li>\n<li>Safari:<a href=\"https:\/\/support.apple.com\/guide\/safari\/manage-cookies-and-website-data-sfri11471\/mac\" target=\"_blank\" rel=\"noopener noreferrer\"> https:\/\/support.apple.com\/guide\/safari\/manage-cookies-and-website-data-sfri11471\/mac<\/a><\/li>\n<\/ul>\n<p>Wenn die Cookies deaktivert worden sind, stehen unter Umst\u00e4nden nicht mehr alle Funktionen der Webseite zur Verf\u00fcgung.<\/p>\n<h2>Teilen von personenbezogenen Daten<\/h2>\n<p>L\u00f5nga Liisu O\u00dc gibt keine Kundendaten au\u00dferhalb des Europ\u00e4ischen Wirtschaftsraumes weiter.<\/p>\n<p>L\u00f5nga Liisu O\u00dc teilt keine personenbezogenen Daten mit Dritter, au\u00dfer in den u.g. Bedingungen. Alle Daten werden nur f\u00fcr den Kontakt und f\u00fcr bessere Produkte oder Dienstleistungen genutzt.<\/p>\n<p><strong>Deine personenbezogenen Daten d\u00fcrfen f\u00fcr folgende Zwecke geteilt werden:<\/strong><\/p>\n<ul>\n<li>F\u00fcr das Versenden von bestellten Produkten \u2013 Personen, Firmen oder Organisationen die Lieferservice anbieten oder Vermitteln.<\/li>\n<li>Einfordern von Schulden \u2013 Firmen, die Inkassoservice anbieten, Schuldenregister.<\/li>\n<li>Staatliche \u00dcberwachungsbeh\u00f6rden und die Polizei.<\/li>\n<li>\u00d6ffentliches Feedback mit Einwilligung des Kunden.<\/li>\n<\/ul>\n<h2>Sicherheit, Benutzung und Speicherung der personenbezogenen Daten<\/h2>\n<p><strong>Sicherheit der Daten<\/strong><\/p>\n<p>Die sichere Aufbewahrung der personenbezogenen Daten hat f\u00fcr L\u00f5nga Liisu O\u00dc die h\u00f6hste Priorit\u00e4t. Wir machen alles in unserer Macht stehende, um unerlaubten Zugang, Ver\u00f6ffentlichung und sonstige Bearbeitung zu vermeiden. Wir sch\u00fctzen die Integrit\u00e4t der personenbezogenen Daten und erlauben den Zugang nur in Zusammenhang mit den g\u00fcltigen Gesetzen.<\/p>\n<p>Wir haben zum Schutz der gesammelten und bearbeiteten Daten vern\u00fcnftige und ausreichende technische und physische Ma\u00dfnahmen getroffen. Die genutzten Ma\u00dfnahmen richten sich nach der Art der Daten und der Folgen, sollte etwas \u00f6ffentlich werden.<\/p>\n<p>L\u00f5nga Liisu O\u00dc hat n\u00f6tige technische, physische und organisatorische Sicherheitsma\u00dfnahmen eingesetzt, um die Daten vor Verlust und unerlaubte Nutzung zu sch\u00fctzen.<\/p>\n<p>Alle Daten, die bei der Nutzung von L\u00f5nga Liisu O\u00dc Onlineshop und bei der Bestellung bekannt geworden sind werden als geheime Daten gehandelt. Verschl\u00fcsselte Daten\u00fcbertragung mit der Bank gew\u00e4hrleistet einen sicheren Einkauf und den Schutz der Daten.<\/p>\n<p><strong>Speicherung \u2013 Wie lange werden die Daten gespeichert?<\/strong><\/p>\n<p>L\u00f5nga Liisu O\u00dc speichert die Daten nur solange, wie es f\u00fcr das Ziel der Daten notwendig ist.<\/p>\n<p>Die Dauer h\u00e4ngt auch davon ab, ob Anfragen beantwortet werden m\u00fcssen, Probleme gel\u00f6st werden m\u00fcssen und gesetzliche Vorschriften einzuhalten sind.<\/p>\n<p>Wenn wir die Daten nicht mehr ben\u00f6tigen und die gesetzliche Vorschriften eine weitere Aufbewahrung nicht vorschreiben, dann l\u00f6schen wir die Daten.<\/p>\n<p>Wir k\u00f6nnen die Daten weiterhin f\u00fcr statistische Zwecke nutzen, dann aber nur in anon\u00fcmisierter Form.<\/p>\n<p>Sollten weitere Fragen auftauchen, dann nehmen Sie bitte \u00fcber ylle@longaliisu.ee Kontakt auf.<\/p>\n<h2>Die Rechte der Kunden<\/h2>\n<p>Der Kunde hat Zugriff auf eigene Daten, die durch L\u00f5nga Liisu O\u00dc bearbeitet werden und hat das Recht, die Richtigstellung der falschen Daten zu verlangen.<\/p>\n<p>Wenn der Kunde Fragen zu seinen Rechten hat oder der Meinung ist, dass seine Rechte verletzt worden sind im Zuge der Bearbeitung, dann sollte er Kontakt aufnehmen \u00fcber die E-Mail Adresse ylle@longaliisu.ee.<\/p>\n<p><strong>Die Rechte<\/strong><\/p>\n<p>Recht auf Richtigstellung \u2013 Die Person kann verlangen, dass die inkorrekten Daten ohne Verz\u00f6gerung korrigiert werden.<\/p>\n<p>Recht auf L\u00f6schen \u2013 Die Person kann das L\u00f6schen der Daten ohne Verz\u00f6gerung verlangen, wenn gewisse zus\u00e4tzliche Bedingungen erf\u00fcllt sind.<\/p>\n<p>In gewissen F\u00e4llen kann die Person die Bearbeitung der Daten einschr\u00e4nken.<\/p>\n<p>Die Person hat das Recht Auskunft zu verlangen \u00fcber die Daten, die gespeichert worden sind und die uns zur Verf\u00fcgung stehen und das Recht diese Daten weiterzuleiten and andere Stellen, wenn dies technisch m\u00f6glich ist und die Zustimmung vorliegt oder in Vertrag festgehalten worden ist.<\/p>\n<p>Die Person kann jederzeit die Bearbeitung der Daten widerrufen, wenn es mit den gesetzlichen Bedingungen \u00fcbereinstimmt darunter f\u00e4llt auch die Profilanalyse.<\/p>\n<p>Wenn gesetzlich nicht anders festgelegt, darf die Person verlangen, dass keine Entscheidungen gef\u00e4llt werden, die nur auf automatische Bearbeitung der Daten basieren, darunter Profilanalyse, die rechtliche Folgen haben k\u00f6nnten oder nennenswerten Einfluss haben k\u00f6nnten.<\/p>\n<p>Die Person darf die Zustimmung f\u00fcr die Bearbeitung der Daten jederzeit widerrufen, ohne dass es Einfluss auf die davor erfolge Bearbeitung h\u00e4tte.<\/p>\n<p>Sollten Sie von den Rechten Gebrauch machen wollen, nehmen Sie bitte mit uns Kontakt auf.<\/p>\n<p>Sollte die von L\u00f5nga Liisu O\u00dc angebotene L\u00f6sung Sie nicht zufriedenstellen, k\u00f6nnen Sie sich an die Datenschutzbeh\u00f6rde der Estnischen Republik oder an ein Gericht wenden.<\/p>\n<h2>Sonstige Bestimmungen<\/h2>\n<p>L\u00f5nga Liisu O\u00dc hat das Recht die Datenschutzrichtlinie und die Verwendung von Cookies einseitig zu \u00e4ndern. Die neuste Version der Datenschutzrichtlinie und die Verwendung von Cookies ist auf dieser Webseite verf\u00fcgbar.<\/p>\n<p>Diese Datenschutzrichtlinie und Verwendung von Cookies unterliegt den Estnischen Gesetzen. Die politisch basierten Rechtstreitigkeiten werden in Tallinn in Harju Landgericht gel\u00f6st.<\/p>\n<\/div><div class=\"fusion-clearfix\"><\/div><\/div><\/div><\/div><\/div>\n","protected":false},"excerpt":{"rendered":"","protected":false},"author":5,"featured_media":0,"parent":0,"menu_order":0,"comment_status":"closed","ping_status":"closed","template":"","meta":{"footnotes":""},"class_list":["post-4851","page","type-page","status-publish","hentry"],"yoast_head":"<!-- This site is optimized with the Yoast SEO plugin v27.3 - https:\/\/yoast.com\/product\/yoast-seo-wordpress\/ -->\n<title>Datenschutzrichtlinien und Verwendung von Cookies - L\u00f5nga Liisu<\/title>\n<meta name=\"robots\" content=\"index, follow, max-snippet:-1, max-image-preview:large, max-video-preview:-1\" \/>\n<link rel=\"canonical\" href=\"https:\/\/longaliisu.ee\/de\/datenschutzrichtlinien-und-verwendung-von-cookies\/\" \/>\n<meta property=\"og:locale\" content=\"de_DE\" \/>\n<meta property=\"og:type\" content=\"article\" \/>\n<meta property=\"og:title\" content=\"Datenschutzrichtlinien und Verwendung von Cookies - L\u00f5nga Liisu\" \/>\n<meta property=\"og:url\" content=\"https:\/\/longaliisu.ee\/de\/datenschutzrichtlinien-und-verwendung-von-cookies\/\" \/>\n<meta property=\"og:site_name\" content=\"L\u00f5nga Liisu\" \/>\n<meta property=\"article:modified_time\" content=\"2020-07-21T10:40:49+00:00\" \/>\n<meta name=\"twitter:card\" content=\"summary_large_image\" \/>\n<meta name=\"twitter:label1\" content=\"Gesch\u00e4tzte Lesezeit\" \/>\n\t<meta name=\"twitter:data1\" content=\"9\u00a0Minuten\" \/>\n<script type=\"application\/ld+json\" class=\"yoast-schema-graph\">{\"@context\":\"https:\\\/\\\/schema.org\",\"@graph\":[{\"@type\":\"WebPage\",\"@id\":\"https:\\\/\\\/longaliisu.ee\\\/de\\\/datenschutzrichtlinien-und-verwendung-von-cookies\\\/\",\"url\":\"https:\\\/\\\/longaliisu.ee\\\/de\\\/datenschutzrichtlinien-und-verwendung-von-cookies\\\/\",\"name\":\"Datenschutzrichtlinien und Verwendung von Cookies - L\u00f5nga Liisu\",\"isPartOf\":{\"@id\":\"https:\\\/\\\/longaliisu.ee\\\/#website\"},\"datePublished\":\"2019-01-08T15:46:49+00:00\",\"dateModified\":\"2020-07-21T10:40:49+00:00\",\"breadcrumb\":{\"@id\":\"https:\\\/\\\/longaliisu.ee\\\/de\\\/datenschutzrichtlinien-und-verwendung-von-cookies\\\/#breadcrumb\"},\"inLanguage\":\"de\",\"potentialAction\":[{\"@type\":\"ReadAction\",\"target\":[\"https:\\\/\\\/longaliisu.ee\\\/de\\\/datenschutzrichtlinien-und-verwendung-von-cookies\\\/\"]}]},{\"@type\":\"BreadcrumbList\",\"@id\":\"https:\\\/\\\/longaliisu.ee\\\/de\\\/datenschutzrichtlinien-und-verwendung-von-cookies\\\/#breadcrumb\",\"itemListElement\":[{\"@type\":\"ListItem\",\"position\":1,\"name\":\"Home\",\"item\":\"https:\\\/\\\/longaliisu.ee\\\/de\\\/\"},{\"@type\":\"ListItem\",\"position\":2,\"name\":\"Datenschutzrichtlinien und Verwendung von Cookies\"}]},{\"@type\":\"WebSite\",\"@id\":\"https:\\\/\\\/longaliisu.ee\\\/#website\",\"url\":\"https:\\\/\\\/longaliisu.ee\\\/\",\"name\":\"L\u00f5nga Liisu\",\"description\":\"L\u00f5nga Liisu k\u00e4sit\u00f6\u00f6 ja kudumid\",\"potentialAction\":[{\"@type\":\"SearchAction\",\"target\":{\"@type\":\"EntryPoint\",\"urlTemplate\":\"https:\\\/\\\/longaliisu.ee\\\/?s={search_term_string}\"},\"query-input\":{\"@type\":\"PropertyValueSpecification\",\"valueRequired\":true,\"valueName\":\"search_term_string\"}}],\"inLanguage\":\"de\"}]}<\/script>\n<!-- \/ Yoast SEO plugin. -->","yoast_head_json":{"title":"Datenschutzrichtlinien und Verwendung von Cookies - L\u00f5nga Liisu","robots":{"index":"index","follow":"follow","max-snippet":"max-snippet:-1","max-image-preview":"max-image-preview:large","max-video-preview":"max-video-preview:-1"},"canonical":"https:\/\/longaliisu.ee\/de\/datenschutzrichtlinien-und-verwendung-von-cookies\/","og_locale":"de_DE","og_type":"article","og_title":"Datenschutzrichtlinien und Verwendung von Cookies - L\u00f5nga Liisu","og_url":"https:\/\/longaliisu.ee\/de\/datenschutzrichtlinien-und-verwendung-von-cookies\/","og_site_name":"L\u00f5nga Liisu","article_modified_time":"2020-07-21T10:40:49+00:00","twitter_card":"summary_large_image","twitter_misc":{"Gesch\u00e4tzte Lesezeit":"9\u00a0Minuten"},"schema":{"@context":"https:\/\/schema.org","@graph":[{"@type":"WebPage","@id":"https:\/\/longaliisu.ee\/de\/datenschutzrichtlinien-und-verwendung-von-cookies\/","url":"https:\/\/longaliisu.ee\/de\/datenschutzrichtlinien-und-verwendung-von-cookies\/","name":"Datenschutzrichtlinien und Verwendung von Cookies - L\u00f5nga Liisu","isPartOf":{"@id":"https:\/\/longaliisu.ee\/#website"},"datePublished":"2019-01-08T15:46:49+00:00","dateModified":"2020-07-21T10:40:49+00:00","breadcrumb":{"@id":"https:\/\/longaliisu.ee\/de\/datenschutzrichtlinien-und-verwendung-von-cookies\/#breadcrumb"},"inLanguage":"de","potentialAction":[{"@type":"ReadAction","target":["https:\/\/longaliisu.ee\/de\/datenschutzrichtlinien-und-verwendung-von-cookies\/"]}]},{"@type":"BreadcrumbList","@id":"https:\/\/longaliisu.ee\/de\/datenschutzrichtlinien-und-verwendung-von-cookies\/#breadcrumb","itemListElement":[{"@type":"ListItem","position":1,"name":"Home","item":"https:\/\/longaliisu.ee\/de\/"},{"@type":"ListItem","position":2,"name":"Datenschutzrichtlinien und Verwendung von Cookies"}]},{"@type":"WebSite","@id":"https:\/\/longaliisu.ee\/#website","url":"https:\/\/longaliisu.ee\/","name":"L\u00f5nga Liisu","description":"L\u00f5nga Liisu k\u00e4sit\u00f6\u00f6 ja kudumid","potentialAction":[{"@type":"SearchAction","target":{"@type":"EntryPoint","urlTemplate":"https:\/\/longaliisu.ee\/?s={search_term_string}"},"query-input":{"@type":"PropertyValueSpecification","valueRequired":true,"valueName":"search_term_string"}}],"inLanguage":"de"}]}},"_links":{"self":[{"href":"https:\/\/longaliisu.ee\/de\/wp-json\/wp\/v2\/pages\/4851","targetHints":{"allow":["GET"]}}],"collection":[{"href":"https:\/\/longaliisu.ee\/de\/wp-json\/wp\/v2\/pages"}],"about":[{"href":"https:\/\/longaliisu.ee\/de\/wp-json\/wp\/v2\/types\/page"}],"author":[{"embeddable":true,"href":"https:\/\/longaliisu.ee\/de\/wp-json\/wp\/v2\/users\/5"}],"replies":[{"embeddable":true,"href":"https:\/\/longaliisu.ee\/de\/wp-json\/wp\/v2\/comments?post=4851"}],"version-history":[{"count":4,"href":"https:\/\/longaliisu.ee\/de\/wp-json\/wp\/v2\/pages\/4851\/revisions"}],"predecessor-version":[{"id":6094,"href":"https:\/\/longaliisu.ee\/de\/wp-json\/wp\/v2\/pages\/4851\/revisions\/6094"}],"wp:attachment":[{"href":"https:\/\/longaliisu.ee\/de\/wp-json\/wp\/v2\/media?parent=4851"}],"curies":[{"name":"wp","href":"https:\/\/api.w.org\/{rel}","templated":true}]}}