{"id":4095,"date":"2017-04-21T17:51:40","date_gmt":"2017-04-21T14:51:40","guid":{"rendered":"https:\/\/longaliisu.ee\/?page_id=4095"},"modified":"2025-03-26T10:29:20","modified_gmt":"2025-03-26T08:29:20","slug":"impressum-agb","status":"publish","type":"page","link":"https:\/\/longaliisu.ee\/de\/impressum-agb\/","title":{"rendered":"Impressum &#038; AGB"},"content":{"rendered":"<div class=\"fusion-fullwidth fullwidth-box fusion-builder-row-1 nonhundred-percent-fullwidth non-hundred-percent-height-scrolling\" style=\"--awb-border-radius-top-left:0px;--awb-border-radius-top-right:0px;--awb-border-radius-bottom-right:0px;--awb-border-radius-bottom-left:0px;--awb-flex-wrap:wrap;\" ><div class=\"fusion-builder-row fusion-row\"><div class=\"fusion-layout-column fusion_builder_column fusion-builder-column-0 fusion_builder_column_1_1 1_1 fusion-one-full fusion-column-first fusion-column-last\" style=\"--awb-bg-size:cover;--awb-margin-bottom:0px;\"><div class=\"fusion-column-wrapper fusion-flex-column-wrapper-legacy\"><div class=\"fusion-title title fusion-title-1 fusion-title-center fusion-title-text fusion-title-size-one\" style=\"--awb-margin-top-small:0px;--awb-margin-right-small:0px;--awb-margin-bottom-small:20px;--awb-margin-left-small:0px;\"><div class=\"title-sep-container title-sep-container-left\"><div class=\"title-sep sep-double sep-solid\" style=\"border-color:#009e8f;\"><\/div><\/div><span class=\"awb-title-spacer\"><\/span><h1 class=\"fusion-title-heading title-heading-center fusion-responsive-typography-calculated\" style=\"margin:0;--fontSize:42;line-height:1.4;\">Onlineshop Bedingungen<\/h1><span class=\"awb-title-spacer\"><\/span><div class=\"title-sep-container title-sep-container-right\"><div class=\"title-sep sep-double sep-solid\" style=\"border-color:#009e8f;\"><\/div><\/div><\/div><div class=\"fusion-clearfix\"><\/div><\/div><\/div><div class=\"fusion-layout-column fusion_builder_column fusion-builder-column-1 fusion_builder_column_1_2 1_2 fusion-one-half fusion-column-first\" style=\"--awb-bg-size:cover;width:50%;width:calc(50% - ( ( 4% ) * 0.5 ) );margin-right: 4%;\"><div class=\"fusion-column-wrapper fusion-flex-column-wrapper-legacy\"><div class=\"fusion-text fusion-text-1\"><p>Der Inhaber des Onlineshops <a href=\"https:\/\/longaliisu.ee\/de\/\">https:\/\/longaliisu.ee\/de\/<\/a> (im Folgenden Onlineshop) ist L\u00f5nga Liisu O\u00dc (Registrierungsnummer 11003674), mit dem Sitz in Tartu mnt. 26, Pajusti, 46603, Vinni vald, L\u00e4\u00e4ne-Virumaa, Estland.<\/p>\n<p><strong>G\u00fcltigkeit des Kaufvertrags, Produkt- und Preiskonditionen<\/strong><\/p>\n<p>Die Verkaufsbedingungen sind g\u00fcltig beim Kauf im Onlineshop.<\/p>\n<p>Die Produktinformationen werden im Onlineshop direkt neben dem Produkt pr\u00e4sentiert.<\/p>\n<p>Die Preise der Produkte, die im Onlineshop angeboten werden, sind direkt neben dem Produkt vermerkt. Die Preise verstehen sich zzgl. Versandkosten.<\/p>\n<p>Versandkosten richten sich nach der Entfernung und nach der Art der Lieferung. Die Versandkosten werden bei der Bestellung angezeigt.<\/p>\n<p>Versandkosten innerhalb Estlands:<\/p>\n<ul>\n<li>Omniva Packstation \u2013 4 \u20ac;<\/li>\n<li>Omniva Paket in eine Postfiliale \u2013 6 \u20ac;<\/li>\n<li>Itella SmartPOST \u2013 3 \u20ac;<\/li>\n<li>DPD Paketshop &#8211; 2.70 \u20ac.<\/li>\n<\/ul>\n<\/div><div class=\"fusion-clearfix\"><\/div><\/div><\/div><div class=\"fusion-layout-column fusion_builder_column fusion-builder-column-2 fusion_builder_column_1_2 1_2 fusion-one-half fusion-column-last\" style=\"--awb-bg-size:cover;width:50%;width:calc(50% - ( ( 4% ) * 0.5 ) );\"><div class=\"fusion-column-wrapper fusion-flex-column-wrapper-legacy\"><div class=\"fusion-image-element in-legacy-container\" style=\"--awb-caption-title-font-family:var(--h2_typography-font-family);--awb-caption-title-font-weight:var(--h2_typography-font-weight);--awb-caption-title-font-style:var(--h2_typography-font-style);--awb-caption-title-size:var(--h2_typography-font-size);--awb-caption-title-transform:var(--h2_typography-text-transform);--awb-caption-title-line-height:var(--h2_typography-line-height);--awb-caption-title-letter-spacing:var(--h2_typography-letter-spacing);\"><span class=\" fusion-imageframe imageframe-none imageframe-1 hover-type-none\"><img decoding=\"async\" width=\"400\" height=\"565\" title=\"tunnistus\" src=\"https:\/\/longaliisu.ee\/wp-content\/uploads\/2017\/04\/tunnistus.jpg\" alt class=\"img-responsive wp-image-4098\" srcset=\"https:\/\/longaliisu.ee\/wp-content\/uploads\/2017\/04\/tunnistus-200x283.jpg 200w, https:\/\/longaliisu.ee\/wp-content\/uploads\/2017\/04\/tunnistus.jpg 400w\" sizes=\"(max-width: 1080px) 100vw, 400px\" \/><\/span><\/div><div class=\"fusion-clearfix\"><\/div><\/div><\/div><div class=\"fusion-layout-column fusion_builder_column fusion-builder-column-3 fusion_builder_column_1_1 1_1 fusion-one-full fusion-column-first fusion-column-last\" style=\"--awb-bg-size:cover;\"><div class=\"fusion-column-wrapper fusion-column-has-shadow fusion-flex-column-wrapper-legacy\"><div class=\"fusion-text fusion-text-2\"><p>Versandkosten nach Lettland:<\/p>\n<ul>\n<li>DPD Paketshop &#8211; 6 \u20ac;<\/li>\n<li>Omniva Packstation &#8211; 9 \u20ac;<\/li>\n<\/ul>\n<p>Versandkosten nach Litauen:<\/p>\n<ul>\n<li>DPD Paketshop &#8211; 7 \u20ac;<\/li>\n<li>Omniva Packstation &#8211; 10 \u20ac;<\/li>\n<\/ul>\n<p>Versandkosten nach Finnland:<\/p>\n<ul>\n<li>Itella SmartPOST -13 \u20ac;<\/li>\n<\/ul>\n<p>Weitere Versandkosten:<\/p>\n<p>Omniva Kurier:<\/p>\n<ul>\n<li>\n<p id=\"tw-target-text\" class=\"tw-data-text tw-text-large tw-ta\" dir=\"ltr\" data-placeholder=\"Translation\"><span class=\"Y2IQFc\" lang=\"de\">\u00d6sterreich, Belgien &#8211; 24\u20ac<\/span><\/p>\n<\/li>\n<li>\n<p id=\"tw-target-text\" class=\"tw-data-text tw-text-large tw-ta\" dir=\"ltr\" data-placeholder=\"Translation\"><span class=\"Y2IQFc\" lang=\"de\">Bulgarien, Niederlande, Kroatien, Italien, Luxemburg, Norwegen, Polen, Portugal, Frankreich, Schweden, Deutschland, Slowakei, Slowenien, D\u00e4nemark, Tschechische Republik, Ungarn \u2013 25 \u20ac<\/span><\/p>\n<\/li>\n<li>\n<p id=\"tw-target-text\" class=\"tw-data-text tw-text-large tw-ta\" dir=\"ltr\" data-placeholder=\"Translation\"><span class=\"Y2IQFc\" lang=\"de\">Georgien, Spanien, Irland, Griechenland, Zypern, Moldawien, Rum\u00e4nien, Gro\u00dfbritannien, Schweiz, Ukraine \u2013 30 \u20ac<\/span><\/p>\n<\/li>\n<li>\n<p id=\"tw-target-text\" class=\"tw-data-text tw-text-large tw-ta\" dir=\"ltr\" data-placeholder=\"Translation\"><span class=\"Y2IQFc\" lang=\"de\">Insel, Malta \u2013 35 \u20ac<\/span><\/p>\n<\/li>\n<li>\n<p id=\"tw-target-text\" class=\"tw-data-text tw-text-large tw-ta\" dir=\"ltr\" data-placeholder=\"Translation\"><span class=\"Y2IQFc\" lang=\"de\">Kanada \u2013 50 \u20ac<\/span><\/p>\n<\/li>\n<li>\n<p id=\"tw-target-text\" class=\"tw-data-text tw-text-large tw-ta\" dir=\"ltr\" data-placeholder=\"Translation\"><span class=\"Y2IQFc\" lang=\"de\">Japan \u2013 55 \u20ac<\/span><\/p>\n<\/li>\n<li>\n<p id=\"tw-target-text\" class=\"tw-data-text tw-text-large tw-ta\" dir=\"ltr\" data-placeholder=\"Translation\"><span class=\"Y2IQFc\" lang=\"de\">Vereinigte Staaten \u2013 40 \u20ac<\/span><\/p>\n<\/li>\n<\/ul>\n<p>DPD Kurier:<\/p>\n<ul>\n<li>Lettland, Litauen &#8211; 9\u20ac<\/li>\n<li>Finnland, Schweden &#8211; 18\u20ac<\/li>\n<li>D\u00e4nemark, Polen, Slowakei, Tschechien, Ungarn &#8211; 22\u20ac<\/li>\n<li>Niederlande, Deutschland, Belgien, Luxemburg, Slowenien &#8211; 24\u20ac<\/li>\n<li>\u00d6sterreich, Irland, Italien, Spanien, Vereinigtes K\u00f6nigreich &#8211; 30\u20ac<\/li>\n<li>Bulgarien, Kroatien, Griechenland, Frankreich, Portugal, Rum\u00e4nien &#8211; 35\u20ac<\/li>\n<li>Norwegen, Schweiz &#8211; 50\u20ac<\/li>\n<\/ul>\n<\/div><div class=\"fusion-clearfix\"><\/div><\/div><\/div><div class=\"fusion-layout-column fusion_builder_column fusion-builder-column-4 fusion_builder_column_1_1 1_1 fusion-one-full fusion-column-first fusion-column-last\" style=\"--awb-bg-size:cover;\"><div class=\"fusion-column-wrapper fusion-flex-column-wrapper-legacy\"><div class=\"fusion-text fusion-text-3\" style=\"--awb-text-transform:none;\"><p><strong>Die Bestellung<\/strong><\/p>\n<p>F\u00fcr die Bestellung m\u00fcssen die gew\u00fcnschten Artikel in den Warenkorb gelegt werden. Die ben\u00f6tigten Felder des Bestellformulars m\u00fcssen ausgef\u00fcllt werden und eine Lieferart muss ausgew\u00e4hlt werden. Anschlie\u00dfend wird der Gesamtbetrag angezeigt, welcher \u00fcber folgende Bezahlmethoden sicher beglichen werden kann:<\/p>\n<ul>\n<li>Estnische Banken mit Banklink: Swedbank, SEB, Luminor, LHV, Coop Pank, Citadele;<\/li>\n<li>Kartenzahlung per Visa\/Mastercard;<\/li>\n<li>Finnische Banken mit Banklink: OP;<\/li>\n<li>Lettische Banken mit Banklink: Swedbank, SEB, Citadele, Luminor;<\/li>\n<li>Littauische Banken mit Banklink: Swedbank, SEB, Luminor, \u0160iauli\u0173 Bankas, Medicinos Bankas und Citadele;<\/li>\n<li>Per Bank\u00fcberweisung.<\/li>\n<\/ul>\n<p>Wichtig! Bei Bezahlung per Banklink, auf jeden Fall auf der Homepage der Bank den Button \u201eZur\u00fcck zum H\u00e4ndler\u201c dr\u00fccken.<\/p>\n<p>Alle Preise f\u00fcr die Produkte im Webshop sind in Euro angegeben. Bezahlungen werden ebenfalls nur in Euro (\u20ac) entgegengenommen.<\/p>\n<p>Die Zahlungen werden abgewickelt durch Montonio Finance UAB. Die Zahlung findet ausserhalb vom Webshop in einer sicheren Umgebung statt. Die Zahlung per Banklink findet in der sicheren Umgebung der entsprechenden Bank beziehungsweise die Zahlung mit Kreditkarte findet in der sicheren Umgebung von Stripe Payments Europe, Limited statt. Der Verk\u00e4ufer hat keinen Zugang zu den Bank- und Kreditkartendaten des K\u00e4ufers.<\/p>\n<p>Der Inhaber des Webshops ist verantwortlich f\u00fcr die Verarbeitung der personenbezogenen Daten und \u00fcbermittelt f\u00fcr die Zahlung notwendigen personenbezogenen Daten an ihren Vertragspartner Montonio Finance UAB.<\/p>\n<p>Die Bestellung ist g\u00fcltig sobald die Summe auf dem Konto des Onlineshops eingegangen ist.<\/p>\n<p>Sollten die bestellten Produkte nicht mehr verf\u00fcgbar sein, wird der Kunde schnellstm\u00f6glich benachrichtigt. Das bezahlte Geld (inklusive Versandkosten) wird unverz\u00fcglich erstattet, aber nicht sp\u00e4ter als 2 Arbeitstage nach der Mitteilung.<\/p>\n<p><strong>Lieferung<\/strong><\/p>\n<p>Die Lieferung erfolgt in folgende Staaten: Mitgliedsstaaten der Europ\u00e4ischen Union und Island, Japan, Kanada, Norwegen, Russland, Schweiz, Vereinigte Staaten (USA).<\/p>\n<p>Der K\u00e4ufer tr\u00e4gt die Versandkosten. Die Preise werden bei den verschiedenen Lieferoptionen angezeigt.<\/p>\n<p>Innerhalb Estlands erreicht die Lieferung den Lieferort in 3-14 Werktagen nachdem die Bestellung g\u00fcltig geworden ist. Au\u00dferhalb Estlands findet die Lieferung innerhalb 21 Kalendertagen statt.<\/p>\n<p>In Ausnahmef\u00e4lle kann die Lieferung auch bis zu 45 Kalendertage dauern.<\/p>\n<p><strong>Widerrufsrecht<\/strong><\/p>\n<p>Nach dem Erhalt der Ware hat der Kunde das Recht innerhalb 14 Tagen den Kaufvertrag aus dem Onlineshop zu widerrufen.<\/p>\n<p>Widerrufsrecht ist nicht g\u00fcltig, wenn der K\u00e4ufer eine juristische Person ist.<\/p>\n<p>Um vom Widerrufsrecht Gebrauch zu machen, darf die Ware nicht benutzt worden sein au\u00dfer in einer Weise, die n\u00f6tig ist, um sich von der Beschaffenheit und Eigenschaften der Ware zu \u00fcberzeugen, wie es auch in einem Laden gestattet w\u00e4re.<\/p>\n<p>Sollte die Ware benutzt worden sein in einer anderen Weise, als um sich von der Beschaffenheit und Eigenschaften zu \u00fcberzeugen oder die Ware weist Zeichen von Benutzung oder Verschlei\u00df auf, hat der Onlineshop das Recht die Erstattung entsprechend dem Wertverlust zu reduzieren.<\/p>\n<p>F\u00fcr die Retoure muss der <a href=\"https:\/\/longaliisu.ee\/wp-content\/uploads\/2019\/05\/taganemise-avaldus-de.pdf\" target=\"_blank\" rel=\"noopener noreferrer\">Antrag f\u00fcr Widerruf<\/a> ausgef\u00fcllt werden und per Mail an ylle@longaliisu.ee gesendet werden, sp\u00e4testens 14 Tage nach Erhalt der Ware.<\/p>\n<p>Die Kosten f\u00fcr die Retoure \u00fcbernimmt der K\u00e4ufer, au\u00dfer der Grund f\u00fcr die Retoure ist dass die Artikel nicht der Bestellung entsprechen (z.B. falscher Artikel oder besch\u00e4digter Artikel).<\/p>\n<p>Der K\u00e4ufer muss die Ware innerhalb von 14 Tagen nach dem Antrag auf Widerruf versenden oder einen Nachweis pr\u00e4sentieren, dass er die Ware in diesem Zeitraum an dem Versandunternehmen \u00fcbergeben hat.<\/p>\n<p>Der Onlineshop erstattet den Bestellwert nach Erhalt der zur\u00fcckgeschickten Ware unverz\u00fcglich, sp\u00e4testens jedoch innerhalb von 14 Tagen nach dem Erhalt des Antrags. Wenn nur ein Teil der Bestellung zur\u00fcckgeschickt wird, werden die Versandkosten anteilig nach der Zahl der zur\u00fcckgeschickten Artikel erstattet.<\/p>\n<p>Der Onlineshop darf die Erstattung verweigern solange er die Retoure nicht erhalten hat oder bis der K\u00e4ufer einen Nachweis pr\u00e4sentiert, dass er die Ware zur\u00fcckgeschickt hat, je nach dem was zuerst zutrifft.<\/p>\n<p>Sollte der K\u00e4ufer im Onlineshop statt der g\u00fcnstigen Standard Versandart eine andere Versandart gew\u00e4hlt haben, muss der Onlineshop die Kosten, die den Standard Versandart \u00fcberschreiten, nicht erstatten.<\/p>\n<p>Der Onlineshop hat das Recht vom Kaufvertrag zur\u00fcckzutreten und die Ware zur\u00fcckzuverlangen, wenn der Preis der Ware im Onlineshop versehentlich deutlich niedriger ausgezeichnet worden ist als der tats\u00e4chliche Preis.<\/p>\n<p><strong>Recht auf Reklamationen<\/strong><\/p>\n<p>Der Onlineshop \u00fcbernimmt die Haftung, wenn die verkaufte Ware nicht den Bedingungen der Bestellung entspricht oder M\u00e4ngel aufweist, die bereits bei der \u00dcbergabe der Ware vorhanden waren oder innerhalb von 2 Jahren auftreten ab dem Kauf. Davon innerhalb 1 jahr nach der \u00dcbergabe der Ware wird angenommen, dass die M\u00e4ngel bereits vorhanden waren w\u00e4hrend der \u00dcbergabe. Diese Annahme zu wiederlegen ist Pflicht des Onlineshops.<\/p>\n<p>Der K\u00e4ufer hat das Recht beim Auftreten von M\u00e4ngeln sich sp\u00e4testens innerhalb von 2 Monaten an den Onlineshop zu wenden, indem er eine E-Mail an ylle@longaliisu.ee schickt oder unter +372 512 1214 anruft.<\/p>\n<p>Der Onlineshop \u00fcbernimmt keine Haftung f\u00fcr M\u00e4ngel die aufgetreten sind nachdem die Ware an den K\u00e4ufer \u00fcberreicht worden ist.<\/p>\n<p>Sollte die Ware, die im Onlineshop gekauft worden ist, M\u00e4ngel aufweisen, wof\u00fcr der Onlineshop haftet, dann repariert oder ersetzt der Onlineshop die mangelhafte Ware. Sollte es nicht m\u00f6glich sein die Ware zu reparieren oder zu ersetzen, dann erstattet der Onlineshop dem K\u00e4ufer alle Kosten, die mit der Bestellung entstanden sind.<\/p>\n<p>Der Onlineshop beantwortet die Reklamationen schriftlich innerhalb von 15 Tagen.<\/p>\n<p><strong>Verarbeitung von personenbezogenen Daten<\/strong><\/p>\n<p>Der Onlineshop nutzt die angegebenen personenbezogenen Daten (darunter Name, Telefonnummer, Adresse, E-Mail Adresse, Kontodaten) nur um die Bestellung zu bearbeiten und die Ware zu verschicken. Der Onlineshop \u00fcbermittelt die n\u00f6tigen personenbezogenen Daten an das Lieferunternehmen, um die Ware zu verschicken.<\/p>\n<p><strong>L\u00f6sung von Streitigkeiten<\/strong><\/p>\n<p>Sollte der K\u00e4ufer Beschwerden bez\u00fcglich des Onlineshops haben, dann muss er entweder eine E-Mail an ylle@longaliisu.ee schicken oder unter der Telefonnummer +372 512 1214 anrufen.<\/p>\n<p>Sollten der K\u00e4ufer und der Onlineshop die Streitigkeiten nicht durch eine Vereinbarung l\u00f6sen k\u00f6nnen, dann kann der K\u00e4ufer sich an die Verbraucherschutz-Kommission wenden. Die Bedingungen f\u00fcr einen Antrag k\u00f6nnen Online auf der <a href=\"https:\/\/komisjon.ee\/et\" target=\"_blank\" rel=\"noopener noreferrer\">Homepage der Verbraucherschutz Kommission<\/a> eingesehen werden.<\/p>\n<p>Die Verbraucherschutz-Kommission ist zust\u00e4ndig f\u00fcr die L\u00f6sung von Streitigkeiten, die zwischen dem K\u00e4ufer und dem Onlineshop entstehen k\u00f6nnen. Die Bearbeitung eines Antrags ist kostenlos.<\/p>\n<p>Der K\u00e4ufer kann <a href=\"https:\/\/ec.europa.eu\/consumers\/odr\/main\/index.cfm?event=main.home.chooseLanguage\" target=\"_blank\" rel=\"noopener noreferrer\">das Amt f\u00fcr Verbraucherschutz bei der Europ\u00e4ischen Union<\/a> kontaktieren.<\/p>\n<\/div><div class=\"fusion-clearfix\"><\/div><\/div><\/div><\/div><\/div>\n","protected":false},"excerpt":{"rendered":"","protected":false},"author":5,"featured_media":0,"parent":0,"menu_order":0,"comment_status":"closed","ping_status":"closed","template":"","meta":{"footnotes":""},"class_list":["post-4095","page","type-page","status-publish","hentry"],"yoast_head":"<!-- This site is optimized with the Yoast SEO plugin v27.3 - https:\/\/yoast.com\/product\/yoast-seo-wordpress\/ -->\n<title>Impressum &amp; AGB - L\u00f5nga Liisu<\/title>\n<meta name=\"robots\" content=\"index, follow, max-snippet:-1, max-image-preview:large, max-video-preview:-1\" \/>\n<link rel=\"canonical\" href=\"https:\/\/longaliisu.ee\/de\/impressum-agb\/\" \/>\n<meta property=\"og:locale\" content=\"de_DE\" \/>\n<meta property=\"og:type\" content=\"article\" \/>\n<meta property=\"og:title\" content=\"Impressum &amp; AGB - L\u00f5nga Liisu\" \/>\n<meta property=\"og:url\" content=\"https:\/\/longaliisu.ee\/de\/impressum-agb\/\" \/>\n<meta property=\"og:site_name\" content=\"L\u00f5nga Liisu\" \/>\n<meta property=\"article:modified_time\" content=\"2025-03-26T08:29:20+00:00\" \/>\n<meta name=\"twitter:card\" content=\"summary_large_image\" \/>\n<meta name=\"twitter:label1\" content=\"Gesch\u00e4tzte Lesezeit\" \/>\n\t<meta name=\"twitter:data1\" content=\"7\u00a0Minuten\" \/>\n<script type=\"application\/ld+json\" class=\"yoast-schema-graph\">{\"@context\":\"https:\\\/\\\/schema.org\",\"@graph\":[{\"@type\":\"WebPage\",\"@id\":\"https:\\\/\\\/longaliisu.ee\\\/de\\\/impressum-agb\\\/\",\"url\":\"https:\\\/\\\/longaliisu.ee\\\/de\\\/impressum-agb\\\/\",\"name\":\"Impressum & AGB - L\u00f5nga Liisu\",\"isPartOf\":{\"@id\":\"https:\\\/\\\/longaliisu.ee\\\/#website\"},\"datePublished\":\"2017-04-21T14:51:40+00:00\",\"dateModified\":\"2025-03-26T08:29:20+00:00\",\"breadcrumb\":{\"@id\":\"https:\\\/\\\/longaliisu.ee\\\/de\\\/impressum-agb\\\/#breadcrumb\"},\"inLanguage\":\"de\",\"potentialAction\":[{\"@type\":\"ReadAction\",\"target\":[\"https:\\\/\\\/longaliisu.ee\\\/de\\\/impressum-agb\\\/\"]}]},{\"@type\":\"BreadcrumbList\",\"@id\":\"https:\\\/\\\/longaliisu.ee\\\/de\\\/impressum-agb\\\/#breadcrumb\",\"itemListElement\":[{\"@type\":\"ListItem\",\"position\":1,\"name\":\"Home\",\"item\":\"https:\\\/\\\/longaliisu.ee\\\/de\\\/\"},{\"@type\":\"ListItem\",\"position\":2,\"name\":\"Impressum &#038; AGB\"}]},{\"@type\":\"WebSite\",\"@id\":\"https:\\\/\\\/longaliisu.ee\\\/#website\",\"url\":\"https:\\\/\\\/longaliisu.ee\\\/\",\"name\":\"L\u00f5nga Liisu\",\"description\":\"L\u00f5nga Liisu k\u00e4sit\u00f6\u00f6 ja kudumid\",\"potentialAction\":[{\"@type\":\"SearchAction\",\"target\":{\"@type\":\"EntryPoint\",\"urlTemplate\":\"https:\\\/\\\/longaliisu.ee\\\/?s={search_term_string}\"},\"query-input\":{\"@type\":\"PropertyValueSpecification\",\"valueRequired\":true,\"valueName\":\"search_term_string\"}}],\"inLanguage\":\"de\"}]}<\/script>\n<!-- \/ Yoast SEO plugin. -->","yoast_head_json":{"title":"Impressum & AGB - L\u00f5nga Liisu","robots":{"index":"index","follow":"follow","max-snippet":"max-snippet:-1","max-image-preview":"max-image-preview:large","max-video-preview":"max-video-preview:-1"},"canonical":"https:\/\/longaliisu.ee\/de\/impressum-agb\/","og_locale":"de_DE","og_type":"article","og_title":"Impressum & AGB - L\u00f5nga Liisu","og_url":"https:\/\/longaliisu.ee\/de\/impressum-agb\/","og_site_name":"L\u00f5nga Liisu","article_modified_time":"2025-03-26T08:29:20+00:00","twitter_card":"summary_large_image","twitter_misc":{"Gesch\u00e4tzte Lesezeit":"7\u00a0Minuten"},"schema":{"@context":"https:\/\/schema.org","@graph":[{"@type":"WebPage","@id":"https:\/\/longaliisu.ee\/de\/impressum-agb\/","url":"https:\/\/longaliisu.ee\/de\/impressum-agb\/","name":"Impressum & AGB - L\u00f5nga Liisu","isPartOf":{"@id":"https:\/\/longaliisu.ee\/#website"},"datePublished":"2017-04-21T14:51:40+00:00","dateModified":"2025-03-26T08:29:20+00:00","breadcrumb":{"@id":"https:\/\/longaliisu.ee\/de\/impressum-agb\/#breadcrumb"},"inLanguage":"de","potentialAction":[{"@type":"ReadAction","target":["https:\/\/longaliisu.ee\/de\/impressum-agb\/"]}]},{"@type":"BreadcrumbList","@id":"https:\/\/longaliisu.ee\/de\/impressum-agb\/#breadcrumb","itemListElement":[{"@type":"ListItem","position":1,"name":"Home","item":"https:\/\/longaliisu.ee\/de\/"},{"@type":"ListItem","position":2,"name":"Impressum &#038; AGB"}]},{"@type":"WebSite","@id":"https:\/\/longaliisu.ee\/#website","url":"https:\/\/longaliisu.ee\/","name":"L\u00f5nga Liisu","description":"L\u00f5nga Liisu k\u00e4sit\u00f6\u00f6 ja kudumid","potentialAction":[{"@type":"SearchAction","target":{"@type":"EntryPoint","urlTemplate":"https:\/\/longaliisu.ee\/?s={search_term_string}"},"query-input":{"@type":"PropertyValueSpecification","valueRequired":true,"valueName":"search_term_string"}}],"inLanguage":"de"}]}},"_links":{"self":[{"href":"https:\/\/longaliisu.ee\/de\/wp-json\/wp\/v2\/pages\/4095","targetHints":{"allow":["GET"]}}],"collection":[{"href":"https:\/\/longaliisu.ee\/de\/wp-json\/wp\/v2\/pages"}],"about":[{"href":"https:\/\/longaliisu.ee\/de\/wp-json\/wp\/v2\/types\/page"}],"author":[{"embeddable":true,"href":"https:\/\/longaliisu.ee\/de\/wp-json\/wp\/v2\/users\/5"}],"replies":[{"embeddable":true,"href":"https:\/\/longaliisu.ee\/de\/wp-json\/wp\/v2\/comments?post=4095"}],"version-history":[{"count":23,"href":"https:\/\/longaliisu.ee\/de\/wp-json\/wp\/v2\/pages\/4095\/revisions"}],"predecessor-version":[{"id":10386,"href":"https:\/\/longaliisu.ee\/de\/wp-json\/wp\/v2\/pages\/4095\/revisions\/10386"}],"wp:attachment":[{"href":"https:\/\/longaliisu.ee\/de\/wp-json\/wp\/v2\/media?parent=4095"}],"curies":[{"name":"wp","href":"https:\/\/api.w.org\/{rel}","templated":true}]}}