{"id":4080,"date":"2018-03-17T11:37:27","date_gmt":"2018-03-17T09:37:27","guid":{"rendered":"https:\/\/longaliisu.ee\/?page_id=4080"},"modified":"2023-03-02T10:18:26","modified_gmt":"2023-03-02T08:18:26","slug":"longa-liisu-handarbeit","status":"publish","type":"page","link":"https:\/\/longaliisu.ee\/de\/longa-liisu-handarbeit\/","title":{"rendered":"L\u00f5nga Liisu Handarbeit"},"content":{"rendered":"<p><div class=\"fusion-fullwidth fullwidth-box fusion-builder-row-1 nonhundred-percent-fullwidth non-hundred-percent-height-scrolling\" style=\"--awb-border-radius-top-left:0px;--awb-border-radius-top-right:0px;--awb-border-radius-bottom-right:0px;--awb-border-radius-bottom-left:0px;--awb-flex-wrap:wrap;\" ><div class=\"fusion-builder-row fusion-row\"><div class=\"fusion-layout-column fusion_builder_column fusion-builder-column-0 fusion_builder_column_1_1 1_1 fusion-one-full fusion-column-first fusion-column-last\" style=\"--awb-bg-size:cover;\"><div class=\"fusion-column-wrapper fusion-flex-column-wrapper-legacy\"><div class=\"fusion-title title fusion-title-1 fusion-title-center fusion-title-text fusion-title-size-one\" style=\"--awb-margin-top-small:0px;--awb-margin-right-small:0px;--awb-margin-bottom-small:20px;--awb-margin-left-small:0px;\"><div class=\"title-sep-container title-sep-container-left\"><div class=\"title-sep sep-double sep-solid\" style=\"border-color:#009e8f;\"><\/div><\/div><span class=\"awb-title-spacer\"><\/span><h1 class=\"fusion-title-heading title-heading-center fusion-responsive-typography-calculated\" style=\"margin:0;--fontSize:42;line-height:1.4;\">L\u00f5nga Liisu Handarbeit<\/h1><span class=\"awb-title-spacer\"><\/span><div class=\"title-sep-container title-sep-container-right\"><div class=\"title-sep sep-double sep-solid\" style=\"border-color:#009e8f;\"><\/div><\/div><\/div><div class=\"fusion-clearfix\"><\/div><\/div><\/div><\/div><\/div><div class=\"fusion-fullwidth fullwidth-box fusion-builder-row-2 nonhundred-percent-fullwidth non-hundred-percent-height-scrolling\" style=\"--awb-border-radius-top-left:0px;--awb-border-radius-top-right:0px;--awb-border-radius-bottom-right:0px;--awb-border-radius-bottom-left:0px;--awb-margin-bottom:0px;--awb-flex-wrap:wrap;\" ><div class=\"fusion-builder-row fusion-row\"><div class=\"fusion-layout-column fusion_builder_column fusion-builder-column-1 fusion_builder_column_1_3 1_3 fusion-one-third fusion-column-first\" style=\"--awb-bg-size:cover;--awb-margin-bottom:0px;width:33.333333333333%;width:calc(33.333333333333% - ( ( 4% ) * 0.33333333333333 ) );margin-right: 4%;\"><div class=\"fusion-column-wrapper fusion-flex-column-wrapper-legacy\"><div class=\"fusion-text fusion-text-1\"><p>O\u00dc L\u00f5nga Liisu befindet sich im Kreis L\u00e4\u00e4ne-Viru, in der N\u00e4he von Rakvere in Pajusti am Rande des uralten Eichenhains, im zweiten Stock des Klubhauses. Da sind unsere Arbeitsr\u00e4ume und der Verkaufsraum f\u00fcr Beispielexemplare.<\/p>\n<p>Wir sind t\u00e4tig seit dem Jahr 2000. Im Moment sind wir Arbeitgeber f\u00fcr 8 einheimischen Frauen (Weberinnen und N\u00e4herinnen). Wir designen alle unsere Produkte selbst und entwickeln laufend neue Stilrichtungen.<\/p>\n<p>Wir haben unsere Produkte in vielen L\u00e4ndern verkauft: Estland, Amerika, \u00d6sterreich, Niederlande, Schweden, Deutschland, Norwegen, Russland, Finnland, Lettland, Litauen. Zurzeit liefern wir haupts\u00e4chlich nach Amerika.<\/p>\n<\/div><div class=\"fusion-text fusion-text-2\"><p>Seit dem Jahr 2000 haben wir am L\u00fcbecker Weihnachtsmarkt in Deutschland teilgenommen. Das ist der \u00e4lteste Markt dieser Art in Europa. Im Jahr 2012 haben wir begonnen am L\u00fcneburger Weihnachtsmarkt teilzunehmen.<\/p>\n<p>In Estland beteiligen wir uns haupts\u00e4chlich an den M\u00e4rkten auf dem Rathausplatz in Tallinn (z.B. Mittelaltermarkt); im November am Martinsmarkt.<\/p>\n<p>Die Produkte von L\u00f5nga Liisu kann man direkt in unserem Verkaufsraum erwerben, ebenso kann man sie das ganze Jahr \u00fcber in unserem Onlineshop bestellen.<\/p>\n<\/div><div class=\"fusion-clearfix\"><\/div><\/div><\/div><div class=\"fusion-layout-column fusion_builder_column fusion-builder-column-2 fusion_builder_column_2_3 2_3 fusion-two-third fusion-column-last\" style=\"--awb-bg-size:cover;width:66.666666666667%;width:calc(66.666666666667% - ( ( 4% ) * 0.66666666666667 ) );\"><div class=\"fusion-column-wrapper fusion-column-has-shadow fusion-flex-column-wrapper-legacy\"><div class=\"awb-gallery-wrapper awb-gallery-wrapper-1 button-span-no\" style=\"--more-btn-alignment:center;\"><div style=\"margin:-5px;--awb-bordersize:0px;\" class=\"fusion-gallery fusion-gallery-container fusion-grid-2 fusion-columns-total-4 fusion-gallery-layout-grid fusion-gallery-1\"><div style=\"padding:5px;\" class=\"fusion-grid-column fusion-gallery-column fusion-gallery-column-2 hover-type-none\"><div class=\"fusion-gallery-image\"><a href=\"https:\/\/longaliisu.ee\/wp-content\/uploads\/2017\/05\/DSC_0608.jpg\" rel=\"noreferrer\" data-rel=\"iLightbox[gallery_image_1]\" class=\"fusion-lightbox\" target=\"_self\"><img decoding=\"async\" src=\"https:\/\/longaliisu.ee\/wp-content\/uploads\/2017\/05\/DSC_0608.jpg\" width=\"922\" height=\"614\" alt=\"\" title=\"DSC_0608\" aria-label=\"DSC_0608\" class=\"img-responsive wp-image-2889\" srcset=\"https:\/\/longaliisu.ee\/wp-content\/uploads\/2017\/05\/DSC_0608-200x133.jpg 200w, https:\/\/longaliisu.ee\/wp-content\/uploads\/2017\/05\/DSC_0608-400x266.jpg 400w, https:\/\/longaliisu.ee\/wp-content\/uploads\/2017\/05\/DSC_0608-600x400.jpg 600w, https:\/\/longaliisu.ee\/wp-content\/uploads\/2017\/05\/DSC_0608-800x533.jpg 800w, https:\/\/longaliisu.ee\/wp-content\/uploads\/2017\/05\/DSC_0608.jpg 922w\" sizes=\"(min-width: 2200px) 100vw, (min-width: 992px) 548px, (min-width: 920px) 992px, \" \/><\/a><\/div><\/div><div style=\"padding:5px;\" class=\"fusion-grid-column fusion-gallery-column fusion-gallery-column-2 hover-type-none\"><div class=\"fusion-gallery-image\"><a href=\"https:\/\/longaliisu.ee\/wp-content\/uploads\/2017\/05\/DSC0650.jpg\" rel=\"noreferrer\" data-rel=\"iLightbox[gallery_image_1]\" class=\"fusion-lightbox\" target=\"_self\"><img decoding=\"async\" src=\"https:\/\/longaliisu.ee\/wp-content\/uploads\/2017\/05\/DSC0650.jpg\" width=\"922\" height=\"614\" alt=\"\" title=\"_DSC0650\" aria-label=\"_DSC0650\" class=\"img-responsive wp-image-2887\" srcset=\"https:\/\/longaliisu.ee\/wp-content\/uploads\/2017\/05\/DSC0650-200x133.jpg 200w, https:\/\/longaliisu.ee\/wp-content\/uploads\/2017\/05\/DSC0650-400x266.jpg 400w, https:\/\/longaliisu.ee\/wp-content\/uploads\/2017\/05\/DSC0650-600x400.jpg 600w, https:\/\/longaliisu.ee\/wp-content\/uploads\/2017\/05\/DSC0650-800x533.jpg 800w, https:\/\/longaliisu.ee\/wp-content\/uploads\/2017\/05\/DSC0650.jpg 922w\" sizes=\"(min-width: 2200px) 100vw, (min-width: 992px) 548px, (min-width: 920px) 992px, \" \/><\/a><\/div><\/div><div class=\"clearfix\"><\/div><div style=\"padding:5px;\" class=\"fusion-grid-column fusion-gallery-column fusion-gallery-column-2 hover-type-none\"><div class=\"fusion-gallery-image\"><a href=\"https:\/\/longaliisu.ee\/wp-content\/uploads\/2017\/05\/DSC0641.jpg\" rel=\"noreferrer\" data-rel=\"iLightbox[gallery_image_1]\" class=\"fusion-lightbox\" target=\"_self\"><img decoding=\"async\" src=\"https:\/\/longaliisu.ee\/wp-content\/uploads\/2017\/05\/DSC0641.jpg\" width=\"922\" height=\"614\" alt=\"\" title=\"_DSC0641\" aria-label=\"_DSC0641\" class=\"img-responsive wp-image-2885\" srcset=\"https:\/\/longaliisu.ee\/wp-content\/uploads\/2017\/05\/DSC0641-200x133.jpg 200w, https:\/\/longaliisu.ee\/wp-content\/uploads\/2017\/05\/DSC0641-400x266.jpg 400w, https:\/\/longaliisu.ee\/wp-content\/uploads\/2017\/05\/DSC0641-600x400.jpg 600w, https:\/\/longaliisu.ee\/wp-content\/uploads\/2017\/05\/DSC0641-800x533.jpg 800w, https:\/\/longaliisu.ee\/wp-content\/uploads\/2017\/05\/DSC0641.jpg 922w\" sizes=\"(min-width: 2200px) 100vw, (min-width: 992px) 548px, (min-width: 920px) 992px, \" \/><\/a><\/div><\/div><div style=\"padding:5px;\" class=\"fusion-grid-column fusion-gallery-column fusion-gallery-column-2 hover-type-none\"><div class=\"fusion-gallery-image\"><a href=\"https:\/\/longaliisu.ee\/wp-content\/uploads\/2017\/05\/DSC0639.jpg\" rel=\"noreferrer\" data-rel=\"iLightbox[gallery_image_1]\" class=\"fusion-lightbox\" target=\"_self\"><img decoding=\"async\" src=\"https:\/\/longaliisu.ee\/wp-content\/uploads\/2017\/05\/DSC0639.jpg\" width=\"922\" height=\"614\" alt=\"\" title=\"_DSC0639\" aria-label=\"_DSC0639\" class=\"img-responsive wp-image-2883\" srcset=\"https:\/\/longaliisu.ee\/wp-content\/uploads\/2017\/05\/DSC0639-200x133.jpg 200w, https:\/\/longaliisu.ee\/wp-content\/uploads\/2017\/05\/DSC0639-400x266.jpg 400w, https:\/\/longaliisu.ee\/wp-content\/uploads\/2017\/05\/DSC0639-600x400.jpg 600w, https:\/\/longaliisu.ee\/wp-content\/uploads\/2017\/05\/DSC0639-800x533.jpg 800w, https:\/\/longaliisu.ee\/wp-content\/uploads\/2017\/05\/DSC0639.jpg 922w\" sizes=\"(min-width: 2200px) 100vw, (min-width: 992px) 548px, (min-width: 920px) 992px, \" \/><\/a><\/div><\/div><div class=\"clearfix\"><\/div><\/div><\/div><div class=\"fusion-clearfix\"><\/div><\/div><\/div><\/div><\/div><\/p>\n","protected":false},"excerpt":{"rendered":"","protected":false},"author":5,"featured_media":0,"parent":0,"menu_order":0,"comment_status":"closed","ping_status":"closed","template":"","meta":{"footnotes":""},"class_list":["post-4080","page","type-page","status-publish","hentry"],"yoast_head":"<!-- This site is optimized with the Yoast SEO plugin v27.3 - https:\/\/yoast.com\/product\/yoast-seo-wordpress\/ -->\n<title>L\u00f5nga Liisu Handarbeit und Strickwaren | \u00dcber uns<\/title>\n<meta name=\"description\" content=\"O\u00dc L\u00f5nga Liisu fertigt Handarbeit seit 20 Jahren an. Unsere Strickwaren sind bekannt in Amerika, Deutschland und Finnland. Erfahre mehr!\" \/>\n<meta name=\"robots\" content=\"index, follow, max-snippet:-1, max-image-preview:large, max-video-preview:-1\" \/>\n<link rel=\"canonical\" href=\"https:\/\/longaliisu.ee\/de\/longa-liisu-handarbeit\/\" \/>\n<meta property=\"og:locale\" content=\"de_DE\" \/>\n<meta property=\"og:type\" content=\"article\" \/>\n<meta property=\"og:title\" content=\"L\u00f5nga Liisu Handarbeit und Strickwaren | \u00dcber uns\" \/>\n<meta property=\"og:description\" content=\"O\u00dc L\u00f5nga Liisu fertigt Handarbeit seit 20 Jahren an. Unsere Strickwaren sind bekannt in Amerika, Deutschland und Finnland. Erfahre mehr!\" \/>\n<meta property=\"og:url\" content=\"https:\/\/longaliisu.ee\/de\/longa-liisu-handarbeit\/\" \/>\n<meta property=\"og:site_name\" content=\"L\u00f5nga Liisu\" \/>\n<meta property=\"article:modified_time\" content=\"2023-03-02T08:18:26+00:00\" \/>\n<meta name=\"twitter:card\" content=\"summary_large_image\" \/>\n<meta name=\"twitter:label1\" content=\"Gesch\u00e4tzte Lesezeit\" \/>\n\t<meta name=\"twitter:data1\" content=\"3\u00a0Minuten\" \/>\n<script type=\"application\/ld+json\" class=\"yoast-schema-graph\">{\"@context\":\"https:\\\/\\\/schema.org\",\"@graph\":[{\"@type\":\"WebPage\",\"@id\":\"https:\\\/\\\/longaliisu.ee\\\/de\\\/longa-liisu-handarbeit\\\/\",\"url\":\"https:\\\/\\\/longaliisu.ee\\\/de\\\/longa-liisu-handarbeit\\\/\",\"name\":\"L\u00f5nga Liisu Handarbeit und Strickwaren | \u00dcber uns\",\"isPartOf\":{\"@id\":\"https:\\\/\\\/longaliisu.ee\\\/#website\"},\"datePublished\":\"2018-03-17T09:37:27+00:00\",\"dateModified\":\"2023-03-02T08:18:26+00:00\",\"description\":\"O\u00dc L\u00f5nga Liisu fertigt Handarbeit seit 20 Jahren an. Unsere Strickwaren sind bekannt in Amerika, Deutschland und Finnland. Erfahre mehr!\",\"breadcrumb\":{\"@id\":\"https:\\\/\\\/longaliisu.ee\\\/de\\\/longa-liisu-handarbeit\\\/#breadcrumb\"},\"inLanguage\":\"de\",\"potentialAction\":[{\"@type\":\"ReadAction\",\"target\":[\"https:\\\/\\\/longaliisu.ee\\\/de\\\/longa-liisu-handarbeit\\\/\"]}]},{\"@type\":\"BreadcrumbList\",\"@id\":\"https:\\\/\\\/longaliisu.ee\\\/de\\\/longa-liisu-handarbeit\\\/#breadcrumb\",\"itemListElement\":[{\"@type\":\"ListItem\",\"position\":1,\"name\":\"Home\",\"item\":\"https:\\\/\\\/longaliisu.ee\\\/de\\\/\"},{\"@type\":\"ListItem\",\"position\":2,\"name\":\"L\u00f5nga Liisu Handarbeit\"}]},{\"@type\":\"WebSite\",\"@id\":\"https:\\\/\\\/longaliisu.ee\\\/#website\",\"url\":\"https:\\\/\\\/longaliisu.ee\\\/\",\"name\":\"L\u00f5nga Liisu\",\"description\":\"L\u00f5nga Liisu k\u00e4sit\u00f6\u00f6 ja kudumid\",\"potentialAction\":[{\"@type\":\"SearchAction\",\"target\":{\"@type\":\"EntryPoint\",\"urlTemplate\":\"https:\\\/\\\/longaliisu.ee\\\/?s={search_term_string}\"},\"query-input\":{\"@type\":\"PropertyValueSpecification\",\"valueRequired\":true,\"valueName\":\"search_term_string\"}}],\"inLanguage\":\"de\"}]}<\/script>\n<!-- \/ Yoast SEO plugin. -->","yoast_head_json":{"title":"L\u00f5nga Liisu Handarbeit und Strickwaren | \u00dcber uns","description":"O\u00dc L\u00f5nga Liisu fertigt Handarbeit seit 20 Jahren an. Unsere Strickwaren sind bekannt in Amerika, Deutschland und Finnland. Erfahre mehr!","robots":{"index":"index","follow":"follow","max-snippet":"max-snippet:-1","max-image-preview":"max-image-preview:large","max-video-preview":"max-video-preview:-1"},"canonical":"https:\/\/longaliisu.ee\/de\/longa-liisu-handarbeit\/","og_locale":"de_DE","og_type":"article","og_title":"L\u00f5nga Liisu Handarbeit und Strickwaren | \u00dcber uns","og_description":"O\u00dc L\u00f5nga Liisu fertigt Handarbeit seit 20 Jahren an. Unsere Strickwaren sind bekannt in Amerika, Deutschland und Finnland. Erfahre mehr!","og_url":"https:\/\/longaliisu.ee\/de\/longa-liisu-handarbeit\/","og_site_name":"L\u00f5nga Liisu","article_modified_time":"2023-03-02T08:18:26+00:00","twitter_card":"summary_large_image","twitter_misc":{"Gesch\u00e4tzte Lesezeit":"3\u00a0Minuten"},"schema":{"@context":"https:\/\/schema.org","@graph":[{"@type":"WebPage","@id":"https:\/\/longaliisu.ee\/de\/longa-liisu-handarbeit\/","url":"https:\/\/longaliisu.ee\/de\/longa-liisu-handarbeit\/","name":"L\u00f5nga Liisu Handarbeit und Strickwaren | \u00dcber uns","isPartOf":{"@id":"https:\/\/longaliisu.ee\/#website"},"datePublished":"2018-03-17T09:37:27+00:00","dateModified":"2023-03-02T08:18:26+00:00","description":"O\u00dc L\u00f5nga Liisu fertigt Handarbeit seit 20 Jahren an. Unsere Strickwaren sind bekannt in Amerika, Deutschland und Finnland. Erfahre mehr!","breadcrumb":{"@id":"https:\/\/longaliisu.ee\/de\/longa-liisu-handarbeit\/#breadcrumb"},"inLanguage":"de","potentialAction":[{"@type":"ReadAction","target":["https:\/\/longaliisu.ee\/de\/longa-liisu-handarbeit\/"]}]},{"@type":"BreadcrumbList","@id":"https:\/\/longaliisu.ee\/de\/longa-liisu-handarbeit\/#breadcrumb","itemListElement":[{"@type":"ListItem","position":1,"name":"Home","item":"https:\/\/longaliisu.ee\/de\/"},{"@type":"ListItem","position":2,"name":"L\u00f5nga Liisu Handarbeit"}]},{"@type":"WebSite","@id":"https:\/\/longaliisu.ee\/#website","url":"https:\/\/longaliisu.ee\/","name":"L\u00f5nga Liisu","description":"L\u00f5nga Liisu k\u00e4sit\u00f6\u00f6 ja kudumid","potentialAction":[{"@type":"SearchAction","target":{"@type":"EntryPoint","urlTemplate":"https:\/\/longaliisu.ee\/?s={search_term_string}"},"query-input":{"@type":"PropertyValueSpecification","valueRequired":true,"valueName":"search_term_string"}}],"inLanguage":"de"}]}},"_links":{"self":[{"href":"https:\/\/longaliisu.ee\/de\/wp-json\/wp\/v2\/pages\/4080","targetHints":{"allow":["GET"]}}],"collection":[{"href":"https:\/\/longaliisu.ee\/de\/wp-json\/wp\/v2\/pages"}],"about":[{"href":"https:\/\/longaliisu.ee\/de\/wp-json\/wp\/v2\/types\/page"}],"author":[{"embeddable":true,"href":"https:\/\/longaliisu.ee\/de\/wp-json\/wp\/v2\/users\/5"}],"replies":[{"embeddable":true,"href":"https:\/\/longaliisu.ee\/de\/wp-json\/wp\/v2\/comments?post=4080"}],"version-history":[{"count":6,"href":"https:\/\/longaliisu.ee\/de\/wp-json\/wp\/v2\/pages\/4080\/revisions"}],"predecessor-version":[{"id":9617,"href":"https:\/\/longaliisu.ee\/de\/wp-json\/wp\/v2\/pages\/4080\/revisions\/9617"}],"wp:attachment":[{"href":"https:\/\/longaliisu.ee\/de\/wp-json\/wp\/v2\/media?parent=4080"}],"curies":[{"name":"wp","href":"https:\/\/api.w.org\/{rel}","templated":true}]}}